{"id":1650,"date":"2023-05-11T06:06:50","date_gmt":"2023-05-11T10:06:50","guid":{"rendered":"https:\/\/mcls.turnbull.co\/?page_id=1650"},"modified":"2023-05-11T06:06:58","modified_gmt":"2023-05-11T10:06:58","slug":"services-aux-aines","status":"publish","type":"page","link":"https:\/\/www.mississaugalegalclinic.ca\/fr\/ressources-communautaires\/services-aux-aines\/","title":{"rendered":"Services aux a\u00een\u00e9s"},"content":{"rendered":"\n<h2>Alzheimer Society of Peel (Soci\u00e9t\u00e9 Alzheimer de Peel)<\/h2>\n<p>T\u00e9l.\u00a0: 905\u00a0278-3667<\/p>\n<h2>Meals on Wheels (Repas livr\u00e9s \u00e0 domicilie)<\/h2>\n<p>T\u00e9l.\u00a0: 905 821-3254<\/p>\n<p>Site Web\u00a0: <a href=\"http:\/\/www.mealsonwheels.ca\" target=\"_blank\" rel=\"noopener\">www.mealsonwheels.ca<\/a><\/p>\n<p>Peel Elder Abuse Support Program (Programme de soutien aux personnes \u00e2g\u00e9es maltrait\u00e9es)<\/p>\n<p>T\u00e9l.\u00a0: 905\u00a0459-7777<\/p>\n<h2>Peel Seniors Link (Lien pour les a\u00een\u00e9s de Peel)<\/h2>\n<p>T\u00e9l.\u00a0: 905\u00a0712-4413<\/p>\n<h2>Sant\u00e9 publique de Peel<\/h2>\n<p>T\u00e9l.\u00a0: 905\u00a0799-7700<\/p>\n<h2>Care Partners (Partenaires en soins)<\/h2>\n<p>T\u00e9l.\u00a0: 905\u00a0452-7118\u00a0\u00a0\u00a0\u00a0\u00a0\u00a0\u00a0\u00a0\u00a0\u00a0\u00a0<\/p>\n<h2>Active Adult Centre of Mississauga (Centre pour adultes actifs de Mississauga)<\/h2>\n<p>T\u00e9l.\u00a0: 905\u00a0615-3207\u00a0\u00a0\u00a0\u00a0\u00a0\u00a0\u00a0\u00a0<\/p>\n<h2>Supportive Housing in Peel (SHIP) (Logement avec services de soutien dans Peel)<\/h2>\n<p>T\u00e9l.\u00a0: 905\u00a0279-9294\u00a0\u00a0\u00a0\u00a0\u00a0\u00a0\u00a0<\/p>\n<h2>TeleCheck for Seniors (Service d\u2019\u00e9coute pour les a\u00een\u00e9s)<\/h2>\n<p>Offre un soutien multilingue aux a\u00een\u00e9s isol\u00e9s<\/p>\n<p>T\u00e9l.\u00a0:<\/p>\n<p>English: 289\u00a0569-1201<\/p>\n<p>Am\u00e9rique latine\u00a0: 289\u00a0569-1202<\/p>\n<p>Cantonais et mandarin\u00a0: 289\u00a0569-1203\u00a0\u00a0<\/p>\n<p>Hindi, pendjabi ou urdu\u00a0: 289\u00a0569-1204<\/p>\n","protected":false},"excerpt":{"rendered":"<p>Alzheimer Society of Peel (Soci\u00e9t\u00e9 Alzheimer de Peel)<br \/>\nT\u00e9l.\u00a0: 905\u00a0278-3667<br \/>\nMeals on Wheels (Repas livr\u00e9s \u00e0 domicilie)<br \/>\nT\u00e9l.\u00a0: 905 821-3254<br \/>\nSite Web\u00a0: <a href=\"http:\/\/www.mealsonwheels.ca\" target=\"_blank\" rel=\"noopener\">www.mealsonwheels.ca<\/a><br \/>\nPeel Elder Abuse Support Program (Programme de soutien aux personnes \u00e2g\u00e9es maltrait\u00e9es)<br \/>\nT\u00e9l.\u00a0: 905\u00a0459-7777<br \/>\nPeel Seniors Link (Lien pour les a\u00een\u00e9s de Peel)<br \/>\nT\u00e9l.\u00a0<\/p>\n","protected":false},"author":2,"featured_media":0,"parent":1583,"menu_order":0,"comment_status":"closed","ping_status":"closed","template":"","meta":{"footnotes":""},"class_list":["post-1650","page","type-page","status-publish","hentry"],"yoast_head":"<!-- This site is optimized with the Yoast SEO plugin v27.0 - https:\/\/yoast.com\/product\/yoast-seo-wordpress\/ -->\n<title>Services aux a\u00een\u00e9s - Mississauga Community Legal Services<\/title>\n<meta name=\"robots\" content=\"index, follow, max-snippet:-1, max-image-preview:large, max-video-preview:-1\" \/>\n<link rel=\"canonical\" href=\"https:\/\/www.mississaugalegalclinic.ca\/fr\/ressources-communautaires\/services-aux-aines\/\" \/>\n<meta property=\"og:locale\" content=\"fr_FR\" \/>\n<meta property=\"og:type\" content=\"article\" \/>\n<meta property=\"og:title\" content=\"Services aux a\u00een\u00e9s - Mississauga Community Legal Services\" \/>\n<meta property=\"og:description\" content=\"Alzheimer Society of Peel (Soci\u00e9t\u00e9 Alzheimer de Peel) T\u00e9l.\u00a0: 905\u00a0278-3667 Meals on Wheels (Repas livr\u00e9s \u00e0 domicilie) T\u00e9l.\u00a0: 905 821-3254 Site Web\u00a0: www.mealsonwheels.ca Peel Elder Abuse Support Program (Programme de soutien aux personnes \u00e2g\u00e9es maltrait\u00e9es) T\u00e9l.\u00a0: 905\u00a0459-7777 Peel Seniors Link (Lien pour les a\u00een\u00e9s de Peel) T\u00e9l.\u00a0\" \/>\n<meta property=\"og:url\" content=\"https:\/\/www.mississaugalegalclinic.ca\/fr\/ressources-communautaires\/services-aux-aines\/\" \/>\n<meta property=\"og:site_name\" content=\"Mississauga Community Legal Services\" \/>\n<meta property=\"article:modified_time\" content=\"2023-05-11T10:06:58+00:00\" \/>\n<meta name=\"twitter:card\" content=\"summary_large_image\" \/>\n<meta name=\"twitter:label1\" content=\"Dur\u00e9e de lecture estim\u00e9e\" \/>\n\t<meta name=\"twitter:data1\" content=\"1 minute\" \/>\n<script type=\"application\/ld+json\" class=\"yoast-schema-graph\">{\"@context\":\"https:\/\/schema.org\",\"@graph\":[{\"@type\":\"WebPage\",\"@id\":\"https:\/\/www.mississaugalegalclinic.ca\/fr\/ressources-communautaires\/services-aux-aines\/\",\"url\":\"https:\/\/www.mississaugalegalclinic.ca\/fr\/ressources-communautaires\/services-aux-aines\/\",\"name\":\"Services aux a\u00een\u00e9s - Mississauga Community Legal Services\",\"isPartOf\":{\"@id\":\"https:\/\/www.mississaugalegalclinic.ca\/#website\"},\"datePublished\":\"2023-05-11T10:06:50+00:00\",\"dateModified\":\"2023-05-11T10:06:58+00:00\",\"breadcrumb\":{\"@id\":\"https:\/\/www.mississaugalegalclinic.ca\/fr\/ressources-communautaires\/services-aux-aines\/#breadcrumb\"},\"inLanguage\":\"fr-FR\",\"potentialAction\":[{\"@type\":\"ReadAction\",\"target\":[\"https:\/\/www.mississaugalegalclinic.ca\/fr\/ressources-communautaires\/services-aux-aines\/\"]}]},{\"@type\":\"BreadcrumbList\",\"@id\":\"https:\/\/www.mississaugalegalclinic.ca\/fr\/ressources-communautaires\/services-aux-aines\/#breadcrumb\",\"itemListElement\":[{\"@type\":\"ListItem\",\"position\":1,\"name\":\"Home\",\"item\":\"https:\/\/www.mississaugalegalclinic.ca\/fr\/\"},{\"@type\":\"ListItem\",\"position\":2,\"name\":\"Ressources communautaires\",\"item\":\"https:\/\/www.mississaugalegalclinic.ca\/fr\/ressources-communautaires\/\"},{\"@type\":\"ListItem\",\"position\":3,\"name\":\"Services aux a\u00een\u00e9s\"}]},{\"@type\":\"WebSite\",\"@id\":\"https:\/\/www.mississaugalegalclinic.ca\/#website\",\"url\":\"https:\/\/www.mississaugalegalclinic.ca\/\",\"name\":\"Mississauga Community Legal Services\",\"description\":\"Free legal services for low income residents of Mississauga\",\"potentialAction\":[{\"@type\":\"SearchAction\",\"target\":{\"@type\":\"EntryPoint\",\"urlTemplate\":\"https:\/\/www.mississaugalegalclinic.ca\/?s={search_term_string}\"},\"query-input\":{\"@type\":\"PropertyValueSpecification\",\"valueRequired\":true,\"valueName\":\"search_term_string\"}}],\"inLanguage\":\"fr-FR\"}]}<\/script>\n<!-- \/ Yoast SEO plugin. -->","yoast_head_json":{"title":"Services aux a\u00een\u00e9s - Mississauga Community Legal Services","robots":{"index":"index","follow":"follow","max-snippet":"max-snippet:-1","max-image-preview":"max-image-preview:large","max-video-preview":"max-video-preview:-1"},"canonical":"https:\/\/www.mississaugalegalclinic.ca\/fr\/ressources-communautaires\/services-aux-aines\/","og_locale":"fr_FR","og_type":"article","og_title":"Services aux a\u00een\u00e9s - Mississauga Community Legal Services","og_description":"Alzheimer Society of Peel (Soci\u00e9t\u00e9 Alzheimer de Peel) T\u00e9l.\u00a0: 905\u00a0278-3667 Meals on Wheels (Repas livr\u00e9s \u00e0 domicilie) T\u00e9l.\u00a0: 905 821-3254 Site Web\u00a0: www.mealsonwheels.ca Peel Elder Abuse Support Program (Programme de soutien aux personnes \u00e2g\u00e9es maltrait\u00e9es) T\u00e9l.\u00a0: 905\u00a0459-7777 Peel Seniors Link (Lien pour les a\u00een\u00e9s de Peel) T\u00e9l.\u00a0","og_url":"https:\/\/www.mississaugalegalclinic.ca\/fr\/ressources-communautaires\/services-aux-aines\/","og_site_name":"Mississauga Community Legal Services","article_modified_time":"2023-05-11T10:06:58+00:00","twitter_card":"summary_large_image","twitter_misc":{"Dur\u00e9e de lecture estim\u00e9e":"1 minute"},"schema":{"@context":"https:\/\/schema.org","@graph":[{"@type":"WebPage","@id":"https:\/\/www.mississaugalegalclinic.ca\/fr\/ressources-communautaires\/services-aux-aines\/","url":"https:\/\/www.mississaugalegalclinic.ca\/fr\/ressources-communautaires\/services-aux-aines\/","name":"Services aux a\u00een\u00e9s - Mississauga Community Legal Services","isPartOf":{"@id":"https:\/\/www.mississaugalegalclinic.ca\/#website"},"datePublished":"2023-05-11T10:06:50+00:00","dateModified":"2023-05-11T10:06:58+00:00","breadcrumb":{"@id":"https:\/\/www.mississaugalegalclinic.ca\/fr\/ressources-communautaires\/services-aux-aines\/#breadcrumb"},"inLanguage":"fr-FR","potentialAction":[{"@type":"ReadAction","target":["https:\/\/www.mississaugalegalclinic.ca\/fr\/ressources-communautaires\/services-aux-aines\/"]}]},{"@type":"BreadcrumbList","@id":"https:\/\/www.mississaugalegalclinic.ca\/fr\/ressources-communautaires\/services-aux-aines\/#breadcrumb","itemListElement":[{"@type":"ListItem","position":1,"name":"Home","item":"https:\/\/www.mississaugalegalclinic.ca\/fr\/"},{"@type":"ListItem","position":2,"name":"Ressources communautaires","item":"https:\/\/www.mississaugalegalclinic.ca\/fr\/ressources-communautaires\/"},{"@type":"ListItem","position":3,"name":"Services aux a\u00een\u00e9s"}]},{"@type":"WebSite","@id":"https:\/\/www.mississaugalegalclinic.ca\/#website","url":"https:\/\/www.mississaugalegalclinic.ca\/","name":"Mississauga Community Legal Services","description":"Free legal services for low income residents of Mississauga","potentialAction":[{"@type":"SearchAction","target":{"@type":"EntryPoint","urlTemplate":"https:\/\/www.mississaugalegalclinic.ca\/?s={search_term_string}"},"query-input":{"@type":"PropertyValueSpecification","valueRequired":true,"valueName":"search_term_string"}}],"inLanguage":"fr-FR"}]}},"_links":{"self":[{"href":"https:\/\/www.mississaugalegalclinic.ca\/fr\/wp-json\/wp\/v2\/pages\/1650","targetHints":{"allow":["GET"]}}],"collection":[{"href":"https:\/\/www.mississaugalegalclinic.ca\/fr\/wp-json\/wp\/v2\/pages"}],"about":[{"href":"https:\/\/www.mississaugalegalclinic.ca\/fr\/wp-json\/wp\/v2\/types\/page"}],"author":[{"embeddable":true,"href":"https:\/\/www.mississaugalegalclinic.ca\/fr\/wp-json\/wp\/v2\/users\/2"}],"replies":[{"embeddable":true,"href":"https:\/\/www.mississaugalegalclinic.ca\/fr\/wp-json\/wp\/v2\/comments?post=1650"}],"version-history":[{"count":1,"href":"https:\/\/www.mississaugalegalclinic.ca\/fr\/wp-json\/wp\/v2\/pages\/1650\/revisions"}],"predecessor-version":[{"id":1651,"href":"https:\/\/www.mississaugalegalclinic.ca\/fr\/wp-json\/wp\/v2\/pages\/1650\/revisions\/1651"}],"up":[{"embeddable":true,"href":"https:\/\/www.mississaugalegalclinic.ca\/fr\/wp-json\/wp\/v2\/pages\/1583"}],"wp:attachment":[{"href":"https:\/\/www.mississaugalegalclinic.ca\/fr\/wp-json\/wp\/v2\/media?parent=1650"}],"curies":[{"name":"wp","href":"https:\/\/api.w.org\/{rel}","templated":true}]}}