{"id":1641,"date":"2023-05-11T05:51:14","date_gmt":"2023-05-11T09:51:14","guid":{"rendered":"https:\/\/mcls.turnbull.co\/?page_id=1641"},"modified":"2023-05-11T05:51:16","modified_gmt":"2023-05-11T09:51:16","slug":"sante-mentale-et-bien-etre","status":"publish","type":"page","link":"https:\/\/www.mississaugalegalclinic.ca\/fr\/ressources-communautaires\/sante-mentale-et-bien-etre\/","title":{"rendered":"Sant\u00e9 mentale et bien-\u00eatre"},"content":{"rendered":"\n<h2>African Community Services (Services communautaires africains)<\/h2>\n<p>Adresse\u00a0: 10 Gillingham Drive, Suite 308, Brampton (Ontario)\u00a0 L6X 5A5\u00a0<\/p>\n<p>T\u00e9l.\u00a0:905\u00a0460-9514\u00a0<\/p>\n<p>Site Web\u00a0: <a href=\"https:\/\/www.africancommunityservices.com\/\" target=\"_blank\" rel=\"noopener\">https:\/\/www.africancommunityservices.com\/<\/a><\/p>\n<h2>Associated Youth Services of Peel (Services associ\u00e9s pour les jeunes de Peel)<\/h2>\n<p>Adresse\u00a0: 160 Traders Blvd E, Mississauga (Ontario)\u00a0 L4Z 3K7<\/p>\n<p>T\u00e9l.\u00a0: 905\u00a0890-5222<\/p>\n<p>Site Web\u00a0: <a href=\"http:\/\/www.aysp.ca\/\" target=\"_blank\" rel=\"noopener\">http:\/\/www.aysp.ca\/<\/a><\/p>\n<h2>Soci\u00e9t\u00e9 canadienne de l&rsquo;ou\u00efe<\/h2>\n<p>Adresse\u00a0: 2227 South Millway #300, Mississauga (Ontario)\u00a0 L5L 3R6<\/p>\n<p>T\u00e9l.\u00a0: 1\u00a0866\u00a0518-0000<\/p>\n<p>Site Web\u00a0: <a href=\"https:\/\/www.chs.ca\/fr\" target=\"_blank\" rel=\"noopener\">https:\/\/www.chs.ca\/fr<\/a><\/p>\n<h2>Multicultural Inter-Agency Group of Peel (Groupe multiculturel interinstitutions de Peel)<\/h2>\n<p>Adresse\u00a0: 3034 Palstan Rd. M3, Mississauga (Ontario)\u00a0 L4Y 2Z6<\/p>\n<p>T\u00e9l.\u00a0: 905\u00a0270-6252<\/p>\n<p>Site Web\u00a0: <a href=\"http:\/\/miag.ca\/\" target=\"_blank\" rel=\"noopener\">http:\/\/miag.ca\/<\/a><\/p>\n<h2>Newcomer Centre of Peel (Centre des nouveaux arrivants de Peel)<\/h2>\n<p>Adresse\u00a0: 165 Dundas St. W, Mississauga (Ontario)\u00a0 L5B 2N6<\/p>\n<p>T\u00e9l.\u00a0: 905\u00a0306-0577, poste 384<\/p>\n<p>Site Web\u00a0: <a href=\"https:\/\/www.ncpeel.ca\/\" target=\"_blank\" rel=\"noopener\">https:\/\/www.ncpeel.ca\/<\/a><\/p>\n<h2>Punjabi Community Health Services (Services de sant\u00e9 communautaire pendjabi)<\/h2>\n<p>T\u00e9l.\u00a0: 905\u00a0677-0889<\/p>\n<p>Site Web\u00a0: <a href=\"https:\/\/pchs4u.com\/\" target=\"_blank\" rel=\"noopener\">https:\/\/pchs4u.com\/<\/a><\/p>\n<h2>Roots Community Services (Services communautaires Roots)<\/h2>\n<p>Adresse\u00a0: 2227 South Millway Suite 202 Mississauga (Ontario)\u00a0 L5L 3R6<\/p>\n<p>T\u00e9l.\u00a0: 1\u00a0905\u00a0455-6789<\/p>\n<p>Site Web\u00a0: <a href=\"https:\/\/rootscs.org\/\" target=\"_blank\" rel=\"noopener\">https:\/\/rootscs.org\/<\/a><\/p>\n<h2>The Learning Disabilities Association (L&rsquo;association des troubles d&rsquo;apprentissage)<\/h2>\n<p>Adresse\u00a0: 249 Church St, Mississauga (Ontario)\u00a0 L5M 7S3<\/p>\n<p>T\u00e9l.\u00a0: 905\u00a0272-4100<\/p>\n<h1>Enfants, jeunes et familles<\/h1>\n<h2>Associated Youth Services of Peel (Services associ\u00e9s pour les jeunes de Peel)<\/h2>\n<p>Adresse\u00a0: 160 Traders Blvd E, Mississauga (Ontario)\u00a0 L4Z 3K7<\/p>\n<p>T\u00e9l.\u00a0: 905\u00a0890-5222<\/p>\n<p>Site Web\u00a0: <a href=\"http:\/\/www.aysp.ca\/\" target=\"_blank\" rel=\"noopener\">http:\/\/www.aysp.ca\/<\/a><\/p>\n<h2>Catholic Family Services of Peel Dufferin (Services familiaux catholiques de Peel Dufferin)<\/h2>\n<p>Adresse\u00a0: 60 West Drive, Suite 201, Brampton (Ontario)\u00a0 L6T 3T6<strong>\u00a0<\/strong><\/p>\n<p>T\u00e9l.\u00a0: 905\u00a0450-1608\u00a0<\/p>\n<p>Site Web\u00a0: <a href=\"http:\/\/cfspd.com\/\" target=\"_blank\" rel=\"noopener\">http:\/\/cfspd.com\/<\/a><\/p>\n<h2>Family Services of Peel (Services aux familles de Peel)<\/h2>\n<p>Adresse\u00a0: 5975 Whittle Rd Suite 300, Mississauga (Ontario)\u00a0 L4Z 3N1<\/p>\n<p>T\u00e9l.\u00a0: 905\u00a0270-2250<\/p>\n<p>Site Web\u00a0: <a href=\"https:\/\/fspeel.org\/\" target=\"_blank\" rel=\"noopener\">https:\/\/fspeel.org\/<\/a><\/p>\n<h2>Tangerine Walk-In Counselling (Counseling sans rendez-vous Tangerine)<\/h2>\n<p>Adresse\u00a0: 85A Aventura Court, Mississauga (Ontario)\u00a0 L5T 2Y6<\/p>\n<p>T\u00e9l.\u00a0: 905\u00a0795-3530<\/p>\n<p>Site Web\u00a0: <a href=\"http:\/\/www.tangerinewalkin.com\/\" target=\"_blank\" rel=\"noopener\">http:\/\/www.tangerinewalkin.com\/<\/a><\/p>\n<h2>Vita Centre (Centre Vita)<\/h2>\n<p>Adresse\u00a0:\u00a0 5659 McAdam Rd, Unit C2, Mississauga (Ontario)\u00a0 L4Z 1N9<\/p>\n<p>T\u00e9l.\u00a0: 905\u00a0502-7933<\/p>\n<p>Site Web\u00a0: <a href=\"https:\/\/vitacentre.org\/\" target=\"_blank\" rel=\"noopener\">https:\/\/vitacentre.org\/<\/a><\/p>\n<h2>WhereToStart (O\u00f9 commencer)<\/h2>\n<p>T\u00e9l.\u00a0: 905\u00a0451-4655<\/p>\n<p>Site Web\u00a0: <a href=\"https:\/\/wheretostart.ca\/fr\/accueil\/\" target=\"_blank\" rel=\"noopener\">WhereToStart.ca<\/a><\/p>\n","protected":false},"excerpt":{"rendered":"<p>African Community Services (Services communautaires africains)<br \/>\nAdresse\u00a0: 10 Gillingham Drive, Suite 308, Brampton (Ontario)\u00a0 L6X 5A5\u00a0<br \/>\nT\u00e9l.\u00a0:905\u00a0460-9514\u00a0<br \/>\nSite Web\u00a0: <a href=\"https:\/\/www.africancommunityservices.com\/\" target=\"_blank\" rel=\"noopener\">https:\/\/www.africancommunityservices.com\/<\/a><br \/>\nAssociated Youth Services of Peel (Services associ\u00e9s pour les jeunes de Peel)<br \/>\nAdresse\u00a0: 160 Traders Blvd E, Mississauga (Ontario)\u00a0 L4Z 3K7<br \/>\nT\u00e9l.\u00a0: 905\u00a0890-5222<br \/>\nSite Web\u00a0: <a href=\"http:\/\/www.aysp.ca\/\" target=\"_blank\" rel=\"noopener\">http:\/\/www.aysp.ca\/<\/a><br \/>\nSoci\u00e9t\u00e9 canadienne de l&rsquo;ou\u00efe<br \/>\nAdresse\u00a0: 2227 South Millway #300,<\/p>\n","protected":false},"author":2,"featured_media":0,"parent":1583,"menu_order":0,"comment_status":"closed","ping_status":"closed","template":"","meta":{"footnotes":""},"class_list":["post-1641","page","type-page","status-publish","hentry"],"yoast_head":"<!-- This site is optimized with the Yoast SEO plugin v27.0 - https:\/\/yoast.com\/product\/yoast-seo-wordpress\/ -->\n<title>Sant\u00e9 mentale et bien-\u00eatre - Mississauga Community Legal Services<\/title>\n<meta name=\"robots\" content=\"index, follow, max-snippet:-1, max-image-preview:large, max-video-preview:-1\" \/>\n<link rel=\"canonical\" href=\"https:\/\/www.mississaugalegalclinic.ca\/fr\/ressources-communautaires\/sante-mentale-et-bien-etre\/\" \/>\n<meta property=\"og:locale\" content=\"fr_FR\" \/>\n<meta property=\"og:type\" content=\"article\" \/>\n<meta property=\"og:title\" content=\"Sant\u00e9 mentale et bien-\u00eatre - Mississauga Community Legal Services\" \/>\n<meta property=\"og:description\" content=\"African Community Services (Services communautaires africains) Adresse\u00a0: 10 Gillingham Drive, Suite 308, Brampton (Ontario)\u00a0 L6X 5A5\u00a0 T\u00e9l.\u00a0:905\u00a0460-9514\u00a0 Site Web\u00a0: https:\/\/www.africancommunityservices.com\/ Associated Youth Services of Peel (Services associ\u00e9s pour les jeunes de Peel) Adresse\u00a0: 160 Traders Blvd E, Mississauga (Ontario)\u00a0 L4Z 3K7 T\u00e9l.\u00a0: 905\u00a0890-5222 Site Web\u00a0: http:\/\/www.aysp.ca\/ Soci\u00e9t\u00e9 canadienne de l&rsquo;ou\u00efe Adresse\u00a0: 2227 South Millway #300,\" \/>\n<meta property=\"og:url\" content=\"https:\/\/www.mississaugalegalclinic.ca\/fr\/ressources-communautaires\/sante-mentale-et-bien-etre\/\" \/>\n<meta property=\"og:site_name\" content=\"Mississauga Community Legal Services\" \/>\n<meta property=\"article:modified_time\" content=\"2023-05-11T09:51:16+00:00\" \/>\n<meta name=\"twitter:card\" content=\"summary_large_image\" \/>\n<meta name=\"twitter:label1\" content=\"Dur\u00e9e de lecture estim\u00e9e\" \/>\n\t<meta name=\"twitter:data1\" content=\"2 minutes\" \/>\n<script type=\"application\/ld+json\" class=\"yoast-schema-graph\">{\"@context\":\"https:\/\/schema.org\",\"@graph\":[{\"@type\":\"WebPage\",\"@id\":\"https:\/\/www.mississaugalegalclinic.ca\/fr\/ressources-communautaires\/sante-mentale-et-bien-etre\/\",\"url\":\"https:\/\/www.mississaugalegalclinic.ca\/fr\/ressources-communautaires\/sante-mentale-et-bien-etre\/\",\"name\":\"Sant\u00e9 mentale et bien-\u00eatre - Mississauga Community Legal Services\",\"isPartOf\":{\"@id\":\"https:\/\/www.mississaugalegalclinic.ca\/#website\"},\"datePublished\":\"2023-05-11T09:51:14+00:00\",\"dateModified\":\"2023-05-11T09:51:16+00:00\",\"breadcrumb\":{\"@id\":\"https:\/\/www.mississaugalegalclinic.ca\/fr\/ressources-communautaires\/sante-mentale-et-bien-etre\/#breadcrumb\"},\"inLanguage\":\"fr-FR\",\"potentialAction\":[{\"@type\":\"ReadAction\",\"target\":[\"https:\/\/www.mississaugalegalclinic.ca\/fr\/ressources-communautaires\/sante-mentale-et-bien-etre\/\"]}]},{\"@type\":\"BreadcrumbList\",\"@id\":\"https:\/\/www.mississaugalegalclinic.ca\/fr\/ressources-communautaires\/sante-mentale-et-bien-etre\/#breadcrumb\",\"itemListElement\":[{\"@type\":\"ListItem\",\"position\":1,\"name\":\"Home\",\"item\":\"https:\/\/www.mississaugalegalclinic.ca\/fr\/\"},{\"@type\":\"ListItem\",\"position\":2,\"name\":\"Ressources communautaires\",\"item\":\"https:\/\/www.mississaugalegalclinic.ca\/fr\/ressources-communautaires\/\"},{\"@type\":\"ListItem\",\"position\":3,\"name\":\"Sant\u00e9 mentale et bien-\u00eatre\"}]},{\"@type\":\"WebSite\",\"@id\":\"https:\/\/www.mississaugalegalclinic.ca\/#website\",\"url\":\"https:\/\/www.mississaugalegalclinic.ca\/\",\"name\":\"Mississauga Community Legal Services\",\"description\":\"Free legal services for low income residents of Mississauga\",\"potentialAction\":[{\"@type\":\"SearchAction\",\"target\":{\"@type\":\"EntryPoint\",\"urlTemplate\":\"https:\/\/www.mississaugalegalclinic.ca\/?s={search_term_string}\"},\"query-input\":{\"@type\":\"PropertyValueSpecification\",\"valueRequired\":true,\"valueName\":\"search_term_string\"}}],\"inLanguage\":\"fr-FR\"}]}<\/script>\n<!-- \/ Yoast SEO plugin. -->","yoast_head_json":{"title":"Sant\u00e9 mentale et bien-\u00eatre - Mississauga Community Legal Services","robots":{"index":"index","follow":"follow","max-snippet":"max-snippet:-1","max-image-preview":"max-image-preview:large","max-video-preview":"max-video-preview:-1"},"canonical":"https:\/\/www.mississaugalegalclinic.ca\/fr\/ressources-communautaires\/sante-mentale-et-bien-etre\/","og_locale":"fr_FR","og_type":"article","og_title":"Sant\u00e9 mentale et bien-\u00eatre - Mississauga Community Legal Services","og_description":"African Community Services (Services communautaires africains) Adresse\u00a0: 10 Gillingham Drive, Suite 308, Brampton (Ontario)\u00a0 L6X 5A5\u00a0 T\u00e9l.\u00a0:905\u00a0460-9514\u00a0 Site Web\u00a0: https:\/\/www.africancommunityservices.com\/ Associated Youth Services of Peel (Services associ\u00e9s pour les jeunes de Peel) Adresse\u00a0: 160 Traders Blvd E, Mississauga (Ontario)\u00a0 L4Z 3K7 T\u00e9l.\u00a0: 905\u00a0890-5222 Site Web\u00a0: http:\/\/www.aysp.ca\/ Soci\u00e9t\u00e9 canadienne de l&rsquo;ou\u00efe Adresse\u00a0: 2227 South Millway #300,","og_url":"https:\/\/www.mississaugalegalclinic.ca\/fr\/ressources-communautaires\/sante-mentale-et-bien-etre\/","og_site_name":"Mississauga Community Legal Services","article_modified_time":"2023-05-11T09:51:16+00:00","twitter_card":"summary_large_image","twitter_misc":{"Dur\u00e9e de lecture estim\u00e9e":"2 minutes"},"schema":{"@context":"https:\/\/schema.org","@graph":[{"@type":"WebPage","@id":"https:\/\/www.mississaugalegalclinic.ca\/fr\/ressources-communautaires\/sante-mentale-et-bien-etre\/","url":"https:\/\/www.mississaugalegalclinic.ca\/fr\/ressources-communautaires\/sante-mentale-et-bien-etre\/","name":"Sant\u00e9 mentale et bien-\u00eatre - Mississauga Community Legal Services","isPartOf":{"@id":"https:\/\/www.mississaugalegalclinic.ca\/#website"},"datePublished":"2023-05-11T09:51:14+00:00","dateModified":"2023-05-11T09:51:16+00:00","breadcrumb":{"@id":"https:\/\/www.mississaugalegalclinic.ca\/fr\/ressources-communautaires\/sante-mentale-et-bien-etre\/#breadcrumb"},"inLanguage":"fr-FR","potentialAction":[{"@type":"ReadAction","target":["https:\/\/www.mississaugalegalclinic.ca\/fr\/ressources-communautaires\/sante-mentale-et-bien-etre\/"]}]},{"@type":"BreadcrumbList","@id":"https:\/\/www.mississaugalegalclinic.ca\/fr\/ressources-communautaires\/sante-mentale-et-bien-etre\/#breadcrumb","itemListElement":[{"@type":"ListItem","position":1,"name":"Home","item":"https:\/\/www.mississaugalegalclinic.ca\/fr\/"},{"@type":"ListItem","position":2,"name":"Ressources communautaires","item":"https:\/\/www.mississaugalegalclinic.ca\/fr\/ressources-communautaires\/"},{"@type":"ListItem","position":3,"name":"Sant\u00e9 mentale et bien-\u00eatre"}]},{"@type":"WebSite","@id":"https:\/\/www.mississaugalegalclinic.ca\/#website","url":"https:\/\/www.mississaugalegalclinic.ca\/","name":"Mississauga Community Legal Services","description":"Free legal services for low income residents of Mississauga","potentialAction":[{"@type":"SearchAction","target":{"@type":"EntryPoint","urlTemplate":"https:\/\/www.mississaugalegalclinic.ca\/?s={search_term_string}"},"query-input":{"@type":"PropertyValueSpecification","valueRequired":true,"valueName":"search_term_string"}}],"inLanguage":"fr-FR"}]}},"_links":{"self":[{"href":"https:\/\/www.mississaugalegalclinic.ca\/fr\/wp-json\/wp\/v2\/pages\/1641","targetHints":{"allow":["GET"]}}],"collection":[{"href":"https:\/\/www.mississaugalegalclinic.ca\/fr\/wp-json\/wp\/v2\/pages"}],"about":[{"href":"https:\/\/www.mississaugalegalclinic.ca\/fr\/wp-json\/wp\/v2\/types\/page"}],"author":[{"embeddable":true,"href":"https:\/\/www.mississaugalegalclinic.ca\/fr\/wp-json\/wp\/v2\/users\/2"}],"replies":[{"embeddable":true,"href":"https:\/\/www.mississaugalegalclinic.ca\/fr\/wp-json\/wp\/v2\/comments?post=1641"}],"version-history":[{"count":1,"href":"https:\/\/www.mississaugalegalclinic.ca\/fr\/wp-json\/wp\/v2\/pages\/1641\/revisions"}],"predecessor-version":[{"id":1642,"href":"https:\/\/www.mississaugalegalclinic.ca\/fr\/wp-json\/wp\/v2\/pages\/1641\/revisions\/1642"}],"up":[{"embeddable":true,"href":"https:\/\/www.mississaugalegalclinic.ca\/fr\/wp-json\/wp\/v2\/pages\/1583"}],"wp:attachment":[{"href":"https:\/\/www.mississaugalegalclinic.ca\/fr\/wp-json\/wp\/v2\/media?parent=1641"}],"curies":[{"name":"wp","href":"https:\/\/api.w.org\/{rel}","templated":true}]}}