{"id":1636,"date":"2023-05-11T05:34:52","date_gmt":"2023-05-11T09:34:52","guid":{"rendered":"https:\/\/mcls.turnbull.co\/?page_id=1636"},"modified":"2023-05-11T05:34:55","modified_gmt":"2023-05-11T09:34:55","slug":"renseignements-et-orientation","status":"publish","type":"page","link":"https:\/\/www.mississaugalegalclinic.ca\/fr\/ressources-communautaires\/renseignements-et-orientation\/","title":{"rendered":"Renseignements et orientation"},"content":{"rendered":"\n<h2>211\u00a0Peel<\/h2>\n<p>T\u00e9l.\u00a0: 211<\/p>\n<h2>Dixie-Bloor Neighbourhood Services (Services d\u2019entraide de Dixie-Bloor)<\/h2>\n<p>T\u00e9l.\u00a0: 905\u00a0629-1873<\/p>\n<h2>Health Line Peel (Ligne de sant\u00e9 de Peel)<\/h2>\n<p>T\u00e9l.\u00a0: 905\u00a0799-7700<\/p>\n<h2>Local Health Integration Network (R\u00e9seau local d&rsquo;int\u00e9gration des services de sant\u00e9) &#8211; Services de soutien \u00e0 domicile et communautaires<\/h2>\n<p>T\u00e9l.\u00a0: 905\u00a0855-9090<\/p>\n<p>Site Web\u00a0: <a href=\"http:\/\/www.mississaugahaltonlhin.on.ca\/\" target=\"_blank\" rel=\"noopener\">http:\/\/www.mississaugahaltonlhin.on.ca\/<\/a><\/p>\n<h2>Malton Neighbourhood Services (Services d\u2019entraide de Malton)<\/h2>\n<p>T\u00e9l.\u00a0: 905\u00a0677-6270<\/p>\n<p>Site Web\u00a0: <a href=\"http:\/\/www.mnsinfo.org\" target=\"_blank\" rel=\"noopener\">www.mnsinfo.org<\/a><\/p>\n<h2>Mental Health Helpline (Ligne secours pour la sant\u00e9 mentale) &#8211; Connex Ontario<\/h2>\n<p>T\u00e9l.\u00a0: 1\u00a0866\u00a0531-2600<\/p>\n<p>Site Web\u00a0: <a href=\"https:\/\/www.connexontario.ca\/en-ca\/\" target=\"_blank\" rel=\"noopener\">https:\/\/www.connexontario.ca\/en-ca\/<\/a><\/p>\n<h2>Multicultural Inter-Agency Group (MIAG) (Groupe multiculturel interinstitutions [MIAG])<\/h2>\n<p>T\u00e9l.\u00a0: 905\u00a0270-6252<\/p>\n<p>Site Web\u00a0: <a href=\"http:\/\/www.miag.ca\" target=\"_blank\" rel=\"noopener\">www.miag.ca<\/a><\/p>\n<h2>National Eating Disorder Info Centre (NEDIC) (Centre national d&rsquo;information sur les troubles alimentaires [NEDIC])<\/h2>\n<p>T\u00e9l.\u00a0: 1\u00a0866-633-4220<\/p>\n<h2>Newcomer Centre of Peel (Centre des nouveaux arrivants de Peel)<\/h2>\n<p>T\u00e9l.\u00a0: 905\u00a0306-0577<\/p>\n<p>Site Web\u00a0: <a href=\"http:\/\/www.ncpeel.ca\/\" target=\"_blank\" rel=\"noopener\">http:\/\/www.ncpeel.ca\/<\/a><\/p>\n<h2>Telehealth (T\u00e9l\u00e9sant\u00e9)<\/h2>\n<p>T\u00e9l.\u00a0: 1\u00a0866\u00a0797-0000<\/p>\n<h2>Victim Support Line, Ministry of the Attorney General (Ligne d&rsquo;aide aux victimes, minist\u00e8re du Procureur g\u00e9n\u00e9ral)<\/h2>\n<p>T\u00e9l.\u00a0: 416\u00a0314-2447<\/p>\n<p>Site Web\u00a0: <a href=\"http:\/\/www.ontario.ca\" target=\"_blank\" rel=\"noopener\">www.ontario.ca<\/a><\/p>\n","protected":false},"excerpt":{"rendered":"<p>211\u00a0Peel<br \/>\nT\u00e9l.\u00a0: 211<br \/>\nDixie-Bloor Neighbourhood Services (Services d\u2019entraide de Dixie-Bloor)<br \/>\nT\u00e9l.\u00a0: 905\u00a0629-1873<br \/>\nHealth Line Peel (Ligne de sant\u00e9 de Peel)<br \/>\nT\u00e9l.\u00a0: 905\u00a0799-7700<br \/>\nLocal Health Integration Network (R\u00e9seau local d&rsquo;int\u00e9gration des services de sant\u00e9) &#8211; Services de soutien \u00e0 domicile et communautaires<br \/>\nT\u00e9l.\u00a0: 905\u00a0855-9090<br \/>\nSite Web\u00a0: <a href=\"http:\/\/www.mississaugahaltonlhin.on.ca\/\" target=\"_blank\" rel=\"noopener\">http:\/\/www.mississaugahaltonlhin.on.ca\/<\/a><br \/>\nMalton Neighbourhood Services (Services d\u2019entraide de Malton)<br \/>\nT\u00e9l.\u00a0<\/p>\n","protected":false},"author":2,"featured_media":0,"parent":1583,"menu_order":0,"comment_status":"closed","ping_status":"closed","template":"","meta":{"footnotes":""},"class_list":["post-1636","page","type-page","status-publish","hentry"],"yoast_head":"<!-- This site is optimized with the Yoast SEO plugin v27.0 - https:\/\/yoast.com\/product\/yoast-seo-wordpress\/ -->\n<title>Renseignements et orientation - Mississauga Community Legal Services<\/title>\n<meta name=\"robots\" content=\"index, follow, max-snippet:-1, max-image-preview:large, max-video-preview:-1\" \/>\n<link rel=\"canonical\" href=\"https:\/\/www.mississaugalegalclinic.ca\/fr\/ressources-communautaires\/renseignements-et-orientation\/\" \/>\n<meta property=\"og:locale\" content=\"fr_FR\" \/>\n<meta property=\"og:type\" content=\"article\" \/>\n<meta property=\"og:title\" content=\"Renseignements et orientation - Mississauga Community Legal Services\" \/>\n<meta property=\"og:description\" content=\"211\u00a0Peel T\u00e9l.\u00a0: 211 Dixie-Bloor Neighbourhood Services (Services d\u2019entraide de Dixie-Bloor) T\u00e9l.\u00a0: 905\u00a0629-1873 Health Line Peel (Ligne de sant\u00e9 de Peel) T\u00e9l.\u00a0: 905\u00a0799-7700 Local Health Integration Network (R\u00e9seau local d&rsquo;int\u00e9gration des services de sant\u00e9) &#8211; Services de soutien \u00e0 domicile et communautaires T\u00e9l.\u00a0: 905\u00a0855-9090 Site Web\u00a0: http:\/\/www.mississaugahaltonlhin.on.ca\/ Malton Neighbourhood Services (Services d\u2019entraide de Malton) T\u00e9l.\u00a0\" \/>\n<meta property=\"og:url\" content=\"https:\/\/www.mississaugalegalclinic.ca\/fr\/ressources-communautaires\/renseignements-et-orientation\/\" \/>\n<meta property=\"og:site_name\" content=\"Mississauga Community Legal Services\" \/>\n<meta property=\"article:modified_time\" content=\"2023-05-11T09:34:55+00:00\" \/>\n<meta name=\"twitter:card\" content=\"summary_large_image\" \/>\n<meta name=\"twitter:label1\" content=\"Dur\u00e9e de lecture estim\u00e9e\" \/>\n\t<meta name=\"twitter:data1\" content=\"1 minute\" \/>\n<script type=\"application\/ld+json\" class=\"yoast-schema-graph\">{\"@context\":\"https:\/\/schema.org\",\"@graph\":[{\"@type\":\"WebPage\",\"@id\":\"https:\/\/www.mississaugalegalclinic.ca\/fr\/ressources-communautaires\/renseignements-et-orientation\/\",\"url\":\"https:\/\/www.mississaugalegalclinic.ca\/fr\/ressources-communautaires\/renseignements-et-orientation\/\",\"name\":\"Renseignements et orientation - Mississauga Community Legal Services\",\"isPartOf\":{\"@id\":\"https:\/\/www.mississaugalegalclinic.ca\/#website\"},\"datePublished\":\"2023-05-11T09:34:52+00:00\",\"dateModified\":\"2023-05-11T09:34:55+00:00\",\"breadcrumb\":{\"@id\":\"https:\/\/www.mississaugalegalclinic.ca\/fr\/ressources-communautaires\/renseignements-et-orientation\/#breadcrumb\"},\"inLanguage\":\"fr-FR\",\"potentialAction\":[{\"@type\":\"ReadAction\",\"target\":[\"https:\/\/www.mississaugalegalclinic.ca\/fr\/ressources-communautaires\/renseignements-et-orientation\/\"]}]},{\"@type\":\"BreadcrumbList\",\"@id\":\"https:\/\/www.mississaugalegalclinic.ca\/fr\/ressources-communautaires\/renseignements-et-orientation\/#breadcrumb\",\"itemListElement\":[{\"@type\":\"ListItem\",\"position\":1,\"name\":\"Home\",\"item\":\"https:\/\/www.mississaugalegalclinic.ca\/fr\/\"},{\"@type\":\"ListItem\",\"position\":2,\"name\":\"Ressources communautaires\",\"item\":\"https:\/\/www.mississaugalegalclinic.ca\/fr\/ressources-communautaires\/\"},{\"@type\":\"ListItem\",\"position\":3,\"name\":\"Renseignements et orientation\"}]},{\"@type\":\"WebSite\",\"@id\":\"https:\/\/www.mississaugalegalclinic.ca\/#website\",\"url\":\"https:\/\/www.mississaugalegalclinic.ca\/\",\"name\":\"Mississauga Community Legal Services\",\"description\":\"Free legal services for low income residents of Mississauga\",\"potentialAction\":[{\"@type\":\"SearchAction\",\"target\":{\"@type\":\"EntryPoint\",\"urlTemplate\":\"https:\/\/www.mississaugalegalclinic.ca\/?s={search_term_string}\"},\"query-input\":{\"@type\":\"PropertyValueSpecification\",\"valueRequired\":true,\"valueName\":\"search_term_string\"}}],\"inLanguage\":\"fr-FR\"}]}<\/script>\n<!-- \/ Yoast SEO plugin. -->","yoast_head_json":{"title":"Renseignements et orientation - Mississauga Community Legal Services","robots":{"index":"index","follow":"follow","max-snippet":"max-snippet:-1","max-image-preview":"max-image-preview:large","max-video-preview":"max-video-preview:-1"},"canonical":"https:\/\/www.mississaugalegalclinic.ca\/fr\/ressources-communautaires\/renseignements-et-orientation\/","og_locale":"fr_FR","og_type":"article","og_title":"Renseignements et orientation - Mississauga Community Legal Services","og_description":"211\u00a0Peel T\u00e9l.\u00a0: 211 Dixie-Bloor Neighbourhood Services (Services d\u2019entraide de Dixie-Bloor) T\u00e9l.\u00a0: 905\u00a0629-1873 Health Line Peel (Ligne de sant\u00e9 de Peel) T\u00e9l.\u00a0: 905\u00a0799-7700 Local Health Integration Network (R\u00e9seau local d&rsquo;int\u00e9gration des services de sant\u00e9) &#8211; Services de soutien \u00e0 domicile et communautaires T\u00e9l.\u00a0: 905\u00a0855-9090 Site Web\u00a0: http:\/\/www.mississaugahaltonlhin.on.ca\/ Malton Neighbourhood Services (Services d\u2019entraide de Malton) T\u00e9l.\u00a0","og_url":"https:\/\/www.mississaugalegalclinic.ca\/fr\/ressources-communautaires\/renseignements-et-orientation\/","og_site_name":"Mississauga Community Legal Services","article_modified_time":"2023-05-11T09:34:55+00:00","twitter_card":"summary_large_image","twitter_misc":{"Dur\u00e9e de lecture estim\u00e9e":"1 minute"},"schema":{"@context":"https:\/\/schema.org","@graph":[{"@type":"WebPage","@id":"https:\/\/www.mississaugalegalclinic.ca\/fr\/ressources-communautaires\/renseignements-et-orientation\/","url":"https:\/\/www.mississaugalegalclinic.ca\/fr\/ressources-communautaires\/renseignements-et-orientation\/","name":"Renseignements et orientation - Mississauga Community Legal Services","isPartOf":{"@id":"https:\/\/www.mississaugalegalclinic.ca\/#website"},"datePublished":"2023-05-11T09:34:52+00:00","dateModified":"2023-05-11T09:34:55+00:00","breadcrumb":{"@id":"https:\/\/www.mississaugalegalclinic.ca\/fr\/ressources-communautaires\/renseignements-et-orientation\/#breadcrumb"},"inLanguage":"fr-FR","potentialAction":[{"@type":"ReadAction","target":["https:\/\/www.mississaugalegalclinic.ca\/fr\/ressources-communautaires\/renseignements-et-orientation\/"]}]},{"@type":"BreadcrumbList","@id":"https:\/\/www.mississaugalegalclinic.ca\/fr\/ressources-communautaires\/renseignements-et-orientation\/#breadcrumb","itemListElement":[{"@type":"ListItem","position":1,"name":"Home","item":"https:\/\/www.mississaugalegalclinic.ca\/fr\/"},{"@type":"ListItem","position":2,"name":"Ressources communautaires","item":"https:\/\/www.mississaugalegalclinic.ca\/fr\/ressources-communautaires\/"},{"@type":"ListItem","position":3,"name":"Renseignements et orientation"}]},{"@type":"WebSite","@id":"https:\/\/www.mississaugalegalclinic.ca\/#website","url":"https:\/\/www.mississaugalegalclinic.ca\/","name":"Mississauga Community Legal Services","description":"Free legal services for low income residents of Mississauga","potentialAction":[{"@type":"SearchAction","target":{"@type":"EntryPoint","urlTemplate":"https:\/\/www.mississaugalegalclinic.ca\/?s={search_term_string}"},"query-input":{"@type":"PropertyValueSpecification","valueRequired":true,"valueName":"search_term_string"}}],"inLanguage":"fr-FR"}]}},"_links":{"self":[{"href":"https:\/\/www.mississaugalegalclinic.ca\/fr\/wp-json\/wp\/v2\/pages\/1636","targetHints":{"allow":["GET"]}}],"collection":[{"href":"https:\/\/www.mississaugalegalclinic.ca\/fr\/wp-json\/wp\/v2\/pages"}],"about":[{"href":"https:\/\/www.mississaugalegalclinic.ca\/fr\/wp-json\/wp\/v2\/types\/page"}],"author":[{"embeddable":true,"href":"https:\/\/www.mississaugalegalclinic.ca\/fr\/wp-json\/wp\/v2\/users\/2"}],"replies":[{"embeddable":true,"href":"https:\/\/www.mississaugalegalclinic.ca\/fr\/wp-json\/wp\/v2\/comments?post=1636"}],"version-history":[{"count":1,"href":"https:\/\/www.mississaugalegalclinic.ca\/fr\/wp-json\/wp\/v2\/pages\/1636\/revisions"}],"predecessor-version":[{"id":1637,"href":"https:\/\/www.mississaugalegalclinic.ca\/fr\/wp-json\/wp\/v2\/pages\/1636\/revisions\/1637"}],"up":[{"embeddable":true,"href":"https:\/\/www.mississaugalegalclinic.ca\/fr\/wp-json\/wp\/v2\/pages\/1583"}],"wp:attachment":[{"href":"https:\/\/www.mississaugalegalclinic.ca\/fr\/wp-json\/wp\/v2\/media?parent=1636"}],"curies":[{"name":"wp","href":"https:\/\/api.w.org\/{rel}","templated":true}]}}