{"id":1631,"date":"2023-05-11T05:30:38","date_gmt":"2023-05-11T09:30:38","guid":{"rendered":"https:\/\/mcls.turnbull.co\/?page_id=1631"},"modified":"2023-05-11T05:30:51","modified_gmt":"2023-05-11T09:30:51","slug":"logement","status":"publish","type":"page","link":"https:\/\/www.mississaugalegalclinic.ca\/fr\/ressources-communautaires\/logement\/","title":{"rendered":"Logement"},"content":{"rendered":"\n<h2>Fiche de conseils pour les locataires en mati\u00e8re de COVID-19<\/h2>\n<p>Ce que vous devez faire si votre propri\u00e9taire d\u2019immeuble\u00a0:<\/p>\n<ul>\n<li>Vous donne un N4 parce que vous n&rsquo;avez pas pay\u00e9 le loyer<\/li>\n<li>Vous harc\u00e8le ou vous menace<\/li>\n<li>Se pr\u00e9sente \u00e0 votre unit\u00e9<\/li>\n<li>Vous emp\u00eache d&rsquo;entrer dans votre maison<\/li>\n<li>Est un fournisseur de logement public et que vos revenus changent<\/li>\n<\/ul>\n<p>T\u00e9l\u00e9chargez notre fiche de conseils ici\u00a0:<\/p>\n<p><a href=\"https:\/\/www.mississaugalegalclinic.ca\/wp-content\/uploads\/2020\/07\/COVID-tip-sheet-for-tenants.pdf\" target=\"_blank\" rel=\"noopener\">T\u00e9l\u00e9charger la Fiche de conseils pour les locataires en mati\u00e8re de COVID<\/a><\/p>\n<h2>Peel Living (Vivre dans Peel)<\/h2>\n<p>T\u00e9l.\u00a0: 905\u00a0453-1300<\/p>\n<p>Site Web\u00a0: <a href=\"http:\/\/www.peelregion.ca\" target=\"_blank\" rel=\"noopener\">www.peelregion.ca<\/a><\/p>\n<h2>Support Housing in Peel (Logement avec services de soutien dans Peel)<\/h2>\n<p>T\u00e9l.\u00a0: 905\u00a0795-8742<\/p>\n","protected":false},"excerpt":{"rendered":"<p>Fiche de conseils pour les locataires en mati\u00e8re de COVID-19<br \/>\nCe que vous devez faire si votre propri\u00e9taire d\u2019immeuble\u00a0:<\/p>\n<p>Vous donne un N4 parce que vous n&rsquo;avez pas pay\u00e9 le loyer<br \/>\nVous harc\u00e8le ou vous menace<br \/>\nSe pr\u00e9sente \u00e0 votre unit\u00e9<br \/>\nVous emp\u00eache d&rsquo;entrer dans votre maison<br \/>\nEst un fournisseur de logement public et que vos revenus changent<\/p>\n<p>T\u00e9l\u00e9chargez notre fiche de conseils ici\u00a0:<br \/>\n<a href=\"https:\/\/www.mississaugalegalclinic.ca\/wp-content\/uploads\/2020\/07\/COVID-tip-sheet-for-tenants.pdf\" target=\"_blank\" rel=\"noopener\">T\u00e9l\u00e9charger la Fiche de conseils pour les locataires en mati\u00e8re de COVID<\/a><br \/>\nPeel Living (Vivre dans Peel)<br \/>\nT\u00e9l.\u00a0<\/p>\n","protected":false},"author":2,"featured_media":0,"parent":1583,"menu_order":0,"comment_status":"closed","ping_status":"closed","template":"","meta":{"footnotes":""},"class_list":["post-1631","page","type-page","status-publish","hentry"],"yoast_head":"<!-- This site is optimized with the Yoast SEO plugin v27.0 - https:\/\/yoast.com\/product\/yoast-seo-wordpress\/ -->\n<title>Logement - Mississauga Community Legal Services<\/title>\n<meta name=\"robots\" content=\"index, follow, max-snippet:-1, max-image-preview:large, max-video-preview:-1\" \/>\n<link rel=\"canonical\" href=\"https:\/\/www.mississaugalegalclinic.ca\/fr\/ressources-communautaires\/logement\/\" \/>\n<meta property=\"og:locale\" content=\"fr_FR\" \/>\n<meta property=\"og:type\" content=\"article\" \/>\n<meta property=\"og:title\" content=\"Logement - Mississauga Community Legal Services\" \/>\n<meta property=\"og:description\" content=\"Fiche de conseils pour les locataires en mati\u00e8re de COVID-19 Ce que vous devez faire si votre propri\u00e9taire d\u2019immeuble\u00a0: Vous donne un N4 parce que vous n&rsquo;avez pas pay\u00e9 le loyer Vous harc\u00e8le ou vous menace Se pr\u00e9sente \u00e0 votre unit\u00e9 Vous emp\u00eache d&rsquo;entrer dans votre maison Est un fournisseur de logement public et que vos revenus changent T\u00e9l\u00e9chargez notre fiche de conseils ici\u00a0: T\u00e9l\u00e9charger la Fiche de conseils pour les locataires en mati\u00e8re de COVID Peel Living (Vivre dans Peel) T\u00e9l.\u00a0\" \/>\n<meta property=\"og:url\" content=\"https:\/\/www.mississaugalegalclinic.ca\/fr\/ressources-communautaires\/logement\/\" \/>\n<meta property=\"og:site_name\" content=\"Mississauga Community Legal Services\" \/>\n<meta property=\"article:modified_time\" content=\"2023-05-11T09:30:51+00:00\" \/>\n<meta name=\"twitter:card\" content=\"summary_large_image\" \/>\n<meta name=\"twitter:label1\" content=\"Dur\u00e9e de lecture estim\u00e9e\" \/>\n\t<meta name=\"twitter:data1\" content=\"1 minute\" \/>\n<script type=\"application\/ld+json\" class=\"yoast-schema-graph\">{\"@context\":\"https:\/\/schema.org\",\"@graph\":[{\"@type\":\"WebPage\",\"@id\":\"https:\/\/www.mississaugalegalclinic.ca\/fr\/ressources-communautaires\/logement\/\",\"url\":\"https:\/\/www.mississaugalegalclinic.ca\/fr\/ressources-communautaires\/logement\/\",\"name\":\"Logement - Mississauga Community Legal Services\",\"isPartOf\":{\"@id\":\"https:\/\/www.mississaugalegalclinic.ca\/#website\"},\"datePublished\":\"2023-05-11T09:30:38+00:00\",\"dateModified\":\"2023-05-11T09:30:51+00:00\",\"breadcrumb\":{\"@id\":\"https:\/\/www.mississaugalegalclinic.ca\/fr\/ressources-communautaires\/logement\/#breadcrumb\"},\"inLanguage\":\"fr-FR\",\"potentialAction\":[{\"@type\":\"ReadAction\",\"target\":[\"https:\/\/www.mississaugalegalclinic.ca\/fr\/ressources-communautaires\/logement\/\"]}]},{\"@type\":\"BreadcrumbList\",\"@id\":\"https:\/\/www.mississaugalegalclinic.ca\/fr\/ressources-communautaires\/logement\/#breadcrumb\",\"itemListElement\":[{\"@type\":\"ListItem\",\"position\":1,\"name\":\"Home\",\"item\":\"https:\/\/www.mississaugalegalclinic.ca\/fr\/\"},{\"@type\":\"ListItem\",\"position\":2,\"name\":\"Ressources communautaires\",\"item\":\"https:\/\/www.mississaugalegalclinic.ca\/fr\/ressources-communautaires\/\"},{\"@type\":\"ListItem\",\"position\":3,\"name\":\"Logement\"}]},{\"@type\":\"WebSite\",\"@id\":\"https:\/\/www.mississaugalegalclinic.ca\/#website\",\"url\":\"https:\/\/www.mississaugalegalclinic.ca\/\",\"name\":\"Mississauga Community Legal Services\",\"description\":\"Free legal services for low income residents of Mississauga\",\"potentialAction\":[{\"@type\":\"SearchAction\",\"target\":{\"@type\":\"EntryPoint\",\"urlTemplate\":\"https:\/\/www.mississaugalegalclinic.ca\/?s={search_term_string}\"},\"query-input\":{\"@type\":\"PropertyValueSpecification\",\"valueRequired\":true,\"valueName\":\"search_term_string\"}}],\"inLanguage\":\"fr-FR\"}]}<\/script>\n<!-- \/ Yoast SEO plugin. -->","yoast_head_json":{"title":"Logement - Mississauga Community Legal Services","robots":{"index":"index","follow":"follow","max-snippet":"max-snippet:-1","max-image-preview":"max-image-preview:large","max-video-preview":"max-video-preview:-1"},"canonical":"https:\/\/www.mississaugalegalclinic.ca\/fr\/ressources-communautaires\/logement\/","og_locale":"fr_FR","og_type":"article","og_title":"Logement - Mississauga Community Legal Services","og_description":"Fiche de conseils pour les locataires en mati\u00e8re de COVID-19 Ce que vous devez faire si votre propri\u00e9taire d\u2019immeuble\u00a0: Vous donne un N4 parce que vous n&rsquo;avez pas pay\u00e9 le loyer Vous harc\u00e8le ou vous menace Se pr\u00e9sente \u00e0 votre unit\u00e9 Vous emp\u00eache d&rsquo;entrer dans votre maison Est un fournisseur de logement public et que vos revenus changent T\u00e9l\u00e9chargez notre fiche de conseils ici\u00a0: T\u00e9l\u00e9charger la Fiche de conseils pour les locataires en mati\u00e8re de COVID Peel Living (Vivre dans Peel) T\u00e9l.\u00a0","og_url":"https:\/\/www.mississaugalegalclinic.ca\/fr\/ressources-communautaires\/logement\/","og_site_name":"Mississauga Community Legal Services","article_modified_time":"2023-05-11T09:30:51+00:00","twitter_card":"summary_large_image","twitter_misc":{"Dur\u00e9e de lecture estim\u00e9e":"1 minute"},"schema":{"@context":"https:\/\/schema.org","@graph":[{"@type":"WebPage","@id":"https:\/\/www.mississaugalegalclinic.ca\/fr\/ressources-communautaires\/logement\/","url":"https:\/\/www.mississaugalegalclinic.ca\/fr\/ressources-communautaires\/logement\/","name":"Logement - Mississauga Community Legal Services","isPartOf":{"@id":"https:\/\/www.mississaugalegalclinic.ca\/#website"},"datePublished":"2023-05-11T09:30:38+00:00","dateModified":"2023-05-11T09:30:51+00:00","breadcrumb":{"@id":"https:\/\/www.mississaugalegalclinic.ca\/fr\/ressources-communautaires\/logement\/#breadcrumb"},"inLanguage":"fr-FR","potentialAction":[{"@type":"ReadAction","target":["https:\/\/www.mississaugalegalclinic.ca\/fr\/ressources-communautaires\/logement\/"]}]},{"@type":"BreadcrumbList","@id":"https:\/\/www.mississaugalegalclinic.ca\/fr\/ressources-communautaires\/logement\/#breadcrumb","itemListElement":[{"@type":"ListItem","position":1,"name":"Home","item":"https:\/\/www.mississaugalegalclinic.ca\/fr\/"},{"@type":"ListItem","position":2,"name":"Ressources communautaires","item":"https:\/\/www.mississaugalegalclinic.ca\/fr\/ressources-communautaires\/"},{"@type":"ListItem","position":3,"name":"Logement"}]},{"@type":"WebSite","@id":"https:\/\/www.mississaugalegalclinic.ca\/#website","url":"https:\/\/www.mississaugalegalclinic.ca\/","name":"Mississauga Community Legal Services","description":"Free legal services for low income residents of Mississauga","potentialAction":[{"@type":"SearchAction","target":{"@type":"EntryPoint","urlTemplate":"https:\/\/www.mississaugalegalclinic.ca\/?s={search_term_string}"},"query-input":{"@type":"PropertyValueSpecification","valueRequired":true,"valueName":"search_term_string"}}],"inLanguage":"fr-FR"}]}},"_links":{"self":[{"href":"https:\/\/www.mississaugalegalclinic.ca\/fr\/wp-json\/wp\/v2\/pages\/1631","targetHints":{"allow":["GET"]}}],"collection":[{"href":"https:\/\/www.mississaugalegalclinic.ca\/fr\/wp-json\/wp\/v2\/pages"}],"about":[{"href":"https:\/\/www.mississaugalegalclinic.ca\/fr\/wp-json\/wp\/v2\/types\/page"}],"author":[{"embeddable":true,"href":"https:\/\/www.mississaugalegalclinic.ca\/fr\/wp-json\/wp\/v2\/users\/2"}],"replies":[{"embeddable":true,"href":"https:\/\/www.mississaugalegalclinic.ca\/fr\/wp-json\/wp\/v2\/comments?post=1631"}],"version-history":[{"count":1,"href":"https:\/\/www.mississaugalegalclinic.ca\/fr\/wp-json\/wp\/v2\/pages\/1631\/revisions"}],"predecessor-version":[{"id":1632,"href":"https:\/\/www.mississaugalegalclinic.ca\/fr\/wp-json\/wp\/v2\/pages\/1631\/revisions\/1632"}],"up":[{"embeddable":true,"href":"https:\/\/www.mississaugalegalclinic.ca\/fr\/wp-json\/wp\/v2\/pages\/1583"}],"wp:attachment":[{"href":"https:\/\/www.mississaugalegalclinic.ca\/fr\/wp-json\/wp\/v2\/media?parent=1631"}],"curies":[{"name":"wp","href":"https:\/\/api.w.org\/{rel}","templated":true}]}}