{"id":1625,"date":"2023-05-11T05:21:11","date_gmt":"2023-05-11T09:21:11","guid":{"rendered":"https:\/\/mcls.turnbull.co\/?page_id=1625"},"modified":"2023-05-11T05:21:14","modified_gmt":"2023-05-11T09:21:14","slug":"banques-alimentaires-et-autres-services-essentiels","status":"publish","type":"page","link":"https:\/\/www.mississaugalegalclinic.ca\/fr\/ressources-communautaires\/banques-alimentaires-et-autres-services-essentiels\/","title":{"rendered":"Banques alimentaires et autres services essentiels"},"content":{"rendered":"\n<h2>Banques alimentaires Canada<\/h2>\n<p>Site Web\u00a0: <a href=\"https:\/\/regenbrampton.com\/service\/id-clinic\/\" target=\"_blank\" rel=\"noopener\">https:\/\/foodbankscanada.ca\/fr\/find-a-food-bank\/<\/a><\/p>\n<h2>The Compass (La boussole)<\/h2>\n<p>Adresse\u00a0: 427 Lakeshore Rd E, Mississauga (Ontario)\u00a0 L5G 1H8<\/p>\n<p>T\u00e9l.\u00a0: 905\u00a0274-9309<\/p>\n<h2>Eden Food for Change (Aliments pour le changement Eden)<\/h2>\n<p>Adresse\u00a0: 3185 Unity Dr #2, Mississauga (Ontario)\u00a0 L5L 4L5<\/p>\n<p>T\u00e9l.\u00a0: 905\u00a0785-3651<\/p>\n<h2>The Mississauga Food Bank (La banque alimentaire de Mississauga)<\/h2>\n<p>Adresse\u00a0: 3121 Universal Dr, Mississauga (Ontario)\u00a0 L4X 2E2<\/p>\n<p>T\u00e9l.\u00a0: 905\u00a0270-5589<\/p>\n<p>Site Web\u00a0: <a href=\"https:\/\/regenbrampton.com\/service\/id-clinic\/\" target=\"_blank\" rel=\"noopener\">https:\/\/www.themississaugafoodbank.org\/<\/a><\/p>\n<h2>ICNA Relief Canada (Secours Canada ICNA)<\/h2>\n<p>Adresse\u00a0: 6120 Montevideo Rd. #4, Mississauga (Ontario)\u00a0 L5N 3W5<\/p>\n<p>T\u00e9l.\u00a0: 905\u00a0997-8777<\/p>\n<h2>Malton Neighbourhood Services \u2013 Food Pantry (Services d\u2019entraide de Malton \u2013 Aide alimentaire)<\/h2>\n<p>Adresse\u00a0: 3540 Morning Star Dr, Mississauga (Ontario)\u00a0 L4T 1Y2<\/p>\n<p>T\u00e9l.\u00a0: 905\u00a0677-6270<\/p>\n<h2>Muslim Welfare Centre (Centre de bien-\u00eatre musulman) \u2013 Banque alimentaire halal et banque de v\u00eatements<\/h2>\n<p>3490 Mavis Road<br \/>Mississauga (Ontario)\u00a0 L5C 1T8<br \/>T\u00e9l.\u00a0: 905\u00a0281-9730<\/p>\n<h2>Arm\u00e9e du Salut<\/h2>\n<p>T\u00e9l.\u00a0: 905\u00a0279-3941<\/p>\n<h2>Seva Food Bank (Banque alimentaire Seva)<\/h2>\n<p>Adresse\u00a01\u00a0: 2832 Slough St, Mississauga (Ontario)\u00a0 L4T 1G3<\/p>\n<p>Adresse\u00a02\u00a0: 3413 Wolfedale Rd #10, Mississauga (Ontario)\u00a0 L5C 1V8<\/p>\n<p>T\u00e9l.\u00a0: 905\u00a0361-7382<\/p>\n<h2>St. John of the Cross Food Pantry (Aide alimentaire Saint Jean de la Croix)<\/h2>\n<p>Adresse\u00a0: 6890 Glen Erin Dr, Mississauga (Ontario)\u00a0 L5N 2E1<\/p>\n<p>T\u00e9l.\u00a0: 905\u00a0821-1331<\/p>\n<h2>St Mary\u2019s Food Bank (Banque alimentaire de Sainte-Marie)<\/h2>\n<p>Adresse\u00a01\u00a0: 1699 Dundas Street East, Mississauga (Ontario)\u00a0 L4X 1L5<\/p>\n<p>T\u00e9l.\u00a0:905\u00a0238-9008\u00a0<\/p>\n<p>Adresse\u00a02\u00a0: 6277 Mississauga Rd, Mississauga (Ontario)\u00a0 L5N 1A7<\/p>\n<p>T\u00e9l.\u00a0: 905\u00a0286-9987<\/p>\n<p>Adresse\u00a03\u00a0: 5757 Kennedy Rd. Unit 12, Mississauga (Ontario)\u00a0 L4Z 0C5<\/p>\n<p>T\u00e9l.\u00a0:905\u00a0890-0900<\/p>\n<h1>Banque de v\u00eatements<\/h1>\n<h2>The Open Door (La porte ouverte)<\/h2>\n<p>Adresse\u00a0: 100 City Centre Dr, Mississauga (Ontario)\u00a0 L5B 2C9<\/p>\n<p>T\u00e9l.\u00a0: 905\u00a0276-9136<\/p>\n<h1>Cliniqued\u2019identification<\/h1>\n<h2>R\u00e9g\u00e9n\u00e9ration<\/h2>\n<p>T\u00e9l.\u00a0: 905\u00a0796-5888 poste\u00a0109<\/p>\n<p>Site Web\u00a0: <a href=\"https:\/\/regenbrampton.com\/service\/id-clinic\/\" target=\"_blank\" rel=\"noopener\">https:\/\/regenbrampton.com\/service\/id-clinic\/<\/a><\/p>\n","protected":false},"excerpt":{"rendered":"<p>Banques alimentaires Canada<br \/>\nSite Web\u00a0: <a href=\"https:\/\/regenbrampton.com\/service\/id-clinic\/\" target=\"_blank\" rel=\"noopener\">https:\/\/foodbankscanada.ca\/fr\/find-a-food-bank\/<\/a><br \/>\nThe Compass (La boussole)<br \/>\nAdresse\u00a0: 427 Lakeshore Rd E, Mississauga (Ontario)\u00a0 L5G 1H8<br \/>\nT\u00e9l.\u00a0: 905\u00a0274-9309<br \/>\nEden Food for Change (Aliments pour le changement Eden)<br \/>\nAdresse\u00a0: 3185 Unity Dr #2, Mississauga (Ontario)\u00a0 L5L 4L5<br \/>\nT\u00e9l.\u00a0: 905\u00a0785-3651<br \/>\nThe Mississauga Food Bank (La banque alimentaire de Mississauga)<br \/>\nAdresse\u00a0: 3121 Universal Dr,<\/p>\n","protected":false},"author":2,"featured_media":0,"parent":1583,"menu_order":0,"comment_status":"closed","ping_status":"closed","template":"","meta":{"footnotes":""},"class_list":["post-1625","page","type-page","status-publish","hentry"],"yoast_head":"<!-- This site is optimized with the Yoast SEO plugin v27.0 - https:\/\/yoast.com\/product\/yoast-seo-wordpress\/ -->\n<title>Banques alimentaires et autres services essentiels - Mississauga Community Legal Services<\/title>\n<meta name=\"robots\" content=\"index, follow, max-snippet:-1, max-image-preview:large, max-video-preview:-1\" \/>\n<link rel=\"canonical\" href=\"https:\/\/www.mississaugalegalclinic.ca\/fr\/ressources-communautaires\/banques-alimentaires-et-autres-services-essentiels\/\" \/>\n<meta property=\"og:locale\" content=\"fr_FR\" \/>\n<meta property=\"og:type\" content=\"article\" \/>\n<meta property=\"og:title\" content=\"Banques alimentaires et autres services essentiels - Mississauga Community Legal Services\" \/>\n<meta property=\"og:description\" content=\"Banques alimentaires Canada Site Web\u00a0: https:\/\/foodbankscanada.ca\/fr\/find-a-food-bank\/ The Compass (La boussole) Adresse\u00a0: 427 Lakeshore Rd E, Mississauga (Ontario)\u00a0 L5G 1H8 T\u00e9l.\u00a0: 905\u00a0274-9309 Eden Food for Change (Aliments pour le changement Eden) Adresse\u00a0: 3185 Unity Dr #2, Mississauga (Ontario)\u00a0 L5L 4L5 T\u00e9l.\u00a0: 905\u00a0785-3651 The Mississauga Food Bank (La banque alimentaire de Mississauga) Adresse\u00a0: 3121 Universal Dr,\" \/>\n<meta property=\"og:url\" content=\"https:\/\/www.mississaugalegalclinic.ca\/fr\/ressources-communautaires\/banques-alimentaires-et-autres-services-essentiels\/\" \/>\n<meta property=\"og:site_name\" content=\"Mississauga Community Legal Services\" \/>\n<meta property=\"article:modified_time\" content=\"2023-05-11T09:21:14+00:00\" \/>\n<meta name=\"twitter:card\" content=\"summary_large_image\" \/>\n<meta name=\"twitter:label1\" content=\"Dur\u00e9e de lecture estim\u00e9e\" \/>\n\t<meta name=\"twitter:data1\" content=\"2 minutes\" \/>\n<script type=\"application\/ld+json\" class=\"yoast-schema-graph\">{\"@context\":\"https:\/\/schema.org\",\"@graph\":[{\"@type\":\"WebPage\",\"@id\":\"https:\/\/www.mississaugalegalclinic.ca\/fr\/ressources-communautaires\/banques-alimentaires-et-autres-services-essentiels\/\",\"url\":\"https:\/\/www.mississaugalegalclinic.ca\/fr\/ressources-communautaires\/banques-alimentaires-et-autres-services-essentiels\/\",\"name\":\"Banques alimentaires et autres services essentiels - Mississauga Community Legal Services\",\"isPartOf\":{\"@id\":\"https:\/\/www.mississaugalegalclinic.ca\/#website\"},\"datePublished\":\"2023-05-11T09:21:11+00:00\",\"dateModified\":\"2023-05-11T09:21:14+00:00\",\"breadcrumb\":{\"@id\":\"https:\/\/www.mississaugalegalclinic.ca\/fr\/ressources-communautaires\/banques-alimentaires-et-autres-services-essentiels\/#breadcrumb\"},\"inLanguage\":\"fr-FR\",\"potentialAction\":[{\"@type\":\"ReadAction\",\"target\":[\"https:\/\/www.mississaugalegalclinic.ca\/fr\/ressources-communautaires\/banques-alimentaires-et-autres-services-essentiels\/\"]}]},{\"@type\":\"BreadcrumbList\",\"@id\":\"https:\/\/www.mississaugalegalclinic.ca\/fr\/ressources-communautaires\/banques-alimentaires-et-autres-services-essentiels\/#breadcrumb\",\"itemListElement\":[{\"@type\":\"ListItem\",\"position\":1,\"name\":\"Home\",\"item\":\"https:\/\/www.mississaugalegalclinic.ca\/fr\/\"},{\"@type\":\"ListItem\",\"position\":2,\"name\":\"Ressources communautaires\",\"item\":\"https:\/\/www.mississaugalegalclinic.ca\/fr\/ressources-communautaires\/\"},{\"@type\":\"ListItem\",\"position\":3,\"name\":\"Banques alimentaires et autres services essentiels\"}]},{\"@type\":\"WebSite\",\"@id\":\"https:\/\/www.mississaugalegalclinic.ca\/#website\",\"url\":\"https:\/\/www.mississaugalegalclinic.ca\/\",\"name\":\"Mississauga Community Legal Services\",\"description\":\"Free legal services for low income residents of Mississauga\",\"potentialAction\":[{\"@type\":\"SearchAction\",\"target\":{\"@type\":\"EntryPoint\",\"urlTemplate\":\"https:\/\/www.mississaugalegalclinic.ca\/?s={search_term_string}\"},\"query-input\":{\"@type\":\"PropertyValueSpecification\",\"valueRequired\":true,\"valueName\":\"search_term_string\"}}],\"inLanguage\":\"fr-FR\"}]}<\/script>\n<!-- \/ Yoast SEO plugin. -->","yoast_head_json":{"title":"Banques alimentaires et autres services essentiels - Mississauga Community Legal Services","robots":{"index":"index","follow":"follow","max-snippet":"max-snippet:-1","max-image-preview":"max-image-preview:large","max-video-preview":"max-video-preview:-1"},"canonical":"https:\/\/www.mississaugalegalclinic.ca\/fr\/ressources-communautaires\/banques-alimentaires-et-autres-services-essentiels\/","og_locale":"fr_FR","og_type":"article","og_title":"Banques alimentaires et autres services essentiels - Mississauga Community Legal Services","og_description":"Banques alimentaires Canada Site Web\u00a0: https:\/\/foodbankscanada.ca\/fr\/find-a-food-bank\/ The Compass (La boussole) Adresse\u00a0: 427 Lakeshore Rd E, Mississauga (Ontario)\u00a0 L5G 1H8 T\u00e9l.\u00a0: 905\u00a0274-9309 Eden Food for Change (Aliments pour le changement Eden) Adresse\u00a0: 3185 Unity Dr #2, Mississauga (Ontario)\u00a0 L5L 4L5 T\u00e9l.\u00a0: 905\u00a0785-3651 The Mississauga Food Bank (La banque alimentaire de Mississauga) Adresse\u00a0: 3121 Universal Dr,","og_url":"https:\/\/www.mississaugalegalclinic.ca\/fr\/ressources-communautaires\/banques-alimentaires-et-autres-services-essentiels\/","og_site_name":"Mississauga Community Legal Services","article_modified_time":"2023-05-11T09:21:14+00:00","twitter_card":"summary_large_image","twitter_misc":{"Dur\u00e9e de lecture estim\u00e9e":"2 minutes"},"schema":{"@context":"https:\/\/schema.org","@graph":[{"@type":"WebPage","@id":"https:\/\/www.mississaugalegalclinic.ca\/fr\/ressources-communautaires\/banques-alimentaires-et-autres-services-essentiels\/","url":"https:\/\/www.mississaugalegalclinic.ca\/fr\/ressources-communautaires\/banques-alimentaires-et-autres-services-essentiels\/","name":"Banques alimentaires et autres services essentiels - Mississauga Community Legal Services","isPartOf":{"@id":"https:\/\/www.mississaugalegalclinic.ca\/#website"},"datePublished":"2023-05-11T09:21:11+00:00","dateModified":"2023-05-11T09:21:14+00:00","breadcrumb":{"@id":"https:\/\/www.mississaugalegalclinic.ca\/fr\/ressources-communautaires\/banques-alimentaires-et-autres-services-essentiels\/#breadcrumb"},"inLanguage":"fr-FR","potentialAction":[{"@type":"ReadAction","target":["https:\/\/www.mississaugalegalclinic.ca\/fr\/ressources-communautaires\/banques-alimentaires-et-autres-services-essentiels\/"]}]},{"@type":"BreadcrumbList","@id":"https:\/\/www.mississaugalegalclinic.ca\/fr\/ressources-communautaires\/banques-alimentaires-et-autres-services-essentiels\/#breadcrumb","itemListElement":[{"@type":"ListItem","position":1,"name":"Home","item":"https:\/\/www.mississaugalegalclinic.ca\/fr\/"},{"@type":"ListItem","position":2,"name":"Ressources communautaires","item":"https:\/\/www.mississaugalegalclinic.ca\/fr\/ressources-communautaires\/"},{"@type":"ListItem","position":3,"name":"Banques alimentaires et autres services essentiels"}]},{"@type":"WebSite","@id":"https:\/\/www.mississaugalegalclinic.ca\/#website","url":"https:\/\/www.mississaugalegalclinic.ca\/","name":"Mississauga Community Legal Services","description":"Free legal services for low income residents of Mississauga","potentialAction":[{"@type":"SearchAction","target":{"@type":"EntryPoint","urlTemplate":"https:\/\/www.mississaugalegalclinic.ca\/?s={search_term_string}"},"query-input":{"@type":"PropertyValueSpecification","valueRequired":true,"valueName":"search_term_string"}}],"inLanguage":"fr-FR"}]}},"_links":{"self":[{"href":"https:\/\/www.mississaugalegalclinic.ca\/fr\/wp-json\/wp\/v2\/pages\/1625","targetHints":{"allow":["GET"]}}],"collection":[{"href":"https:\/\/www.mississaugalegalclinic.ca\/fr\/wp-json\/wp\/v2\/pages"}],"about":[{"href":"https:\/\/www.mississaugalegalclinic.ca\/fr\/wp-json\/wp\/v2\/types\/page"}],"author":[{"embeddable":true,"href":"https:\/\/www.mississaugalegalclinic.ca\/fr\/wp-json\/wp\/v2\/users\/2"}],"replies":[{"embeddable":true,"href":"https:\/\/www.mississaugalegalclinic.ca\/fr\/wp-json\/wp\/v2\/comments?post=1625"}],"version-history":[{"count":1,"href":"https:\/\/www.mississaugalegalclinic.ca\/fr\/wp-json\/wp\/v2\/pages\/1625\/revisions"}],"predecessor-version":[{"id":1626,"href":"https:\/\/www.mississaugalegalclinic.ca\/fr\/wp-json\/wp\/v2\/pages\/1625\/revisions\/1626"}],"up":[{"embeddable":true,"href":"https:\/\/www.mississaugalegalclinic.ca\/fr\/wp-json\/wp\/v2\/pages\/1583"}],"wp:attachment":[{"href":"https:\/\/www.mississaugalegalclinic.ca\/fr\/wp-json\/wp\/v2\/media?parent=1625"}],"curies":[{"name":"wp","href":"https:\/\/api.w.org\/{rel}","templated":true}]}}