{"id":1613,"date":"2023-05-11T04:57:33","date_gmt":"2023-05-11T08:57:33","guid":{"rendered":"https:\/\/mcls.turnbull.co\/?page_id=1613"},"modified":"2023-05-11T04:57:34","modified_gmt":"2023-05-11T08:57:34","slug":"services-et-lignes-de-crise","status":"publish","type":"page","link":"https:\/\/www.mississaugalegalclinic.ca\/fr\/ressources-communautaires\/services-et-lignes-de-crise\/","title":{"rendered":"Services et lignes de crise"},"content":{"rendered":"\n<h2>24.7 Crisis Support Peel (Soutien en cas de crise de Peel 24.7)<\/h2>\n<p>T\u00e9l.\u00a0: 905\u00a0278-9036<\/p>\n<h2>Youthdale Crisis (Crise \u2013 Youthdale)<\/h2>\n<p>T\u00e9l.\u00a0: 416\u00a0363-9990<\/p>\n<h2>Peel Crisis Capacity Network (R\u00e9seau de capacit\u00e9 de crise de Peel)<\/h2>\n<p>T\u00e9l.\u00a0: 905\u00a0273-4900<\/p>\n<h2>The Postpartum Family Support Line (La ligne d&rsquo;aide aux familles en post-partum)<\/h2>\n<p>T\u00e9l.\u00a0: 905\u00a0799-7700<\/p>\n<h2>Spectra Helpline (Ligne secours Spectra)<\/h2>\n<p>T\u00e9l.\u00a0: 905\u00a0459-7777<\/p>\n<h2>Older Adult Centre Telephone Reassurance Program &#8211; Warm Place (Programme de contact t\u00e9l\u00e9phonique du centre pour personnes \u00e2g\u00e9es &#8211; Endroit chaleureux)<\/h2>\n<p>T\u00e9l.\u00a0: 416\u00a0960-9276<\/p>\n","protected":false},"excerpt":{"rendered":"<p>24.7 Crisis Support Peel (Soutien en cas de crise de Peel 24.7)<br \/>\nT\u00e9l.\u00a0: 905\u00a0278-9036<br \/>\nYouthdale Crisis (Crise \u2013 Youthdale)<br \/>\nT\u00e9l.\u00a0: 416\u00a0363-9990<br \/>\nPeel Crisis Capacity Network (R\u00e9seau de capacit\u00e9 de crise de Peel)<br \/>\nT\u00e9l.\u00a0: 905\u00a0273-4900<br \/>\nThe Postpartum Family Support Line (La ligne d&rsquo;aide aux familles en post-partum)<br \/>\nT\u00e9l.\u00a0<\/p>\n","protected":false},"author":2,"featured_media":0,"parent":1583,"menu_order":0,"comment_status":"closed","ping_status":"closed","template":"","meta":{"footnotes":""},"class_list":["post-1613","page","type-page","status-publish","hentry"],"yoast_head":"<!-- This site is optimized with the Yoast SEO plugin v27.0 - https:\/\/yoast.com\/product\/yoast-seo-wordpress\/ -->\n<title>Services et lignes de crise - Mississauga Community Legal Services<\/title>\n<meta name=\"robots\" content=\"index, follow, max-snippet:-1, max-image-preview:large, max-video-preview:-1\" \/>\n<link rel=\"canonical\" href=\"https:\/\/www.mississaugalegalclinic.ca\/fr\/ressources-communautaires\/services-et-lignes-de-crise\/\" \/>\n<meta property=\"og:locale\" content=\"fr_FR\" \/>\n<meta property=\"og:type\" content=\"article\" \/>\n<meta property=\"og:title\" content=\"Services et lignes de crise - Mississauga Community Legal Services\" \/>\n<meta property=\"og:description\" content=\"24.7 Crisis Support Peel (Soutien en cas de crise de Peel 24.7) T\u00e9l.\u00a0: 905\u00a0278-9036 Youthdale Crisis (Crise \u2013 Youthdale) T\u00e9l.\u00a0: 416\u00a0363-9990 Peel Crisis Capacity Network (R\u00e9seau de capacit\u00e9 de crise de Peel) T\u00e9l.\u00a0: 905\u00a0273-4900 The Postpartum Family Support Line (La ligne d&rsquo;aide aux familles en post-partum) T\u00e9l.\u00a0\" \/>\n<meta property=\"og:url\" content=\"https:\/\/www.mississaugalegalclinic.ca\/fr\/ressources-communautaires\/services-et-lignes-de-crise\/\" \/>\n<meta property=\"og:site_name\" content=\"Mississauga Community Legal Services\" \/>\n<meta property=\"article:modified_time\" content=\"2023-05-11T08:57:34+00:00\" \/>\n<meta name=\"twitter:card\" content=\"summary_large_image\" \/>\n<meta name=\"twitter:label1\" content=\"Dur\u00e9e de lecture estim\u00e9e\" \/>\n\t<meta name=\"twitter:data1\" content=\"1 minute\" \/>\n<script type=\"application\/ld+json\" class=\"yoast-schema-graph\">{\"@context\":\"https:\/\/schema.org\",\"@graph\":[{\"@type\":\"WebPage\",\"@id\":\"https:\/\/www.mississaugalegalclinic.ca\/fr\/ressources-communautaires\/services-et-lignes-de-crise\/\",\"url\":\"https:\/\/www.mississaugalegalclinic.ca\/fr\/ressources-communautaires\/services-et-lignes-de-crise\/\",\"name\":\"Services et lignes de crise - Mississauga Community Legal Services\",\"isPartOf\":{\"@id\":\"https:\/\/www.mississaugalegalclinic.ca\/#website\"},\"datePublished\":\"2023-05-11T08:57:33+00:00\",\"dateModified\":\"2023-05-11T08:57:34+00:00\",\"breadcrumb\":{\"@id\":\"https:\/\/www.mississaugalegalclinic.ca\/fr\/ressources-communautaires\/services-et-lignes-de-crise\/#breadcrumb\"},\"inLanguage\":\"fr-FR\",\"potentialAction\":[{\"@type\":\"ReadAction\",\"target\":[\"https:\/\/www.mississaugalegalclinic.ca\/fr\/ressources-communautaires\/services-et-lignes-de-crise\/\"]}]},{\"@type\":\"BreadcrumbList\",\"@id\":\"https:\/\/www.mississaugalegalclinic.ca\/fr\/ressources-communautaires\/services-et-lignes-de-crise\/#breadcrumb\",\"itemListElement\":[{\"@type\":\"ListItem\",\"position\":1,\"name\":\"Home\",\"item\":\"https:\/\/www.mississaugalegalclinic.ca\/fr\/\"},{\"@type\":\"ListItem\",\"position\":2,\"name\":\"Ressources communautaires\",\"item\":\"https:\/\/www.mississaugalegalclinic.ca\/fr\/ressources-communautaires\/\"},{\"@type\":\"ListItem\",\"position\":3,\"name\":\"Services et lignes de crise\"}]},{\"@type\":\"WebSite\",\"@id\":\"https:\/\/www.mississaugalegalclinic.ca\/#website\",\"url\":\"https:\/\/www.mississaugalegalclinic.ca\/\",\"name\":\"Mississauga Community Legal Services\",\"description\":\"Free legal services for low income residents of Mississauga\",\"potentialAction\":[{\"@type\":\"SearchAction\",\"target\":{\"@type\":\"EntryPoint\",\"urlTemplate\":\"https:\/\/www.mississaugalegalclinic.ca\/?s={search_term_string}\"},\"query-input\":{\"@type\":\"PropertyValueSpecification\",\"valueRequired\":true,\"valueName\":\"search_term_string\"}}],\"inLanguage\":\"fr-FR\"}]}<\/script>\n<!-- \/ Yoast SEO plugin. -->","yoast_head_json":{"title":"Services et lignes de crise - Mississauga Community Legal Services","robots":{"index":"index","follow":"follow","max-snippet":"max-snippet:-1","max-image-preview":"max-image-preview:large","max-video-preview":"max-video-preview:-1"},"canonical":"https:\/\/www.mississaugalegalclinic.ca\/fr\/ressources-communautaires\/services-et-lignes-de-crise\/","og_locale":"fr_FR","og_type":"article","og_title":"Services et lignes de crise - Mississauga Community Legal Services","og_description":"24.7 Crisis Support Peel (Soutien en cas de crise de Peel 24.7) T\u00e9l.\u00a0: 905\u00a0278-9036 Youthdale Crisis (Crise \u2013 Youthdale) T\u00e9l.\u00a0: 416\u00a0363-9990 Peel Crisis Capacity Network (R\u00e9seau de capacit\u00e9 de crise de Peel) T\u00e9l.\u00a0: 905\u00a0273-4900 The Postpartum Family Support Line (La ligne d&rsquo;aide aux familles en post-partum) T\u00e9l.\u00a0","og_url":"https:\/\/www.mississaugalegalclinic.ca\/fr\/ressources-communautaires\/services-et-lignes-de-crise\/","og_site_name":"Mississauga Community Legal Services","article_modified_time":"2023-05-11T08:57:34+00:00","twitter_card":"summary_large_image","twitter_misc":{"Dur\u00e9e de lecture estim\u00e9e":"1 minute"},"schema":{"@context":"https:\/\/schema.org","@graph":[{"@type":"WebPage","@id":"https:\/\/www.mississaugalegalclinic.ca\/fr\/ressources-communautaires\/services-et-lignes-de-crise\/","url":"https:\/\/www.mississaugalegalclinic.ca\/fr\/ressources-communautaires\/services-et-lignes-de-crise\/","name":"Services et lignes de crise - Mississauga Community Legal Services","isPartOf":{"@id":"https:\/\/www.mississaugalegalclinic.ca\/#website"},"datePublished":"2023-05-11T08:57:33+00:00","dateModified":"2023-05-11T08:57:34+00:00","breadcrumb":{"@id":"https:\/\/www.mississaugalegalclinic.ca\/fr\/ressources-communautaires\/services-et-lignes-de-crise\/#breadcrumb"},"inLanguage":"fr-FR","potentialAction":[{"@type":"ReadAction","target":["https:\/\/www.mississaugalegalclinic.ca\/fr\/ressources-communautaires\/services-et-lignes-de-crise\/"]}]},{"@type":"BreadcrumbList","@id":"https:\/\/www.mississaugalegalclinic.ca\/fr\/ressources-communautaires\/services-et-lignes-de-crise\/#breadcrumb","itemListElement":[{"@type":"ListItem","position":1,"name":"Home","item":"https:\/\/www.mississaugalegalclinic.ca\/fr\/"},{"@type":"ListItem","position":2,"name":"Ressources communautaires","item":"https:\/\/www.mississaugalegalclinic.ca\/fr\/ressources-communautaires\/"},{"@type":"ListItem","position":3,"name":"Services et lignes de crise"}]},{"@type":"WebSite","@id":"https:\/\/www.mississaugalegalclinic.ca\/#website","url":"https:\/\/www.mississaugalegalclinic.ca\/","name":"Mississauga Community Legal Services","description":"Free legal services for low income residents of Mississauga","potentialAction":[{"@type":"SearchAction","target":{"@type":"EntryPoint","urlTemplate":"https:\/\/www.mississaugalegalclinic.ca\/?s={search_term_string}"},"query-input":{"@type":"PropertyValueSpecification","valueRequired":true,"valueName":"search_term_string"}}],"inLanguage":"fr-FR"}]}},"_links":{"self":[{"href":"https:\/\/www.mississaugalegalclinic.ca\/fr\/wp-json\/wp\/v2\/pages\/1613","targetHints":{"allow":["GET"]}}],"collection":[{"href":"https:\/\/www.mississaugalegalclinic.ca\/fr\/wp-json\/wp\/v2\/pages"}],"about":[{"href":"https:\/\/www.mississaugalegalclinic.ca\/fr\/wp-json\/wp\/v2\/types\/page"}],"author":[{"embeddable":true,"href":"https:\/\/www.mississaugalegalclinic.ca\/fr\/wp-json\/wp\/v2\/users\/2"}],"replies":[{"embeddable":true,"href":"https:\/\/www.mississaugalegalclinic.ca\/fr\/wp-json\/wp\/v2\/comments?post=1613"}],"version-history":[{"count":1,"href":"https:\/\/www.mississaugalegalclinic.ca\/fr\/wp-json\/wp\/v2\/pages\/1613\/revisions"}],"predecessor-version":[{"id":1614,"href":"https:\/\/www.mississaugalegalclinic.ca\/fr\/wp-json\/wp\/v2\/pages\/1613\/revisions\/1614"}],"up":[{"embeddable":true,"href":"https:\/\/www.mississaugalegalclinic.ca\/fr\/wp-json\/wp\/v2\/pages\/1583"}],"wp:attachment":[{"href":"https:\/\/www.mississaugalegalclinic.ca\/fr\/wp-json\/wp\/v2\/media?parent=1613"}],"curies":[{"name":"wp","href":"https:\/\/api.w.org\/{rel}","templated":true}]}}