{"id":1605,"date":"2023-05-11T04:45:31","date_gmt":"2023-05-11T08:45:31","guid":{"rendered":"https:\/\/mcls.turnbull.co\/?page_id=1605"},"modified":"2023-05-11T04:45:36","modified_gmt":"2023-05-11T08:45:36","slug":"services-lies-a-la-violence-ou-a-lagression","status":"publish","type":"page","link":"https:\/\/www.mississaugalegalclinic.ca\/fr\/ressources-communautaires\/services-lies-a-la-violence-ou-a-lagression\/","title":{"rendered":"Services li\u00e9s \u00e0 la violence ou \u00e0 l\u2019agression"},"content":{"rendered":"\n<h2>Ligne d\u2019urgence Fem\u2019aide<\/h2>\n<p>Ligne d\u2019urgence Fem\u2019aide offre une ligne de crise 24\u00a0heures sur 24 par t\u00e9l\u00e9phone et ATS \u00e0 toutes les femmes qui ont subi de la violence. Nous fournissons du counseling, du soutien \u00e9motionnel, des renseignements et de l\u2019orientation. Nous reconnaissons que la violence est un exemple de l&rsquo;in\u00e9galit\u00e9 sociale, politique et \u00e9conomique des femmes dans le monde. La ligne d\u2019urgence se consacre \u00e0 l&rsquo;\u00e9galit\u00e9 pour toutes les femmes.<\/p>\n<p>Site Web\u00a0: <a href=\"http:\/\/www.awhl.org\/our-mission\" target=\"_blank\" rel=\"noopener\">http:\/\/www.awhl.org\/our-mission<\/a><\/p>\n<h2>Services catholiques interculturels (services de soutien aux femmes)<\/h2>\n<p>Services de counseling confidentiels pour aider les femmes nouvellement arriv\u00e9es et leurs enfants qui ont subi ou qui subissent de la violence familiale.<\/p>\n<p>T\u00e9l.\u00a0:\u00a0 905\u00a0457-7740, 905\u00a0273-4140<\/p>\n<p>Site Web\u00a0: <a href=\"http:\/\/www.awhl.org\/our-mission\" target=\"_blank\" rel=\"noopener\">http:\/\/cathcrosscultural.org\/<\/a><\/p>\n<h2>Chantel\u2019s Place (Chez Chantelle)<\/h2>\n<p>Chantel&rsquo;s Place (Chez Chantelle) a ouvert en novembre\u00a01998 en partenariat avec la police r\u00e9gionale de Peel. Chantel&rsquo;s Place (Chez Chantelle) est un espace priv\u00e9 et s\u00e9curitaire qui offre une atmosph\u00e8re de confort et de soutien aux victimes d&rsquo;agression sexuelle et de violence familiale, ind\u00e9pendamment de leur genre, de leur \u00e2ge et de leur ethnicit\u00e9. C&rsquo;est un lieu o\u00f9 l&rsquo;on peut se rendre pour obtenir une aide et des examens m\u00e9dicaux, ainsi que du counseling.<\/p>\n<p>T\u00e9l.\u00a0: 905\u00a0848-7580<\/p>\n<p>Site Web\u00a0: <a href=\"http:\/\/www.awhl.org\/our-mission\" target=\"_blank\" rel=\"noopener\">https:\/\/trilliumhealthpartners.ca\/patientservices\/womens\/Chantels-Place\/Pages\/default.aspx<\/a><\/p>\n<h2>Family Transition Place (Place de transition familiale)<\/h2>\n<p>Family Transition Place (FTP) (Place de transition familiale) fournit des services essentiels aux femmes et \u00e0 leurs enfants qui ont \u00e9t\u00e9 victimes de violence et de relations malsaines. Les femmes et leurs enfants peuvent y trouver un endroit o\u00f9 vivre et du counseling professionnel.<\/p>\n<p>T\u00e9l.\u00a0: 905\u00a0584-4357<\/p>\n<p>Site Web\u00a0: <a href=\"http:\/\/www.familytransitionplace.ca\" target=\"_blank\" rel=\"noopener\">www.familytransitionplace.ca<\/a><\/p>\n<h2>Hope 24\/7 (Espoir 24\/7)<\/h2>\n<p>Hope 24\/7 (Espoir 24\/7) est une \u0153uvre de bienfaisance qui propose des services de psychoth\u00e9rapie aux personnes de 12\u00a0ans et plus, victimes de relation de violence et de violence sexuelle. Hope 24\/7 (Espoir 24\/7) est le centre d&rsquo;aide aux victimes d&rsquo;agression sexuelle (CAS) d\u00e9sign\u00e9 par la province pour la r\u00e9gion de Peel, et dessert une population de plus de 1,4\u00a0million de personnes. Notre objectif est d&rsquo;aider les personnes qui ont subi de la violence interpersonnelle traumatisante gr\u00e2ce \u00e0 des programmes de traitement et de pr\u00e9vention fond\u00e9s sur des donn\u00e9es probantes<\/p>\n<p>T\u00e9l.\u00a0: 905\u00a0792-0821<\/p>\n<p>Site Web\u00a0: <a href=\"http:\/\/www.hope247.ca\" target=\"_blank\" rel=\"noopener\">www.hope247.ca<\/a><\/p>\n<h2>Embrave<\/h2>\n<p>Refuge pour femmes et enfants<\/p>\n<p>T\u00e9l.\u00a0: 905\u00a0403-0864\u00a0\u00a0\u00a0\u00a0\u00a0\u00a0\u00a0\u00a0 \u00a0<\/p>\n<p>Site Web\u00a0: <a href=\"https:\/\/embrave.ca\/\" target=\"_blank\" rel=\"noopener\">https:\/\/embrave.ca\/<\/a><\/p>\n<h2>WhereToStart (O\u00f9 commencer)<\/h2>\n<p>Nous offrons des services de sant\u00e9 mentale de haute qualit\u00e9 aux enfants, aux jeunes et \u00e0 leurs familles qui vivent dans les r\u00e9gions de Brampton, Mississauga ou Caledon.<\/p>\n<p>T\u00e9l.\u00a0: 905\u00a0451-4655<\/p>\n<p>Site Web\u00a0: <a href=\"https:\/\/wheretostart.ca\/fr\/accueil\/\" target=\"_blank\" rel=\"noopener\">WhereToStart.ca\/fr<\/a><\/p>\n<h2>La Soci\u00e9t\u00e9 d&rsquo;aide \u00e0 l&rsquo;enfance de Peel<\/h2>\n<p>T\u00e9l.\u00a0: 905\u00a0363-6131<\/p>\n<p>Site Web\u00a0: <a href=\"https:\/\/www.peelcas.org\/fr\/home\" target=\"_blank\" rel=\"noopener\">https:\/\/www.peelcas.org\/fr\/home<\/a><\/p>\n<h2>Peel Elder Abuse Support Program (Programme de soutien aux personnes \u00e2g\u00e9es maltrait\u00e9es)<\/h2>\n<p>T\u00e9l.\u00a0: 905\u00a0459-7777<\/p>\n<p>Site Web\u00a0: <a href=\"http:\/\/www.peapn.ca\/\" target=\"_blank\" rel=\"noopener\">http:\/\/www.peapn.ca\/<\/a><\/p>\n<h2>Roots Community Services (Services communautaires Roots)<\/h2>\n<p>Adresse\u00a0: 2227 South Millway Suite 202 Mississauga (Ontario)\u00a0 L5L 3R6<\/p>\n<p>T\u00e9l.\u00a0: 1\u00a0905\u00a0455-6789<\/p>\n<p>Site Web\u00a0: <a href=\"https:\/\/rootscs.org\/womens-program\" target=\"_blank\" rel=\"noopener\">https:\/\/rootscs.org\/womens-program<\/a><\/p>\n<h2>Victim Services of Peel (Services aux victimes de Peel)<\/h2>\n<p>Victim Services of Peel (Services aux victimes de Peel) fournissent des services et du soutien aux victimes de crimes ou d&rsquo;\u00e9v\u00e9nements tragiques. Les services fournis sont bas\u00e9s sur les besoins individuels, \u00e9tant entendu que certaines victimes \u00e9prouvent plus de difficult\u00e9s \u00e0 acc\u00e9der aux services en raison de leur race, de leur classe sociale, de leur genre, de leur culture, de leur \u00e2ge, de leurs capacit\u00e9s ou de leur orientation sexuelle.<\/p>\n<p>T\u00e9l.\u00a0: 905\u00a0568-1068<\/p>\n<p>Site Web\u00a0: <a href=\"https:\/\/vspeel.org\/fr\/\" target=\"_blank\" rel=\"noopener\">https:\/\/vspeel.org\/fr\/<\/a><\/p>\n","protected":false},"excerpt":{"rendered":"<p>Ligne d\u2019urgence Fem\u2019aide<br \/>\nLigne d\u2019urgence Fem\u2019aide offre une ligne de crise 24\u00a0heures sur 24 par t\u00e9l\u00e9phone et ATS \u00e0 toutes les femmes qui ont subi de la violence. Nous fournissons du counseling, du soutien \u00e9motionnel, des renseignements et de l\u2019orientation. Nous reconnaissons que la violence est un exemple de l&rsquo;in\u00e9galit\u00e9 sociale,<\/p>\n","protected":false},"author":2,"featured_media":0,"parent":1583,"menu_order":0,"comment_status":"closed","ping_status":"closed","template":"","meta":{"footnotes":""},"class_list":["post-1605","page","type-page","status-publish","hentry"],"yoast_head":"<!-- This site is optimized with the Yoast SEO plugin v27.0 - https:\/\/yoast.com\/product\/yoast-seo-wordpress\/ -->\n<title>Services li\u00e9s \u00e0 la violence ou \u00e0 l\u2019agression - Mississauga Community Legal Services<\/title>\n<meta name=\"robots\" content=\"index, follow, max-snippet:-1, max-image-preview:large, max-video-preview:-1\" \/>\n<link rel=\"canonical\" href=\"https:\/\/www.mississaugalegalclinic.ca\/fr\/ressources-communautaires\/services-lies-a-la-violence-ou-a-lagression\/\" \/>\n<meta property=\"og:locale\" content=\"fr_FR\" \/>\n<meta property=\"og:type\" content=\"article\" \/>\n<meta property=\"og:title\" content=\"Services li\u00e9s \u00e0 la violence ou \u00e0 l\u2019agression - Mississauga Community Legal Services\" \/>\n<meta property=\"og:description\" content=\"Ligne d\u2019urgence Fem\u2019aide Ligne d\u2019urgence Fem\u2019aide offre une ligne de crise 24\u00a0heures sur 24 par t\u00e9l\u00e9phone et ATS \u00e0 toutes les femmes qui ont subi de la violence. Nous fournissons du counseling, du soutien \u00e9motionnel, des renseignements et de l\u2019orientation. Nous reconnaissons que la violence est un exemple de l&rsquo;in\u00e9galit\u00e9 sociale,\" \/>\n<meta property=\"og:url\" content=\"https:\/\/www.mississaugalegalclinic.ca\/fr\/ressources-communautaires\/services-lies-a-la-violence-ou-a-lagression\/\" \/>\n<meta property=\"og:site_name\" content=\"Mississauga Community Legal Services\" \/>\n<meta property=\"article:modified_time\" content=\"2023-05-11T08:45:36+00:00\" \/>\n<meta name=\"twitter:card\" content=\"summary_large_image\" \/>\n<meta name=\"twitter:label1\" content=\"Dur\u00e9e de lecture estim\u00e9e\" \/>\n\t<meta name=\"twitter:data1\" content=\"3 minutes\" \/>\n<script type=\"application\/ld+json\" class=\"yoast-schema-graph\">{\"@context\":\"https:\/\/schema.org\",\"@graph\":[{\"@type\":\"WebPage\",\"@id\":\"https:\/\/www.mississaugalegalclinic.ca\/fr\/ressources-communautaires\/services-lies-a-la-violence-ou-a-lagression\/\",\"url\":\"https:\/\/www.mississaugalegalclinic.ca\/fr\/ressources-communautaires\/services-lies-a-la-violence-ou-a-lagression\/\",\"name\":\"Services li\u00e9s \u00e0 la violence ou \u00e0 l\u2019agression - Mississauga Community Legal Services\",\"isPartOf\":{\"@id\":\"https:\/\/www.mississaugalegalclinic.ca\/#website\"},\"datePublished\":\"2023-05-11T08:45:31+00:00\",\"dateModified\":\"2023-05-11T08:45:36+00:00\",\"breadcrumb\":{\"@id\":\"https:\/\/www.mississaugalegalclinic.ca\/fr\/ressources-communautaires\/services-lies-a-la-violence-ou-a-lagression\/#breadcrumb\"},\"inLanguage\":\"fr-FR\",\"potentialAction\":[{\"@type\":\"ReadAction\",\"target\":[\"https:\/\/www.mississaugalegalclinic.ca\/fr\/ressources-communautaires\/services-lies-a-la-violence-ou-a-lagression\/\"]}]},{\"@type\":\"BreadcrumbList\",\"@id\":\"https:\/\/www.mississaugalegalclinic.ca\/fr\/ressources-communautaires\/services-lies-a-la-violence-ou-a-lagression\/#breadcrumb\",\"itemListElement\":[{\"@type\":\"ListItem\",\"position\":1,\"name\":\"Home\",\"item\":\"https:\/\/www.mississaugalegalclinic.ca\/fr\/\"},{\"@type\":\"ListItem\",\"position\":2,\"name\":\"Ressources communautaires\",\"item\":\"https:\/\/www.mississaugalegalclinic.ca\/fr\/ressources-communautaires\/\"},{\"@type\":\"ListItem\",\"position\":3,\"name\":\"Services li\u00e9s \u00e0 la violence ou \u00e0 l\u2019agression\"}]},{\"@type\":\"WebSite\",\"@id\":\"https:\/\/www.mississaugalegalclinic.ca\/#website\",\"url\":\"https:\/\/www.mississaugalegalclinic.ca\/\",\"name\":\"Mississauga Community Legal Services\",\"description\":\"Free legal services for low income residents of Mississauga\",\"potentialAction\":[{\"@type\":\"SearchAction\",\"target\":{\"@type\":\"EntryPoint\",\"urlTemplate\":\"https:\/\/www.mississaugalegalclinic.ca\/?s={search_term_string}\"},\"query-input\":{\"@type\":\"PropertyValueSpecification\",\"valueRequired\":true,\"valueName\":\"search_term_string\"}}],\"inLanguage\":\"fr-FR\"}]}<\/script>\n<!-- \/ Yoast SEO plugin. -->","yoast_head_json":{"title":"Services li\u00e9s \u00e0 la violence ou \u00e0 l\u2019agression - Mississauga Community Legal Services","robots":{"index":"index","follow":"follow","max-snippet":"max-snippet:-1","max-image-preview":"max-image-preview:large","max-video-preview":"max-video-preview:-1"},"canonical":"https:\/\/www.mississaugalegalclinic.ca\/fr\/ressources-communautaires\/services-lies-a-la-violence-ou-a-lagression\/","og_locale":"fr_FR","og_type":"article","og_title":"Services li\u00e9s \u00e0 la violence ou \u00e0 l\u2019agression - Mississauga Community Legal Services","og_description":"Ligne d\u2019urgence Fem\u2019aide Ligne d\u2019urgence Fem\u2019aide offre une ligne de crise 24\u00a0heures sur 24 par t\u00e9l\u00e9phone et ATS \u00e0 toutes les femmes qui ont subi de la violence. Nous fournissons du counseling, du soutien \u00e9motionnel, des renseignements et de l\u2019orientation. Nous reconnaissons que la violence est un exemple de l&rsquo;in\u00e9galit\u00e9 sociale,","og_url":"https:\/\/www.mississaugalegalclinic.ca\/fr\/ressources-communautaires\/services-lies-a-la-violence-ou-a-lagression\/","og_site_name":"Mississauga Community Legal Services","article_modified_time":"2023-05-11T08:45:36+00:00","twitter_card":"summary_large_image","twitter_misc":{"Dur\u00e9e de lecture estim\u00e9e":"3 minutes"},"schema":{"@context":"https:\/\/schema.org","@graph":[{"@type":"WebPage","@id":"https:\/\/www.mississaugalegalclinic.ca\/fr\/ressources-communautaires\/services-lies-a-la-violence-ou-a-lagression\/","url":"https:\/\/www.mississaugalegalclinic.ca\/fr\/ressources-communautaires\/services-lies-a-la-violence-ou-a-lagression\/","name":"Services li\u00e9s \u00e0 la violence ou \u00e0 l\u2019agression - Mississauga Community Legal Services","isPartOf":{"@id":"https:\/\/www.mississaugalegalclinic.ca\/#website"},"datePublished":"2023-05-11T08:45:31+00:00","dateModified":"2023-05-11T08:45:36+00:00","breadcrumb":{"@id":"https:\/\/www.mississaugalegalclinic.ca\/fr\/ressources-communautaires\/services-lies-a-la-violence-ou-a-lagression\/#breadcrumb"},"inLanguage":"fr-FR","potentialAction":[{"@type":"ReadAction","target":["https:\/\/www.mississaugalegalclinic.ca\/fr\/ressources-communautaires\/services-lies-a-la-violence-ou-a-lagression\/"]}]},{"@type":"BreadcrumbList","@id":"https:\/\/www.mississaugalegalclinic.ca\/fr\/ressources-communautaires\/services-lies-a-la-violence-ou-a-lagression\/#breadcrumb","itemListElement":[{"@type":"ListItem","position":1,"name":"Home","item":"https:\/\/www.mississaugalegalclinic.ca\/fr\/"},{"@type":"ListItem","position":2,"name":"Ressources communautaires","item":"https:\/\/www.mississaugalegalclinic.ca\/fr\/ressources-communautaires\/"},{"@type":"ListItem","position":3,"name":"Services li\u00e9s \u00e0 la violence ou \u00e0 l\u2019agression"}]},{"@type":"WebSite","@id":"https:\/\/www.mississaugalegalclinic.ca\/#website","url":"https:\/\/www.mississaugalegalclinic.ca\/","name":"Mississauga Community Legal Services","description":"Free legal services for low income residents of Mississauga","potentialAction":[{"@type":"SearchAction","target":{"@type":"EntryPoint","urlTemplate":"https:\/\/www.mississaugalegalclinic.ca\/?s={search_term_string}"},"query-input":{"@type":"PropertyValueSpecification","valueRequired":true,"valueName":"search_term_string"}}],"inLanguage":"fr-FR"}]}},"_links":{"self":[{"href":"https:\/\/www.mississaugalegalclinic.ca\/fr\/wp-json\/wp\/v2\/pages\/1605","targetHints":{"allow":["GET"]}}],"collection":[{"href":"https:\/\/www.mississaugalegalclinic.ca\/fr\/wp-json\/wp\/v2\/pages"}],"about":[{"href":"https:\/\/www.mississaugalegalclinic.ca\/fr\/wp-json\/wp\/v2\/types\/page"}],"author":[{"embeddable":true,"href":"https:\/\/www.mississaugalegalclinic.ca\/fr\/wp-json\/wp\/v2\/users\/2"}],"replies":[{"embeddable":true,"href":"https:\/\/www.mississaugalegalclinic.ca\/fr\/wp-json\/wp\/v2\/comments?post=1605"}],"version-history":[{"count":1,"href":"https:\/\/www.mississaugalegalclinic.ca\/fr\/wp-json\/wp\/v2\/pages\/1605\/revisions"}],"predecessor-version":[{"id":1606,"href":"https:\/\/www.mississaugalegalclinic.ca\/fr\/wp-json\/wp\/v2\/pages\/1605\/revisions\/1606"}],"up":[{"embeddable":true,"href":"https:\/\/www.mississaugalegalclinic.ca\/fr\/wp-json\/wp\/v2\/pages\/1583"}],"wp:attachment":[{"href":"https:\/\/www.mississaugalegalclinic.ca\/fr\/wp-json\/wp\/v2\/media?parent=1605"}],"curies":[{"name":"wp","href":"https:\/\/api.w.org\/{rel}","templated":true}]}}