{"id":1602,"date":"2023-05-11T04:37:52","date_gmt":"2023-05-11T08:37:52","guid":{"rendered":"https:\/\/mcls.turnbull.co\/?page_id=1602"},"modified":"2023-05-11T04:37:55","modified_gmt":"2023-05-11T08:37:55","slug":"211-services-ontario","status":"publish","type":"page","link":"https:\/\/www.mississaugalegalclinic.ca\/fr\/ressources-communautaires\/211-services-ontario\/","title":{"rendered":"211 Services Ontario"},"content":{"rendered":"\n<h2>211\u00a0Ontario<\/h2>\n<p>Site Web\u00a0: <a href=\"https:\/\/211ontario.ca\/recherche\/\" target=\"_blank\" rel=\"noopener\">https:\/\/211ontario.ca\/recherche\/<\/a><\/p>\n<h2>211\u00a0Ontario \u2013 Soutien du revenu<\/h2>\n<p>211Ontario.ca fournit une liste exhaustive de services communautaires et sociaux de tout l&rsquo;Ontario li\u00e9s au soutien du revenu. Dans la plupart des communaut\u00e9s de l&rsquo;Ontario, vous pouvez composer le 211 pour acc\u00e9der \u00e0 des services de renseignements et d&rsquo;orientation par t\u00e9l\u00e9phone, 24\u00a0heures sur 24, 7\u00a0jours sur 7, dans plus de 100\u00a0langues.<\/p>\n<p>Site Web : <a href=\"https:\/\/211ontario.ca\/211-sujets\/logement\/\" target=\"_blank\" rel=\"noopener\">https:\/\/211ontario.ca\/211-sujets\/aide-financiere\/<\/a><\/p>\n<h2>211\u00a0Ontario \u2013 Violence\/agression<\/h2>\n<p>Le site 211ontario.ca fournit de l&rsquo;aide pour les services aux enfants maltrait\u00e9s, du counseling pour les victimes de violence, des lignes de crise pour les victimes de violence, du soutien en cas d&rsquo;agression sexuelle, des refuges pour femmes victimes de violence et des programmes de soutien pour les victimes d\u2019actes criminels.<\/p>\n<p>Site Web\u00a0: <a href=\"https:\/\/211ontario.ca\/211-sujets\/logement\/\" target=\"_blank\" rel=\"noopener\">https:\/\/211ontario.ca\/211-sujets\/violence-agression\/<\/a><\/p>\n<h2>211\u00a0Ontario &#8211; Services de sant\u00e9 mentale\/d\u00e9pendance<\/h2>\n<p>211Ontario.ca fournit une liste exhaustive de services communautaires et sociaux de tout l&rsquo;Ontario li\u00e9s aux services de sant\u00e9 mentale\/d\u00e9pendance. Dans la plupart des communaut\u00e9s de l&rsquo;Ontario, vous pouvez composer le 211 pour acc\u00e9der \u00e0 des services de renseignements et d&rsquo;orientation par t\u00e9l\u00e9phone, 24\u00a0heures sur 24, 7\u00a0jours sur 7, dans plus de 100\u00a0langues.<\/p>\n<p>Site Web\u00a0: <a href=\"https:\/\/211ontario.ca\/211-sujets\/logement\/\" target=\"_blank\" rel=\"noopener\">https:\/\/211ontario.ca\/211-sujets\/sante-mentale-dependances\/<\/a><\/p>\n<h2>211\u00a0Ontario \u2013 Services aux a\u00een\u00e9s<\/h2>\n<p>211Ontario.ca fournit une liste exhaustive de services communautaires et sociaux de tout l&rsquo;Ontario pour les a\u00een\u00e9s, y compris celles qui sont confront\u00e9es \u00e0 la maltraitance des personnes \u00e2g\u00e9es. Vous pouvez entrer votre code postal ou le nom de votre ville ou parcourir leurs services par sujet.<\/p>\n<p>Site Web\u00a0: <a href=\"https:\/\/211ontario.ca\/211-sujets\/logement\/\" target=\"_blank\" rel=\"noopener\">https:\/\/211ontario.ca\/211-sujets\/aines\/<\/a><\/p>\n<h2>211\u00a0Ontario &#8211; Services pour les personnes handicap\u00e9es<\/h2>\n<p>211Ontario.ca fournit une liste exhaustive de services communautaires et sociaux de tout l&rsquo;Ontario pour les personnes handicap\u00e9es. Vous pouvez entrer votre code postal ou le nom de votre ville ou parcourir leurs services par sujet.<\/p>\n<p>Site Web\u00a0: <a href=\"https:\/\/211ontario.ca\/211-sujets\/logement\/\" target=\"_blank\" rel=\"noopener\">https:\/\/211ontario.ca\/211-sujets\/handicaps\/<\/a><\/p>\n<h2>211\u00a0Ontario \u2013 Emploi et formation<\/h2>\n<p>211Ontario.ca fournit une liste exhaustive de services communautaires et sociaux de tout l&rsquo;Ontario li\u00e9s \u00e0 l\u2019emploi et \u00e0 la formation. Dans la plupart des communaut\u00e9s de l&rsquo;Ontario, vous pouvez composer le 211 pour acc\u00e9der \u00e0 des services de renseignements et d&rsquo;orientation par t\u00e9l\u00e9phone, 24\u00a0heures sur 24, 7\u00a0jours sur 7, dans plus de 100\u00a0langues.<\/p>\n<p>Site Web\u00a0: <a href=\"https:\/\/211ontario.ca\/211-sujets\/logement\/\" target=\"_blank\" rel=\"noopener\">https:\/\/211ontario.ca\/211-sujets\/emploi-formation\/<\/a><\/p>\n<h2>211\u00a0Ontario \u2013 Alimentation<\/h2>\n<p>211Ontario.ca fournit une liste exhaustive de services communautaires et sociaux de tout l&rsquo;Ontario li\u00e9s \u00e0 l\u2019alimentation. Dans la plupart des communaut\u00e9s de l&rsquo;Ontario, vous pouvez composer le 211 pour acc\u00e9der \u00e0 des services de renseignements et d&rsquo;orientation par t\u00e9l\u00e9phone, 24\u00a0heures sur 24, 7\u00a0jours sur 7, dans plus de 100\u00a0langues.<\/p>\n<p>Site Web\u00a0: <a href=\"https:\/\/211ontario.ca\/211-sujets\/logement\/\" target=\"_blank\" rel=\"noopener\">https:\/\/211ontario.ca\/211-sujets\/alimentation\/<\/a><\/p>\n<h2>211\u00a0Ontario \u2013 Itin\u00e9rance<\/h2>\n<p>211Ontario.ca fournit une liste exhaustive de services communautaires et sociaux de tout l&rsquo;Ontario li\u00e9s \u00e0 l\u2019itin\u00e9rance. Dans la plupart des communaut\u00e9s de l&rsquo;Ontario, vous pouvez composer le 211 pour acc\u00e9der \u00e0 des services de renseignements et d&rsquo;orientation par t\u00e9l\u00e9phone, 24\u00a0heures sur 24, 7\u00a0jours sur 7, dans plus de 100\u00a0langues.<\/p>\n<p>Site Web\u00a0: <a href=\"https:\/\/211ontario.ca\/211-sujets\/logement\/\" target=\"_blank\" rel=\"noopener\">https:\/\/211ontario.ca\/211-sujets\/itinerance\/<\/a><\/p>\n<h2>211\u00a0Ontario \u2013 Logement<\/h2>\n<p>211Ontario.ca fournit une liste exhaustive de services communautaires et sociaux de tout l&rsquo;Ontario li\u00e9s au logement. Dans la plupart des communaut\u00e9s de l&rsquo;Ontario, vous pouvez composer le 211 pour acc\u00e9der \u00e0 des services de renseignements et d&rsquo;orientation par t\u00e9l\u00e9phone, 24\u00a0heures sur 24, 7\u00a0jours sur 7, dans plus de 100\u00a0langues.<\/p>\n<p>Site Web : <a href=\"https:\/\/211ontario.ca\/211-sujets\/logement\/\" target=\"_blank\" rel=\"noopener\">https:\/\/211ontario.ca\/211-sujets\/logement\/<\/a><\/p>\n","protected":false},"excerpt":{"rendered":"<p>211\u00a0Ontario<br \/>\nSite Web\u00a0: <a href=\"https:\/\/211ontario.ca\/recherche\/\" target=\"_blank\" rel=\"noopener\">https:\/\/211ontario.ca\/recherche\/<\/a><br \/>\n211\u00a0Ontario \u2013 Soutien du revenu<br \/>\n211Ontario.ca fournit une liste exhaustive de services communautaires et sociaux de tout l&rsquo;Ontario li\u00e9s au soutien du revenu. Dans la plupart des communaut\u00e9s de l&rsquo;Ontario, vous pouvez composer le 211 pour acc\u00e9der \u00e0 des services de renseignements et d&rsquo;orientation par t\u00e9l\u00e9phone,<\/p>\n","protected":false},"author":2,"featured_media":0,"parent":1583,"menu_order":0,"comment_status":"closed","ping_status":"closed","template":"","meta":{"footnotes":""},"class_list":["post-1602","page","type-page","status-publish","hentry"],"yoast_head":"<!-- This site is optimized with the Yoast SEO plugin v27.0 - https:\/\/yoast.com\/product\/yoast-seo-wordpress\/ -->\n<title>211 Services Ontario - Mississauga Community Legal Services<\/title>\n<meta name=\"robots\" content=\"index, follow, max-snippet:-1, max-image-preview:large, max-video-preview:-1\" \/>\n<link rel=\"canonical\" href=\"https:\/\/www.mississaugalegalclinic.ca\/fr\/ressources-communautaires\/211-services-ontario\/\" \/>\n<meta property=\"og:locale\" content=\"fr_FR\" \/>\n<meta property=\"og:type\" content=\"article\" \/>\n<meta property=\"og:title\" content=\"211 Services Ontario - Mississauga Community Legal Services\" \/>\n<meta property=\"og:description\" content=\"211\u00a0Ontario Site Web\u00a0: https:\/\/211ontario.ca\/recherche\/ 211\u00a0Ontario \u2013 Soutien du revenu 211Ontario.ca fournit une liste exhaustive de services communautaires et sociaux de tout l&rsquo;Ontario li\u00e9s au soutien du revenu. Dans la plupart des communaut\u00e9s de l&rsquo;Ontario, vous pouvez composer le 211 pour acc\u00e9der \u00e0 des services de renseignements et d&rsquo;orientation par t\u00e9l\u00e9phone,\" \/>\n<meta property=\"og:url\" content=\"https:\/\/www.mississaugalegalclinic.ca\/fr\/ressources-communautaires\/211-services-ontario\/\" \/>\n<meta property=\"og:site_name\" content=\"Mississauga Community Legal Services\" \/>\n<meta property=\"article:modified_time\" content=\"2023-05-11T08:37:55+00:00\" \/>\n<meta name=\"twitter:card\" content=\"summary_large_image\" \/>\n<meta name=\"twitter:label1\" content=\"Dur\u00e9e de lecture estim\u00e9e\" \/>\n\t<meta name=\"twitter:data1\" content=\"3 minutes\" \/>\n<script type=\"application\/ld+json\" class=\"yoast-schema-graph\">{\"@context\":\"https:\/\/schema.org\",\"@graph\":[{\"@type\":\"WebPage\",\"@id\":\"https:\/\/www.mississaugalegalclinic.ca\/fr\/ressources-communautaires\/211-services-ontario\/\",\"url\":\"https:\/\/www.mississaugalegalclinic.ca\/fr\/ressources-communautaires\/211-services-ontario\/\",\"name\":\"211 Services Ontario - Mississauga Community Legal Services\",\"isPartOf\":{\"@id\":\"https:\/\/www.mississaugalegalclinic.ca\/#website\"},\"datePublished\":\"2023-05-11T08:37:52+00:00\",\"dateModified\":\"2023-05-11T08:37:55+00:00\",\"breadcrumb\":{\"@id\":\"https:\/\/www.mississaugalegalclinic.ca\/fr\/ressources-communautaires\/211-services-ontario\/#breadcrumb\"},\"inLanguage\":\"fr-FR\",\"potentialAction\":[{\"@type\":\"ReadAction\",\"target\":[\"https:\/\/www.mississaugalegalclinic.ca\/fr\/ressources-communautaires\/211-services-ontario\/\"]}]},{\"@type\":\"BreadcrumbList\",\"@id\":\"https:\/\/www.mississaugalegalclinic.ca\/fr\/ressources-communautaires\/211-services-ontario\/#breadcrumb\",\"itemListElement\":[{\"@type\":\"ListItem\",\"position\":1,\"name\":\"Home\",\"item\":\"https:\/\/www.mississaugalegalclinic.ca\/fr\/\"},{\"@type\":\"ListItem\",\"position\":2,\"name\":\"Ressources communautaires\",\"item\":\"https:\/\/www.mississaugalegalclinic.ca\/fr\/ressources-communautaires\/\"},{\"@type\":\"ListItem\",\"position\":3,\"name\":\"211 Services Ontario\"}]},{\"@type\":\"WebSite\",\"@id\":\"https:\/\/www.mississaugalegalclinic.ca\/#website\",\"url\":\"https:\/\/www.mississaugalegalclinic.ca\/\",\"name\":\"Mississauga Community Legal Services\",\"description\":\"Free legal services for low income residents of Mississauga\",\"potentialAction\":[{\"@type\":\"SearchAction\",\"target\":{\"@type\":\"EntryPoint\",\"urlTemplate\":\"https:\/\/www.mississaugalegalclinic.ca\/?s={search_term_string}\"},\"query-input\":{\"@type\":\"PropertyValueSpecification\",\"valueRequired\":true,\"valueName\":\"search_term_string\"}}],\"inLanguage\":\"fr-FR\"}]}<\/script>\n<!-- \/ Yoast SEO plugin. -->","yoast_head_json":{"title":"211 Services Ontario - Mississauga Community Legal Services","robots":{"index":"index","follow":"follow","max-snippet":"max-snippet:-1","max-image-preview":"max-image-preview:large","max-video-preview":"max-video-preview:-1"},"canonical":"https:\/\/www.mississaugalegalclinic.ca\/fr\/ressources-communautaires\/211-services-ontario\/","og_locale":"fr_FR","og_type":"article","og_title":"211 Services Ontario - Mississauga Community Legal Services","og_description":"211\u00a0Ontario Site Web\u00a0: https:\/\/211ontario.ca\/recherche\/ 211\u00a0Ontario \u2013 Soutien du revenu 211Ontario.ca fournit une liste exhaustive de services communautaires et sociaux de tout l&rsquo;Ontario li\u00e9s au soutien du revenu. Dans la plupart des communaut\u00e9s de l&rsquo;Ontario, vous pouvez composer le 211 pour acc\u00e9der \u00e0 des services de renseignements et d&rsquo;orientation par t\u00e9l\u00e9phone,","og_url":"https:\/\/www.mississaugalegalclinic.ca\/fr\/ressources-communautaires\/211-services-ontario\/","og_site_name":"Mississauga Community Legal Services","article_modified_time":"2023-05-11T08:37:55+00:00","twitter_card":"summary_large_image","twitter_misc":{"Dur\u00e9e de lecture estim\u00e9e":"3 minutes"},"schema":{"@context":"https:\/\/schema.org","@graph":[{"@type":"WebPage","@id":"https:\/\/www.mississaugalegalclinic.ca\/fr\/ressources-communautaires\/211-services-ontario\/","url":"https:\/\/www.mississaugalegalclinic.ca\/fr\/ressources-communautaires\/211-services-ontario\/","name":"211 Services Ontario - Mississauga Community Legal Services","isPartOf":{"@id":"https:\/\/www.mississaugalegalclinic.ca\/#website"},"datePublished":"2023-05-11T08:37:52+00:00","dateModified":"2023-05-11T08:37:55+00:00","breadcrumb":{"@id":"https:\/\/www.mississaugalegalclinic.ca\/fr\/ressources-communautaires\/211-services-ontario\/#breadcrumb"},"inLanguage":"fr-FR","potentialAction":[{"@type":"ReadAction","target":["https:\/\/www.mississaugalegalclinic.ca\/fr\/ressources-communautaires\/211-services-ontario\/"]}]},{"@type":"BreadcrumbList","@id":"https:\/\/www.mississaugalegalclinic.ca\/fr\/ressources-communautaires\/211-services-ontario\/#breadcrumb","itemListElement":[{"@type":"ListItem","position":1,"name":"Home","item":"https:\/\/www.mississaugalegalclinic.ca\/fr\/"},{"@type":"ListItem","position":2,"name":"Ressources communautaires","item":"https:\/\/www.mississaugalegalclinic.ca\/fr\/ressources-communautaires\/"},{"@type":"ListItem","position":3,"name":"211 Services Ontario"}]},{"@type":"WebSite","@id":"https:\/\/www.mississaugalegalclinic.ca\/#website","url":"https:\/\/www.mississaugalegalclinic.ca\/","name":"Mississauga Community Legal Services","description":"Free legal services for low income residents of Mississauga","potentialAction":[{"@type":"SearchAction","target":{"@type":"EntryPoint","urlTemplate":"https:\/\/www.mississaugalegalclinic.ca\/?s={search_term_string}"},"query-input":{"@type":"PropertyValueSpecification","valueRequired":true,"valueName":"search_term_string"}}],"inLanguage":"fr-FR"}]}},"_links":{"self":[{"href":"https:\/\/www.mississaugalegalclinic.ca\/fr\/wp-json\/wp\/v2\/pages\/1602","targetHints":{"allow":["GET"]}}],"collection":[{"href":"https:\/\/www.mississaugalegalclinic.ca\/fr\/wp-json\/wp\/v2\/pages"}],"about":[{"href":"https:\/\/www.mississaugalegalclinic.ca\/fr\/wp-json\/wp\/v2\/types\/page"}],"author":[{"embeddable":true,"href":"https:\/\/www.mississaugalegalclinic.ca\/fr\/wp-json\/wp\/v2\/users\/2"}],"replies":[{"embeddable":true,"href":"https:\/\/www.mississaugalegalclinic.ca\/fr\/wp-json\/wp\/v2\/comments?post=1602"}],"version-history":[{"count":1,"href":"https:\/\/www.mississaugalegalclinic.ca\/fr\/wp-json\/wp\/v2\/pages\/1602\/revisions"}],"predecessor-version":[{"id":1603,"href":"https:\/\/www.mississaugalegalclinic.ca\/fr\/wp-json\/wp\/v2\/pages\/1602\/revisions\/1603"}],"up":[{"embeddable":true,"href":"https:\/\/www.mississaugalegalclinic.ca\/fr\/wp-json\/wp\/v2\/pages\/1583"}],"wp:attachment":[{"href":"https:\/\/www.mississaugalegalclinic.ca\/fr\/wp-json\/wp\/v2\/media?parent=1602"}],"curies":[{"name":"wp","href":"https:\/\/api.w.org\/{rel}","templated":true}]}}