{"id":1583,"date":"2023-05-11T04:07:19","date_gmt":"2023-05-11T08:07:19","guid":{"rendered":"https:\/\/mcls.turnbull.co\/?page_id=1583"},"modified":"2023-05-11T06:25:04","modified_gmt":"2023-05-11T10:25:04","slug":"ressources-communautaires","status":"publish","type":"page","link":"https:\/\/www.mississaugalegalclinic.ca\/fr\/ressources-communautaires\/","title":{"rendered":"Ressources communautaires"},"content":{"rendered":"\n<ul>\n<li><a href=\"\/fr\/ressources-communautaires\/211-ontario\/\">211 Ontario<\/a><\/li>\n<li><a href=\"\/fr\/ressources-communautaires\/211-services-ontario\/\">211 Services<\/a><\/li>\n<li><a href=\"\/fr\/ressources-communautaires\/services-lies-a-la-violence-ou-a-lagression\/\">Services li\u00e9s \u00e0 la violence ou \u00e0 l\u2019agression<\/a><\/li>\n<li><a href=\"\/fr\/ressources-communautaires\/dependance\/\">D\u00e9pendance<\/a><\/li>\n<li><a href=\"\/fr\/ressources-communautaires\/centres-de-sante-communautaire\/\">Centres de sant\u00e9 communautaire<\/a><\/li>\n<li><a href=\"\/fr\/ressources-communautaires\/services-et-lignes-de-crise\/\">Services et lignes de crise<\/a><\/li>\n<li><a href=\"\/fr\/ressources-communautaires\/emploi-formation-professionnelle\/\">Emploi\/formation professionnelle<\/a><\/li>\n<li><a href=\"\/fr\/ressources-communautaires\/soutien-familial\/\">Soutien familial<\/a><\/li>\n<li><a href=\"\/fr\/ressources-communautaires\/soutien-financier\/\">Soutien financier<\/a><\/li>\n<li><a href=\"\/fr\/ressources-communautaires\/banques-alimentaires-et-autres-services-essentiels\/\">Banques alimentaires, banques de v\u00eatements et cliniques d&rsquo;identification<\/a><\/li>\n<li><a href=\"\/fr\/ressources-communautaires\/itinerance\/\">Itin\u00e9rance<\/a><\/li>\n<li><a href=\"\/fr\/ressources-communautaires\/logement\/\">Logement<\/a><\/li>\n<li><a href=\"\/fr\/ressources-communautaires\/renseignements-et-orientation\/\">Renseignements et orientation<\/a><\/li>\n<li><a href=\"\/fr\/ressources-communautaires\/lgbttiqq2sa\/\">LGBTTIQQ2SA<\/a><\/li>\n<li><a href=\"\/fr\/ressources-communautaires\/sante-mentale-et-bien-etre\/\">Sant\u00e9 mentale et bien-\u00eatre<\/a><\/li>\n<li><a href=\"\/fr\/ressources-communautaires\/services-detablissement-des-nouveaux-arrivants\/\">Services d\u2019\u00e9tablissement des nouveaux arrivants<\/a><\/li>\n<li><a href=\"\/fr\/ressources-communautaires\/soutien-par-les-pairs-autoassistance\/\">Soutien par les pairs\/autoassistance<\/a><\/li>\n<li><a href=\"\/fr\/ressources-communautaires\/services-aux-aines\/\">Services aux a\u00een\u00e9s<\/a><\/li>\n<li><a href=\"\/fr\/ressources-communautaires\/refuges\/\">Refuges<\/a><\/li>\n<li><a href=\"\/fr\/ressources-communautaires\/jeunes\/\">Jeunes<\/a><\/li>\n<\/ul>\n","protected":false},"excerpt":{"rendered":"<p><a href=\"\/fr\/ressources-communautaires\/211-ontario\/\">211 Ontario<\/a><br \/>\n<a href=\"\/fr\/ressources-communautaires\/211-services-ontario\/\">211 Services<\/a><br \/>\n<a href=\"\/fr\/ressources-communautaires\/services-lies-a-la-violence-ou-a-lagression\/\">Services li\u00e9s \u00e0 la violence ou \u00e0 l\u2019agression<\/a><br \/>\n<a href=\"\/fr\/ressources-communautaires\/dependance\/\">D\u00e9pendance<\/a><br \/>\n<a href=\"\/fr\/ressources-communautaires\/centres-de-sante-communautaire\/\">Centres de sant\u00e9 communautaire<\/a><br \/>\n<a href=\"\/fr\/ressources-communautaires\/services-et-lignes-de-crise\/\">Services et lignes de crise<\/a><br \/>\n<a href=\"\/fr\/ressources-communautaires\/emploi-formation-professionnelle\/\">Emploi\/formation professionnelle<\/a><br \/>\n<a href=\"\/fr\/ressources-communautaires\/soutien-familial\/\">Soutien familial<\/a><br \/>\n<a href=\"\/fr\/ressources-communautaires\/soutien-financier\/\">Soutien financier<\/a><br \/>\n<a href=\"\/fr\/ressources-communautaires\/banques-alimentaires-et-autres-services-essentiels\/\">Banques alimentaires, banques de v\u00eatements et cliniques d&rsquo;identification<\/a><br \/>\n<a href=\"\/fr\/ressources-communautaires\/itinerance\/\">Itin\u00e9rance<\/a><br \/>\n<a href=\"\/fr\/ressources-communautaires\/logement\/\">Logement<\/a><br \/>\n<a href=\"\/fr\/ressources-communautaires\/renseignements-et-orientation\/\">Renseignements et orientation<\/a><br \/>\n<a href=\"\/fr\/ressources-communautaires\/lgbttiqq2sa\/\">LGBTTIQQ2SA<\/a><br \/>\n<a href=\"\/fr\/ressources-communautaires\/sante-mentale-et-bien-etre\/\">Sant\u00e9 mentale et bien-\u00eatre<\/a><br \/>\n<a href=\"\/fr\/ressources-communautaires\/services-detablissement-des-nouveaux-arrivants\/\">Services d\u2019\u00e9tablissement des nouveaux arrivants<\/a><br \/>\n<a href=\"\/fr\/ressources-communautaires\/soutien-par-les-pairs-autoassistance\/\">Soutien par les pairs\/autoassistance<\/a><br \/>\n<a href=\"\/fr\/ressources-communautaires\/services-aux-aines\/\">Services aux a\u00een\u00e9s<\/a><br \/>\n<a href=\"\/fr\/ressources-communautaires\/refuges\/\">Refuges<\/a><br \/>\n<a href=\"\/fr\/ressources-communautaires\/jeunes\/\">Jeunes<\/a><\/p>\n","protected":false},"author":2,"featured_media":0,"parent":0,"menu_order":-6,"comment_status":"closed","ping_status":"closed","template":"","meta":{"footnotes":""},"class_list":["post-1583","page","type-page","status-publish","hentry"],"yoast_head":"<!-- This site is optimized with the Yoast SEO plugin v27.0 - https:\/\/yoast.com\/product\/yoast-seo-wordpress\/ -->\n<title>Ressources communautaires - Mississauga Community Legal Services<\/title>\n<meta name=\"robots\" content=\"index, follow, max-snippet:-1, max-image-preview:large, max-video-preview:-1\" \/>\n<link rel=\"canonical\" href=\"https:\/\/www.mississaugalegalclinic.ca\/fr\/ressources-communautaires\/\" \/>\n<meta property=\"og:locale\" content=\"fr_FR\" \/>\n<meta property=\"og:type\" content=\"article\" \/>\n<meta property=\"og:title\" content=\"Ressources communautaires - Mississauga Community Legal Services\" \/>\n<meta property=\"og:description\" content=\"211 Ontario 211 Services Services li\u00e9s \u00e0 la violence ou \u00e0 l\u2019agression D\u00e9pendance Centres de sant\u00e9 communautaire Services et lignes de crise Emploi\/formation professionnelle Soutien familial Soutien financier Banques alimentaires, banques de v\u00eatements et cliniques d&rsquo;identification Itin\u00e9rance Logement Renseignements et orientation LGBTTIQQ2SA Sant\u00e9 mentale et bien-\u00eatre Services d\u2019\u00e9tablissement des nouveaux arrivants Soutien par les pairs\/autoassistance Services aux a\u00een\u00e9s Refuges Jeunes\" \/>\n<meta property=\"og:url\" content=\"https:\/\/www.mississaugalegalclinic.ca\/fr\/ressources-communautaires\/\" \/>\n<meta property=\"og:site_name\" content=\"Mississauga Community Legal Services\" \/>\n<meta property=\"article:modified_time\" content=\"2023-05-11T10:25:04+00:00\" \/>\n<meta name=\"twitter:card\" content=\"summary_large_image\" \/>\n<meta name=\"twitter:label1\" content=\"Dur\u00e9e de lecture estim\u00e9e\" \/>\n\t<meta name=\"twitter:data1\" content=\"1 minute\" \/>\n<script type=\"application\/ld+json\" class=\"yoast-schema-graph\">{\"@context\":\"https:\/\/schema.org\",\"@graph\":[{\"@type\":\"WebPage\",\"@id\":\"https:\/\/www.mississaugalegalclinic.ca\/fr\/ressources-communautaires\/\",\"url\":\"https:\/\/www.mississaugalegalclinic.ca\/fr\/ressources-communautaires\/\",\"name\":\"Ressources communautaires - Mississauga Community Legal Services\",\"isPartOf\":{\"@id\":\"https:\/\/www.mississaugalegalclinic.ca\/#website\"},\"datePublished\":\"2023-05-11T08:07:19+00:00\",\"dateModified\":\"2023-05-11T10:25:04+00:00\",\"breadcrumb\":{\"@id\":\"https:\/\/www.mississaugalegalclinic.ca\/fr\/ressources-communautaires\/#breadcrumb\"},\"inLanguage\":\"fr-FR\",\"potentialAction\":[{\"@type\":\"ReadAction\",\"target\":[\"https:\/\/www.mississaugalegalclinic.ca\/fr\/ressources-communautaires\/\"]}]},{\"@type\":\"BreadcrumbList\",\"@id\":\"https:\/\/www.mississaugalegalclinic.ca\/fr\/ressources-communautaires\/#breadcrumb\",\"itemListElement\":[{\"@type\":\"ListItem\",\"position\":1,\"name\":\"Home\",\"item\":\"https:\/\/www.mississaugalegalclinic.ca\/fr\/\"},{\"@type\":\"ListItem\",\"position\":2,\"name\":\"Ressources communautaires\"}]},{\"@type\":\"WebSite\",\"@id\":\"https:\/\/www.mississaugalegalclinic.ca\/#website\",\"url\":\"https:\/\/www.mississaugalegalclinic.ca\/\",\"name\":\"Mississauga Community Legal Services\",\"description\":\"Free legal services for low income residents of Mississauga\",\"potentialAction\":[{\"@type\":\"SearchAction\",\"target\":{\"@type\":\"EntryPoint\",\"urlTemplate\":\"https:\/\/www.mississaugalegalclinic.ca\/?s={search_term_string}\"},\"query-input\":{\"@type\":\"PropertyValueSpecification\",\"valueRequired\":true,\"valueName\":\"search_term_string\"}}],\"inLanguage\":\"fr-FR\"}]}<\/script>\n<!-- \/ Yoast SEO plugin. -->","yoast_head_json":{"title":"Ressources communautaires - Mississauga Community Legal Services","robots":{"index":"index","follow":"follow","max-snippet":"max-snippet:-1","max-image-preview":"max-image-preview:large","max-video-preview":"max-video-preview:-1"},"canonical":"https:\/\/www.mississaugalegalclinic.ca\/fr\/ressources-communautaires\/","og_locale":"fr_FR","og_type":"article","og_title":"Ressources communautaires - Mississauga Community Legal Services","og_description":"211 Ontario 211 Services Services li\u00e9s \u00e0 la violence ou \u00e0 l\u2019agression D\u00e9pendance Centres de sant\u00e9 communautaire Services et lignes de crise Emploi\/formation professionnelle Soutien familial Soutien financier Banques alimentaires, banques de v\u00eatements et cliniques d&rsquo;identification Itin\u00e9rance Logement Renseignements et orientation LGBTTIQQ2SA Sant\u00e9 mentale et bien-\u00eatre Services d\u2019\u00e9tablissement des nouveaux arrivants Soutien par les pairs\/autoassistance Services aux a\u00een\u00e9s Refuges Jeunes","og_url":"https:\/\/www.mississaugalegalclinic.ca\/fr\/ressources-communautaires\/","og_site_name":"Mississauga Community Legal Services","article_modified_time":"2023-05-11T10:25:04+00:00","twitter_card":"summary_large_image","twitter_misc":{"Dur\u00e9e de lecture estim\u00e9e":"1 minute"},"schema":{"@context":"https:\/\/schema.org","@graph":[{"@type":"WebPage","@id":"https:\/\/www.mississaugalegalclinic.ca\/fr\/ressources-communautaires\/","url":"https:\/\/www.mississaugalegalclinic.ca\/fr\/ressources-communautaires\/","name":"Ressources communautaires - Mississauga Community Legal Services","isPartOf":{"@id":"https:\/\/www.mississaugalegalclinic.ca\/#website"},"datePublished":"2023-05-11T08:07:19+00:00","dateModified":"2023-05-11T10:25:04+00:00","breadcrumb":{"@id":"https:\/\/www.mississaugalegalclinic.ca\/fr\/ressources-communautaires\/#breadcrumb"},"inLanguage":"fr-FR","potentialAction":[{"@type":"ReadAction","target":["https:\/\/www.mississaugalegalclinic.ca\/fr\/ressources-communautaires\/"]}]},{"@type":"BreadcrumbList","@id":"https:\/\/www.mississaugalegalclinic.ca\/fr\/ressources-communautaires\/#breadcrumb","itemListElement":[{"@type":"ListItem","position":1,"name":"Home","item":"https:\/\/www.mississaugalegalclinic.ca\/fr\/"},{"@type":"ListItem","position":2,"name":"Ressources communautaires"}]},{"@type":"WebSite","@id":"https:\/\/www.mississaugalegalclinic.ca\/#website","url":"https:\/\/www.mississaugalegalclinic.ca\/","name":"Mississauga Community Legal Services","description":"Free legal services for low income residents of Mississauga","potentialAction":[{"@type":"SearchAction","target":{"@type":"EntryPoint","urlTemplate":"https:\/\/www.mississaugalegalclinic.ca\/?s={search_term_string}"},"query-input":{"@type":"PropertyValueSpecification","valueRequired":true,"valueName":"search_term_string"}}],"inLanguage":"fr-FR"}]}},"_links":{"self":[{"href":"https:\/\/www.mississaugalegalclinic.ca\/fr\/wp-json\/wp\/v2\/pages\/1583","targetHints":{"allow":["GET"]}}],"collection":[{"href":"https:\/\/www.mississaugalegalclinic.ca\/fr\/wp-json\/wp\/v2\/pages"}],"about":[{"href":"https:\/\/www.mississaugalegalclinic.ca\/fr\/wp-json\/wp\/v2\/types\/page"}],"author":[{"embeddable":true,"href":"https:\/\/www.mississaugalegalclinic.ca\/fr\/wp-json\/wp\/v2\/users\/2"}],"replies":[{"embeddable":true,"href":"https:\/\/www.mississaugalegalclinic.ca\/fr\/wp-json\/wp\/v2\/comments?post=1583"}],"version-history":[{"count":4,"href":"https:\/\/www.mississaugalegalclinic.ca\/fr\/wp-json\/wp\/v2\/pages\/1583\/revisions"}],"predecessor-version":[{"id":1658,"href":"https:\/\/www.mississaugalegalclinic.ca\/fr\/wp-json\/wp\/v2\/pages\/1583\/revisions\/1658"}],"wp:attachment":[{"href":"https:\/\/www.mississaugalegalclinic.ca\/fr\/wp-json\/wp\/v2\/media?parent=1583"}],"curies":[{"name":"wp","href":"https:\/\/api.w.org\/{rel}","templated":true}]}}