{"id":1537,"date":"2022-08-02T03:55:24","date_gmt":"2022-08-02T07:55:24","guid":{"rendered":"https:\/\/mcls.turnbull.co\/?page_id=1537"},"modified":"2022-08-02T03:55:25","modified_gmt":"2022-08-02T07:55:25","slug":"conditions-dutilisation","status":"publish","type":"page","link":"https:\/\/www.mississaugalegalclinic.ca\/fr\/conditions-dutilisation\/","title":{"rendered":"Conditions d\u2019utilisation"},"content":{"rendered":"\n<p>En utilisant le site Web de la Services juridiques communautaires de Mississauga, vous acceptez d\u2019\u00eatre li\u00e9 par les pr\u00e9sentes conditions d\u2019utilisation et leurs versions successives. La clinique a int\u00e9gr\u00e9 l&rsquo;information juridique du site Web Justice pas-\u00e0-pas. Consultez les <a href=\"https:\/\/stepstojustice.ca\/fr\/conditions-d%E2%80%99utilisation\" target=\"_blank\" rel=\"noopener\">conditions d&rsquo;utilisation du site Web Justice pas-\u00e0-pas<\/a>.<\/p>\n<h2>Droit d\u2019auteur et utilisation du mat\u00e9riel<\/h2>\n<p>Le contenu du site de la Services juridiques communautaires de Mississauga est prot\u00e9g\u00e9 par les lois sur le droit d\u2019auteur et les marques de commerce, entre autres, et sauf indication contraire, il appartient \u00e0 la Services juridiques communautaires de Mississauga. Le mat\u00e9riel prot\u00e9g\u00e9 par le droit d\u2019auteur de la Services juridiques communautaires de Mississauga peut \u00eatre t\u00e9l\u00e9charg\u00e9 et imprim\u00e9 dans son int\u00e9gralit\u00e9 \u00e0 des fins non commerciales ou p\u00e9dagogiques, avec mention de sa source. Le contenu du site ne doit pas, en tout ou en partie, \u00eatre vendu ou autrement transmis \u00e0 des fins commerciales, sous quelque forme ou par quelque proc\u00e9d\u00e9 que ce soit, sans l\u2019autorisation \u00e9crite pr\u00e9alable de la Services juridiques communautaires de Mississauga. Le mat\u00e9riel prot\u00e9g\u00e9 par le droit d\u2019auteur de CLEO (y compris Justice pas-\u00e0-pas) peut \u00eatre t\u00e9l\u00e9charg\u00e9 et imprim\u00e9 dans son int\u00e9gralit\u00e9 \u00e0 des fins non commerciales ou p\u00e9dagogiques, avec mention de sa source. Le contenu du site ne doit pas, en tout ou en partie, \u00eatre vendu ou autrement transmis \u00e0 des fins commerciales, sous quelque forme ou par quelque proc\u00e9d\u00e9 que ce soit, sans l\u2019autorisation \u00e9crite pr\u00e9alable de CLEO. La Services juridiques communautaires de Mississauga et le site Web Justice pas-\u00e0-pas contiennent des liens vers des ressources prot\u00e9g\u00e9es par le droit d\u2019auteur d\u2019autres organisations. Veuillez lire les conditions d\u2019utilisation de ces autres organisations.<\/p>\n<h2>Avis de non-responsabilit\u00e9<\/h2>\n<p>Le contenu des sites Web de la Services juridiques communautaires de Mississauga et de Justice pas-\u00e0-pas offre de l\u2019information g\u00e9n\u00e9rale et ne constitue en rien un avis juridique. Si vous avez besoin de conseils concernant un probl\u00e8me juridique pr\u00e9cis, adressez-vous \u00e0 la Clinique, a un avocat ou \u00e0 une autre Services juridiques communautaires de Mississauga. L\u2019information pr\u00e9sent\u00e9e sur le site est fournie \u00ab telle quelle \u00bb, sans aucune garantie, expresse ou tacite, y compris les garanties tacites de qualit\u00e9 marchande, d\u2019adaptation \u00e0 un usage particulier, d\u2019absence de contrefa\u00e7on ou de titre. La Services juridiques communautaires de Mississauga ses partenaires n\u2019assument aucune responsabilit\u00e9 relativement aux dommages, peu importe leur nature, y compris les dommages indirects, particuliers, cons\u00e9cutifs, punitifs ou accessoires, en mati\u00e8re contractuelle ou civile d\u00e9lictuelle, d\u00e9coulant directement ou indirectement de l\u2019utilisation du site Justice pas-\u00e0-pas, de l\u2019incapacit\u00e9 d\u2019utiliser ce dernier, de l\u2019utilisation du mat\u00e9riel accessible sur le site ou sur un site connexe, ou du recours \u00e0 ce mat\u00e9riel ou de son application, et ce, m\u00eame s\u2019ils ont \u00e9t\u00e9 express\u00e9ment avis\u00e9s de la possibilit\u00e9 de ces dommages. L\u2019inclusion de liens vers les sites Web de tiers ne signifie pas que la Services juridiques communautaires de Mississauga est affili\u00e9e \u00e0 ces tiers ni qu\u2019elle approuve ces sites ou les personnes qui les g\u00e8rent.<\/p>\n<h2>Confidentialit\u00e9<\/h2>\n<p>Consultez notre <a href=\"\/fr\/declaration-de-confidentialite\/\">d\u00e9claration de confidentialit\u00e9<\/a>.<\/p>\n<h2>M\u00e9dias sociaux<\/h2>\n<p>La Services juridiques communautaires de Mississauga utilise les m\u00e9dias sociaux, comme Twitter et Facebook, pour promouvoir le contenu de la Clinique. Nous surveillons les messages et les commentaires publi\u00e9s pendant nos heures normales d\u2019ouverture, et nous r\u00e9servons le droit de supprimer ceux que nous jugeons offensants ou qui font la promotion d\u2019autres services. En cas de violation, la Services juridiques communautaires de Mississauga se r\u00e9serve le droit de bloquer ou d\u2019exclure un utilisateur. Les commentaires publi\u00e9s sur les comptes de m\u00e9dias sociaux de CLEO ne refl\u00e8tent aucunement son opinion ou celle de ses bailleurs de fonds ou partenaires.<\/p>\n<h2>Comp\u00e9tence<\/h2>\n<p>La pr\u00e9sente entente intervenue entre vous (l\u2019utilisateur) et la Services juridiques communautaires de Mississauga est r\u00e9gie par les lois de l\u2019Ontario et les lois du Canada applicables et doit \u00eatre interpr\u00e9t\u00e9e conform\u00e9ment \u00e0 celles-ci. Par les pr\u00e9sentes, vous acceptez de vous en remettre \u00e0 la comp\u00e9tence exclusive des tribunaux de l\u2019Ontario pour toute proc\u00e9dure li\u00e9e \u00e0 l\u2019entente.<\/p>\n<h2>Int\u00e9gralit\u00e9 de l\u2019entente<\/h2>\n<p>La pr\u00e9sente entente constitue l\u2019int\u00e9gralit\u00e9 de l\u2019accord intervenu entre vous et la Services juridiques communautaires de Mississauga concernant l\u2019utilisation de son site Web.<\/p>\n","protected":false},"excerpt":{"rendered":"<p>En utilisant le site Web de la Services juridiques communautaires de Mississauga, vous acceptez d\u2019\u00eatre li\u00e9 par les pr\u00e9sentes conditions d\u2019utilisation et leurs versions successives. La clinique a int\u00e9gr\u00e9 l&rsquo;information juridique du site Web Justice pas-\u00e0-pas. Consultez les <a href=\"https:\/\/stepstojustice.ca\/fr\/conditions-d%E2%80%99utilisation\" target=\"_blank\" rel=\"noopener\">conditions d&rsquo;utilisation du site Web Justice pas-\u00e0-pas<\/a>.<br \/>\nDroit d\u2019auteur et utilisation du mat\u00e9riel<br \/>\nLe contenu du site de la Services juridiques communautaires de Mississauga est prot\u00e9g\u00e9 par les lois sur le droit d\u2019auteur et les marques de commerce,<\/p>\n","protected":false},"author":2,"featured_media":0,"parent":0,"menu_order":101,"comment_status":"closed","ping_status":"closed","template":"","meta":{"footnotes":""},"class_list":["post-1537","page","type-page","status-publish","hentry"],"yoast_head":"<!-- This site is optimized with the Yoast SEO plugin v27.0 - https:\/\/yoast.com\/product\/yoast-seo-wordpress\/ -->\n<title>Conditions d\u2019utilisation - Mississauga Community Legal Services<\/title>\n<meta name=\"robots\" content=\"index, follow, max-snippet:-1, max-image-preview:large, max-video-preview:-1\" \/>\n<link rel=\"canonical\" href=\"https:\/\/www.mississaugalegalclinic.ca\/fr\/conditions-dutilisation\/\" \/>\n<meta property=\"og:locale\" content=\"fr_FR\" \/>\n<meta property=\"og:type\" content=\"article\" \/>\n<meta property=\"og:title\" content=\"Conditions d\u2019utilisation - Mississauga Community Legal Services\" \/>\n<meta property=\"og:description\" content=\"En utilisant le site Web de la Services juridiques communautaires de Mississauga, vous acceptez d\u2019\u00eatre li\u00e9 par les pr\u00e9sentes conditions d\u2019utilisation et leurs versions successives. La clinique a int\u00e9gr\u00e9 l&rsquo;information juridique du site Web Justice pas-\u00e0-pas. Consultez les conditions d&rsquo;utilisation du site Web Justice pas-\u00e0-pas. Droit d\u2019auteur et utilisation du mat\u00e9riel Le contenu du site de la Services juridiques communautaires de Mississauga est prot\u00e9g\u00e9 par les lois sur le droit d\u2019auteur et les marques de commerce,\" \/>\n<meta property=\"og:url\" content=\"https:\/\/www.mississaugalegalclinic.ca\/fr\/conditions-dutilisation\/\" \/>\n<meta property=\"og:site_name\" content=\"Mississauga Community Legal Services\" \/>\n<meta property=\"article:modified_time\" content=\"2022-08-02T07:55:25+00:00\" \/>\n<meta name=\"twitter:card\" content=\"summary_large_image\" \/>\n<meta name=\"twitter:label1\" content=\"Dur\u00e9e de lecture estim\u00e9e\" \/>\n\t<meta name=\"twitter:data1\" content=\"3 minutes\" \/>\n<script type=\"application\/ld+json\" class=\"yoast-schema-graph\">{\"@context\":\"https:\/\/schema.org\",\"@graph\":[{\"@type\":\"WebPage\",\"@id\":\"https:\/\/www.mississaugalegalclinic.ca\/fr\/conditions-dutilisation\/\",\"url\":\"https:\/\/www.mississaugalegalclinic.ca\/fr\/conditions-dutilisation\/\",\"name\":\"Conditions d\u2019utilisation - Mississauga Community Legal Services\",\"isPartOf\":{\"@id\":\"https:\/\/www.mississaugalegalclinic.ca\/#website\"},\"datePublished\":\"2022-08-02T07:55:24+00:00\",\"dateModified\":\"2022-08-02T07:55:25+00:00\",\"breadcrumb\":{\"@id\":\"https:\/\/www.mississaugalegalclinic.ca\/fr\/conditions-dutilisation\/#breadcrumb\"},\"inLanguage\":\"fr-FR\",\"potentialAction\":[{\"@type\":\"ReadAction\",\"target\":[\"https:\/\/www.mississaugalegalclinic.ca\/fr\/conditions-dutilisation\/\"]}]},{\"@type\":\"BreadcrumbList\",\"@id\":\"https:\/\/www.mississaugalegalclinic.ca\/fr\/conditions-dutilisation\/#breadcrumb\",\"itemListElement\":[{\"@type\":\"ListItem\",\"position\":1,\"name\":\"Home\",\"item\":\"https:\/\/www.mississaugalegalclinic.ca\/fr\/\"},{\"@type\":\"ListItem\",\"position\":2,\"name\":\"Conditions d\u2019utilisation\"}]},{\"@type\":\"WebSite\",\"@id\":\"https:\/\/www.mississaugalegalclinic.ca\/#website\",\"url\":\"https:\/\/www.mississaugalegalclinic.ca\/\",\"name\":\"Mississauga Community Legal Services\",\"description\":\"Free legal services for low income residents of Mississauga\",\"potentialAction\":[{\"@type\":\"SearchAction\",\"target\":{\"@type\":\"EntryPoint\",\"urlTemplate\":\"https:\/\/www.mississaugalegalclinic.ca\/?s={search_term_string}\"},\"query-input\":{\"@type\":\"PropertyValueSpecification\",\"valueRequired\":true,\"valueName\":\"search_term_string\"}}],\"inLanguage\":\"fr-FR\"}]}<\/script>\n<!-- \/ Yoast SEO plugin. -->","yoast_head_json":{"title":"Conditions d\u2019utilisation - Mississauga Community Legal Services","robots":{"index":"index","follow":"follow","max-snippet":"max-snippet:-1","max-image-preview":"max-image-preview:large","max-video-preview":"max-video-preview:-1"},"canonical":"https:\/\/www.mississaugalegalclinic.ca\/fr\/conditions-dutilisation\/","og_locale":"fr_FR","og_type":"article","og_title":"Conditions d\u2019utilisation - Mississauga Community Legal Services","og_description":"En utilisant le site Web de la Services juridiques communautaires de Mississauga, vous acceptez d\u2019\u00eatre li\u00e9 par les pr\u00e9sentes conditions d\u2019utilisation et leurs versions successives. La clinique a int\u00e9gr\u00e9 l&rsquo;information juridique du site Web Justice pas-\u00e0-pas. Consultez les conditions d&rsquo;utilisation du site Web Justice pas-\u00e0-pas. Droit d\u2019auteur et utilisation du mat\u00e9riel Le contenu du site de la Services juridiques communautaires de Mississauga est prot\u00e9g\u00e9 par les lois sur le droit d\u2019auteur et les marques de commerce,","og_url":"https:\/\/www.mississaugalegalclinic.ca\/fr\/conditions-dutilisation\/","og_site_name":"Mississauga Community Legal Services","article_modified_time":"2022-08-02T07:55:25+00:00","twitter_card":"summary_large_image","twitter_misc":{"Dur\u00e9e de lecture estim\u00e9e":"3 minutes"},"schema":{"@context":"https:\/\/schema.org","@graph":[{"@type":"WebPage","@id":"https:\/\/www.mississaugalegalclinic.ca\/fr\/conditions-dutilisation\/","url":"https:\/\/www.mississaugalegalclinic.ca\/fr\/conditions-dutilisation\/","name":"Conditions d\u2019utilisation - Mississauga Community Legal Services","isPartOf":{"@id":"https:\/\/www.mississaugalegalclinic.ca\/#website"},"datePublished":"2022-08-02T07:55:24+00:00","dateModified":"2022-08-02T07:55:25+00:00","breadcrumb":{"@id":"https:\/\/www.mississaugalegalclinic.ca\/fr\/conditions-dutilisation\/#breadcrumb"},"inLanguage":"fr-FR","potentialAction":[{"@type":"ReadAction","target":["https:\/\/www.mississaugalegalclinic.ca\/fr\/conditions-dutilisation\/"]}]},{"@type":"BreadcrumbList","@id":"https:\/\/www.mississaugalegalclinic.ca\/fr\/conditions-dutilisation\/#breadcrumb","itemListElement":[{"@type":"ListItem","position":1,"name":"Home","item":"https:\/\/www.mississaugalegalclinic.ca\/fr\/"},{"@type":"ListItem","position":2,"name":"Conditions d\u2019utilisation"}]},{"@type":"WebSite","@id":"https:\/\/www.mississaugalegalclinic.ca\/#website","url":"https:\/\/www.mississaugalegalclinic.ca\/","name":"Mississauga Community Legal Services","description":"Free legal services for low income residents of Mississauga","potentialAction":[{"@type":"SearchAction","target":{"@type":"EntryPoint","urlTemplate":"https:\/\/www.mississaugalegalclinic.ca\/?s={search_term_string}"},"query-input":{"@type":"PropertyValueSpecification","valueRequired":true,"valueName":"search_term_string"}}],"inLanguage":"fr-FR"}]}},"_links":{"self":[{"href":"https:\/\/www.mississaugalegalclinic.ca\/fr\/wp-json\/wp\/v2\/pages\/1537","targetHints":{"allow":["GET"]}}],"collection":[{"href":"https:\/\/www.mississaugalegalclinic.ca\/fr\/wp-json\/wp\/v2\/pages"}],"about":[{"href":"https:\/\/www.mississaugalegalclinic.ca\/fr\/wp-json\/wp\/v2\/types\/page"}],"author":[{"embeddable":true,"href":"https:\/\/www.mississaugalegalclinic.ca\/fr\/wp-json\/wp\/v2\/users\/2"}],"replies":[{"embeddable":true,"href":"https:\/\/www.mississaugalegalclinic.ca\/fr\/wp-json\/wp\/v2\/comments?post=1537"}],"version-history":[{"count":1,"href":"https:\/\/www.mississaugalegalclinic.ca\/fr\/wp-json\/wp\/v2\/pages\/1537\/revisions"}],"predecessor-version":[{"id":1538,"href":"https:\/\/www.mississaugalegalclinic.ca\/fr\/wp-json\/wp\/v2\/pages\/1537\/revisions\/1538"}],"wp:attachment":[{"href":"https:\/\/www.mississaugalegalclinic.ca\/fr\/wp-json\/wp\/v2\/media?parent=1537"}],"curies":[{"name":"wp","href":"https:\/\/api.w.org\/{rel}","templated":true}]}}