{"id":1490,"date":"2022-08-01T06:35:13","date_gmt":"2022-08-01T10:35:13","guid":{"rendered":"https:\/\/mcls.turnbull.co\/?page_id=1490"},"modified":"2023-05-09T15:05:16","modified_gmt":"2023-05-09T19:05:16","slug":"contactez-nous","status":"publish","type":"page","link":"https:\/\/www.mississaugalegalclinic.ca\/fr\/contactez-nous\/","title":{"rendered":"Contactez-nous"},"content":{"rendered":"\n<p>Il est pr\u00e9f\u00e9rable de communiquer avec nous par t\u00e9l\u00e9phone ou par courriel (en utilisant le formulaire ci-dessous). Nous pouvons discuter de votre probl\u00e8me et pr\u00e9voir une rencontre, au besoin.<\/p>\n<p>Vous pouvez aussi utiliser ce formulaire pour demander que nous fassions une pr\u00e9sentation \u00e0 votre organisation, ou pour toute autre question \u00e0 l\u2019\u00e9gard de laquelle vous aimeriez obtenir notre aide.<\/p>\n<p>Veuillez noter qu\u2019il faudra au moins 48 heures avant d\u2019obtenir une r\u00e9ponse si vous communiquez avec nous par courriel ou en utilisant le formulaire ci-dessous. S\u2019il s\u2019agit d\u2019une question urgente, veuillez t\u00e9l\u00e9phoner directement \u00e0 notre clinique.<\/p>\n<p><strong>Le fait de communiquer avec les Mississauga Community Legal Services au moyen de ce formulaire n\u2019\u00e9tablit pas de relation avocat-client. Veuillez \u00e9viter de divulguer des renseignements confidentiels dans ce formulaire.<\/strong><\/p>\n","protected":false},"excerpt":{"rendered":"<p>Il est pr\u00e9f\u00e9rable de communiquer avec nous par t\u00e9l\u00e9phone ou par courriel (en utilisant le formulaire ci-dessous). Nous pouvons discuter de votre probl\u00e8me et pr\u00e9voir une rencontre, au besoin.<br \/>\nVous pouvez aussi utiliser ce formulaire pour demander que nous fassions une pr\u00e9sentation \u00e0 votre organisation, ou pour toute autre question \u00e0 l\u2019\u00e9gard de laquelle vous aimeriez obtenir notre aide.<\/p>\n","protected":false},"author":2,"featured_media":0,"parent":0,"menu_order":-4,"comment_status":"closed","ping_status":"closed","template":"template-contact.php","meta":{"footnotes":""},"class_list":["post-1490","page","type-page","status-publish","hentry"],"yoast_head":"<!-- This site is optimized with the Yoast SEO plugin v27.0 - https:\/\/yoast.com\/product\/yoast-seo-wordpress\/ -->\n<title>Contactez-nous - Mississauga Community Legal Services<\/title>\n<meta name=\"robots\" content=\"index, follow, max-snippet:-1, max-image-preview:large, max-video-preview:-1\" \/>\n<link rel=\"canonical\" href=\"https:\/\/www.mississaugalegalclinic.ca\/fr\/contactez-nous\/\" \/>\n<meta property=\"og:locale\" content=\"fr_FR\" \/>\n<meta property=\"og:type\" content=\"article\" \/>\n<meta property=\"og:title\" content=\"Contactez-nous - Mississauga Community Legal Services\" \/>\n<meta property=\"og:description\" content=\"Il est pr\u00e9f\u00e9rable de communiquer avec nous par t\u00e9l\u00e9phone ou par courriel (en utilisant le formulaire ci-dessous). Nous pouvons discuter de votre probl\u00e8me et pr\u00e9voir une rencontre, au besoin. Vous pouvez aussi utiliser ce formulaire pour demander que nous fassions une pr\u00e9sentation \u00e0 votre organisation, ou pour toute autre question \u00e0 l\u2019\u00e9gard de laquelle vous aimeriez obtenir notre aide.\" \/>\n<meta property=\"og:url\" content=\"https:\/\/www.mississaugalegalclinic.ca\/fr\/contactez-nous\/\" \/>\n<meta property=\"og:site_name\" content=\"Mississauga Community Legal Services\" \/>\n<meta property=\"article:modified_time\" content=\"2023-05-09T19:05:16+00:00\" \/>\n<meta name=\"twitter:card\" content=\"summary_large_image\" \/>\n<meta name=\"twitter:label1\" content=\"Dur\u00e9e de lecture estim\u00e9e\" \/>\n\t<meta name=\"twitter:data1\" content=\"1 minute\" \/>\n<script type=\"application\/ld+json\" class=\"yoast-schema-graph\">{\"@context\":\"https:\/\/schema.org\",\"@graph\":[{\"@type\":\"WebPage\",\"@id\":\"https:\/\/www.mississaugalegalclinic.ca\/fr\/contactez-nous\/\",\"url\":\"https:\/\/www.mississaugalegalclinic.ca\/fr\/contactez-nous\/\",\"name\":\"Contactez-nous - Mississauga Community Legal Services\",\"isPartOf\":{\"@id\":\"https:\/\/www.mississaugalegalclinic.ca\/#website\"},\"datePublished\":\"2022-08-01T10:35:13+00:00\",\"dateModified\":\"2023-05-09T19:05:16+00:00\",\"breadcrumb\":{\"@id\":\"https:\/\/www.mississaugalegalclinic.ca\/fr\/contactez-nous\/#breadcrumb\"},\"inLanguage\":\"fr-FR\",\"potentialAction\":[{\"@type\":\"ReadAction\",\"target\":[\"https:\/\/www.mississaugalegalclinic.ca\/fr\/contactez-nous\/\"]}]},{\"@type\":\"BreadcrumbList\",\"@id\":\"https:\/\/www.mississaugalegalclinic.ca\/fr\/contactez-nous\/#breadcrumb\",\"itemListElement\":[{\"@type\":\"ListItem\",\"position\":1,\"name\":\"Home\",\"item\":\"https:\/\/www.mississaugalegalclinic.ca\/fr\/\"},{\"@type\":\"ListItem\",\"position\":2,\"name\":\"Contactez-nous\"}]},{\"@type\":\"WebSite\",\"@id\":\"https:\/\/www.mississaugalegalclinic.ca\/#website\",\"url\":\"https:\/\/www.mississaugalegalclinic.ca\/\",\"name\":\"Mississauga Community Legal Services\",\"description\":\"Free legal services for low income residents of Mississauga\",\"potentialAction\":[{\"@type\":\"SearchAction\",\"target\":{\"@type\":\"EntryPoint\",\"urlTemplate\":\"https:\/\/www.mississaugalegalclinic.ca\/?s={search_term_string}\"},\"query-input\":{\"@type\":\"PropertyValueSpecification\",\"valueRequired\":true,\"valueName\":\"search_term_string\"}}],\"inLanguage\":\"fr-FR\"}]}<\/script>\n<!-- \/ Yoast SEO plugin. -->","yoast_head_json":{"title":"Contactez-nous - Mississauga Community Legal Services","robots":{"index":"index","follow":"follow","max-snippet":"max-snippet:-1","max-image-preview":"max-image-preview:large","max-video-preview":"max-video-preview:-1"},"canonical":"https:\/\/www.mississaugalegalclinic.ca\/fr\/contactez-nous\/","og_locale":"fr_FR","og_type":"article","og_title":"Contactez-nous - Mississauga Community Legal Services","og_description":"Il est pr\u00e9f\u00e9rable de communiquer avec nous par t\u00e9l\u00e9phone ou par courriel (en utilisant le formulaire ci-dessous). Nous pouvons discuter de votre probl\u00e8me et pr\u00e9voir une rencontre, au besoin. Vous pouvez aussi utiliser ce formulaire pour demander que nous fassions une pr\u00e9sentation \u00e0 votre organisation, ou pour toute autre question \u00e0 l\u2019\u00e9gard de laquelle vous aimeriez obtenir notre aide.","og_url":"https:\/\/www.mississaugalegalclinic.ca\/fr\/contactez-nous\/","og_site_name":"Mississauga Community Legal Services","article_modified_time":"2023-05-09T19:05:16+00:00","twitter_card":"summary_large_image","twitter_misc":{"Dur\u00e9e de lecture estim\u00e9e":"1 minute"},"schema":{"@context":"https:\/\/schema.org","@graph":[{"@type":"WebPage","@id":"https:\/\/www.mississaugalegalclinic.ca\/fr\/contactez-nous\/","url":"https:\/\/www.mississaugalegalclinic.ca\/fr\/contactez-nous\/","name":"Contactez-nous - Mississauga Community Legal Services","isPartOf":{"@id":"https:\/\/www.mississaugalegalclinic.ca\/#website"},"datePublished":"2022-08-01T10:35:13+00:00","dateModified":"2023-05-09T19:05:16+00:00","breadcrumb":{"@id":"https:\/\/www.mississaugalegalclinic.ca\/fr\/contactez-nous\/#breadcrumb"},"inLanguage":"fr-FR","potentialAction":[{"@type":"ReadAction","target":["https:\/\/www.mississaugalegalclinic.ca\/fr\/contactez-nous\/"]}]},{"@type":"BreadcrumbList","@id":"https:\/\/www.mississaugalegalclinic.ca\/fr\/contactez-nous\/#breadcrumb","itemListElement":[{"@type":"ListItem","position":1,"name":"Home","item":"https:\/\/www.mississaugalegalclinic.ca\/fr\/"},{"@type":"ListItem","position":2,"name":"Contactez-nous"}]},{"@type":"WebSite","@id":"https:\/\/www.mississaugalegalclinic.ca\/#website","url":"https:\/\/www.mississaugalegalclinic.ca\/","name":"Mississauga Community Legal Services","description":"Free legal services for low income residents of Mississauga","potentialAction":[{"@type":"SearchAction","target":{"@type":"EntryPoint","urlTemplate":"https:\/\/www.mississaugalegalclinic.ca\/?s={search_term_string}"},"query-input":{"@type":"PropertyValueSpecification","valueRequired":true,"valueName":"search_term_string"}}],"inLanguage":"fr-FR"}]}},"_links":{"self":[{"href":"https:\/\/www.mississaugalegalclinic.ca\/fr\/wp-json\/wp\/v2\/pages\/1490","targetHints":{"allow":["GET"]}}],"collection":[{"href":"https:\/\/www.mississaugalegalclinic.ca\/fr\/wp-json\/wp\/v2\/pages"}],"about":[{"href":"https:\/\/www.mississaugalegalclinic.ca\/fr\/wp-json\/wp\/v2\/types\/page"}],"author":[{"embeddable":true,"href":"https:\/\/www.mississaugalegalclinic.ca\/fr\/wp-json\/wp\/v2\/users\/2"}],"replies":[{"embeddable":true,"href":"https:\/\/www.mississaugalegalclinic.ca\/fr\/wp-json\/wp\/v2\/comments?post=1490"}],"version-history":[{"count":3,"href":"https:\/\/www.mississaugalegalclinic.ca\/fr\/wp-json\/wp\/v2\/pages\/1490\/revisions"}],"predecessor-version":[{"id":1546,"href":"https:\/\/www.mississaugalegalclinic.ca\/fr\/wp-json\/wp\/v2\/pages\/1490\/revisions\/1546"}],"wp:attachment":[{"href":"https:\/\/www.mississaugalegalclinic.ca\/fr\/wp-json\/wp\/v2\/media?parent=1490"}],"curies":[{"name":"wp","href":"https:\/\/api.w.org\/{rel}","templated":true}]}}