{"id":1423,"date":"2022-07-31T07:38:30","date_gmt":"2022-07-31T11:38:30","guid":{"rendered":"https:\/\/mcls.turnbull.co\/?page_id=1423"},"modified":"2022-07-31T07:38:33","modified_gmt":"2022-07-31T11:38:33","slug":"bureaux-satellites","status":"publish","type":"page","link":"https:\/\/www.mississaugalegalclinic.ca\/fr\/nos-services\/bureaux-satellites\/","title":{"rendered":"Bureaux satellites"},"content":{"rendered":"\n<p>MCLS offre une clinique satellite \u00e0 Malton Neighbourhood Services au 3540 Morning Star Drive. Nous y sommes tous les jeudis de 15h \u00e0 18h. Les clients sont assist\u00e9s sur la base du premier arriv\u00e9, premier servi.<\/p>\n<p>MCLS propose une clinique satellite \u00e0 Eden Food for Change le troisi\u00e8me vendredi de chaque mois. L&#8217;emplacement est \u00e0 l&rsquo;unit\u00e9 2. 3185 Unity Drive de 10h \u00e0 13h. Si vous habitez dans l&rsquo;ouest de Mississauga, passez nous voir et posez-nous votre question juridique.<\/p>\n<p>MCLS exploite \u00e9galement un bureau satellite au Dixie Bloor Neighbourhood Services le premier et le troisi\u00e8me mardi de chaque mois de 14h \u00e0 17h. Si vous habitez dans l&rsquo;est de Mississauga, passez nous voir et posez-nous votre question juridique.<\/p>\n","protected":false},"excerpt":{"rendered":"<p>MCLS offre une clinique satellite \u00e0 Malton Neighbourhood Services au 3540 Morning Star Drive. Nous y sommes tous les jeudis de 15h \u00e0 18h. Les clients sont assist\u00e9s sur la base du premier arriv\u00e9, premier servi.<br \/>\nMCLS propose une clinique satellite \u00e0 Eden Food for Change le troisi\u00e8me vendredi de chaque mois.<\/p>\n","protected":false},"author":2,"featured_media":0,"parent":1416,"menu_order":0,"comment_status":"closed","ping_status":"closed","template":"","meta":{"footnotes":""},"class_list":["post-1423","page","type-page","status-publish","hentry"],"yoast_head":"<!-- This site is optimized with the Yoast SEO plugin v27.0 - https:\/\/yoast.com\/product\/yoast-seo-wordpress\/ -->\n<title>Bureaux satellites - Mississauga Community Legal Services<\/title>\n<meta name=\"robots\" content=\"index, follow, max-snippet:-1, max-image-preview:large, max-video-preview:-1\" \/>\n<link rel=\"canonical\" href=\"https:\/\/www.mississaugalegalclinic.ca\/fr\/nos-services\/bureaux-satellites\/\" \/>\n<meta property=\"og:locale\" content=\"fr_FR\" \/>\n<meta property=\"og:type\" content=\"article\" \/>\n<meta property=\"og:title\" content=\"Bureaux satellites - Mississauga Community Legal Services\" \/>\n<meta property=\"og:description\" content=\"MCLS offre une clinique satellite \u00e0 Malton Neighbourhood Services au 3540 Morning Star Drive. Nous y sommes tous les jeudis de 15h \u00e0 18h. Les clients sont assist\u00e9s sur la base du premier arriv\u00e9, premier servi. MCLS propose une clinique satellite \u00e0 Eden Food for Change le troisi\u00e8me vendredi de chaque mois.\" \/>\n<meta property=\"og:url\" content=\"https:\/\/www.mississaugalegalclinic.ca\/fr\/nos-services\/bureaux-satellites\/\" \/>\n<meta property=\"og:site_name\" content=\"Mississauga Community Legal Services\" \/>\n<meta property=\"article:modified_time\" content=\"2022-07-31T11:38:33+00:00\" \/>\n<meta name=\"twitter:card\" content=\"summary_large_image\" \/>\n<meta name=\"twitter:label1\" content=\"Dur\u00e9e de lecture estim\u00e9e\" \/>\n\t<meta name=\"twitter:data1\" content=\"1 minute\" \/>\n<script type=\"application\/ld+json\" class=\"yoast-schema-graph\">{\"@context\":\"https:\/\/schema.org\",\"@graph\":[{\"@type\":\"WebPage\",\"@id\":\"https:\/\/www.mississaugalegalclinic.ca\/fr\/nos-services\/bureaux-satellites\/\",\"url\":\"https:\/\/www.mississaugalegalclinic.ca\/fr\/nos-services\/bureaux-satellites\/\",\"name\":\"Bureaux satellites - Mississauga Community Legal Services\",\"isPartOf\":{\"@id\":\"https:\/\/www.mississaugalegalclinic.ca\/#website\"},\"datePublished\":\"2022-07-31T11:38:30+00:00\",\"dateModified\":\"2022-07-31T11:38:33+00:00\",\"breadcrumb\":{\"@id\":\"https:\/\/www.mississaugalegalclinic.ca\/fr\/nos-services\/bureaux-satellites\/#breadcrumb\"},\"inLanguage\":\"fr-FR\",\"potentialAction\":[{\"@type\":\"ReadAction\",\"target\":[\"https:\/\/www.mississaugalegalclinic.ca\/fr\/nos-services\/bureaux-satellites\/\"]}]},{\"@type\":\"BreadcrumbList\",\"@id\":\"https:\/\/www.mississaugalegalclinic.ca\/fr\/nos-services\/bureaux-satellites\/#breadcrumb\",\"itemListElement\":[{\"@type\":\"ListItem\",\"position\":1,\"name\":\"Home\",\"item\":\"https:\/\/www.mississaugalegalclinic.ca\/fr\/\"},{\"@type\":\"ListItem\",\"position\":2,\"name\":\"Nos services\",\"item\":\"https:\/\/www.mississaugalegalclinic.ca\/fr\/nos-services\/\"},{\"@type\":\"ListItem\",\"position\":3,\"name\":\"Bureaux satellites\"}]},{\"@type\":\"WebSite\",\"@id\":\"https:\/\/www.mississaugalegalclinic.ca\/#website\",\"url\":\"https:\/\/www.mississaugalegalclinic.ca\/\",\"name\":\"Mississauga Community Legal Services\",\"description\":\"Free legal services for low income residents of Mississauga\",\"potentialAction\":[{\"@type\":\"SearchAction\",\"target\":{\"@type\":\"EntryPoint\",\"urlTemplate\":\"https:\/\/www.mississaugalegalclinic.ca\/?s={search_term_string}\"},\"query-input\":{\"@type\":\"PropertyValueSpecification\",\"valueRequired\":true,\"valueName\":\"search_term_string\"}}],\"inLanguage\":\"fr-FR\"}]}<\/script>\n<!-- \/ Yoast SEO plugin. -->","yoast_head_json":{"title":"Bureaux satellites - Mississauga Community Legal Services","robots":{"index":"index","follow":"follow","max-snippet":"max-snippet:-1","max-image-preview":"max-image-preview:large","max-video-preview":"max-video-preview:-1"},"canonical":"https:\/\/www.mississaugalegalclinic.ca\/fr\/nos-services\/bureaux-satellites\/","og_locale":"fr_FR","og_type":"article","og_title":"Bureaux satellites - Mississauga Community Legal Services","og_description":"MCLS offre une clinique satellite \u00e0 Malton Neighbourhood Services au 3540 Morning Star Drive. Nous y sommes tous les jeudis de 15h \u00e0 18h. Les clients sont assist\u00e9s sur la base du premier arriv\u00e9, premier servi. MCLS propose une clinique satellite \u00e0 Eden Food for Change le troisi\u00e8me vendredi de chaque mois.","og_url":"https:\/\/www.mississaugalegalclinic.ca\/fr\/nos-services\/bureaux-satellites\/","og_site_name":"Mississauga Community Legal Services","article_modified_time":"2022-07-31T11:38:33+00:00","twitter_card":"summary_large_image","twitter_misc":{"Dur\u00e9e de lecture estim\u00e9e":"1 minute"},"schema":{"@context":"https:\/\/schema.org","@graph":[{"@type":"WebPage","@id":"https:\/\/www.mississaugalegalclinic.ca\/fr\/nos-services\/bureaux-satellites\/","url":"https:\/\/www.mississaugalegalclinic.ca\/fr\/nos-services\/bureaux-satellites\/","name":"Bureaux satellites - Mississauga Community Legal Services","isPartOf":{"@id":"https:\/\/www.mississaugalegalclinic.ca\/#website"},"datePublished":"2022-07-31T11:38:30+00:00","dateModified":"2022-07-31T11:38:33+00:00","breadcrumb":{"@id":"https:\/\/www.mississaugalegalclinic.ca\/fr\/nos-services\/bureaux-satellites\/#breadcrumb"},"inLanguage":"fr-FR","potentialAction":[{"@type":"ReadAction","target":["https:\/\/www.mississaugalegalclinic.ca\/fr\/nos-services\/bureaux-satellites\/"]}]},{"@type":"BreadcrumbList","@id":"https:\/\/www.mississaugalegalclinic.ca\/fr\/nos-services\/bureaux-satellites\/#breadcrumb","itemListElement":[{"@type":"ListItem","position":1,"name":"Home","item":"https:\/\/www.mississaugalegalclinic.ca\/fr\/"},{"@type":"ListItem","position":2,"name":"Nos services","item":"https:\/\/www.mississaugalegalclinic.ca\/fr\/nos-services\/"},{"@type":"ListItem","position":3,"name":"Bureaux satellites"}]},{"@type":"WebSite","@id":"https:\/\/www.mississaugalegalclinic.ca\/#website","url":"https:\/\/www.mississaugalegalclinic.ca\/","name":"Mississauga Community Legal Services","description":"Free legal services for low income residents of Mississauga","potentialAction":[{"@type":"SearchAction","target":{"@type":"EntryPoint","urlTemplate":"https:\/\/www.mississaugalegalclinic.ca\/?s={search_term_string}"},"query-input":{"@type":"PropertyValueSpecification","valueRequired":true,"valueName":"search_term_string"}}],"inLanguage":"fr-FR"}]}},"_links":{"self":[{"href":"https:\/\/www.mississaugalegalclinic.ca\/fr\/wp-json\/wp\/v2\/pages\/1423","targetHints":{"allow":["GET"]}}],"collection":[{"href":"https:\/\/www.mississaugalegalclinic.ca\/fr\/wp-json\/wp\/v2\/pages"}],"about":[{"href":"https:\/\/www.mississaugalegalclinic.ca\/fr\/wp-json\/wp\/v2\/types\/page"}],"author":[{"embeddable":true,"href":"https:\/\/www.mississaugalegalclinic.ca\/fr\/wp-json\/wp\/v2\/users\/2"}],"replies":[{"embeddable":true,"href":"https:\/\/www.mississaugalegalclinic.ca\/fr\/wp-json\/wp\/v2\/comments?post=1423"}],"version-history":[{"count":1,"href":"https:\/\/www.mississaugalegalclinic.ca\/fr\/wp-json\/wp\/v2\/pages\/1423\/revisions"}],"predecessor-version":[{"id":1424,"href":"https:\/\/www.mississaugalegalclinic.ca\/fr\/wp-json\/wp\/v2\/pages\/1423\/revisions\/1424"}],"up":[{"embeddable":true,"href":"https:\/\/www.mississaugalegalclinic.ca\/fr\/wp-json\/wp\/v2\/pages\/1416"}],"wp:attachment":[{"href":"https:\/\/www.mississaugalegalclinic.ca\/fr\/wp-json\/wp\/v2\/media?parent=1423"}],"curies":[{"name":"wp","href":"https:\/\/api.w.org\/{rel}","templated":true}]}}