{"id":1409,"date":"2022-07-31T07:21:28","date_gmt":"2022-07-31T11:21:28","guid":{"rendered":"https:\/\/mcls.turnbull.co\/?page_id=1409"},"modified":"2022-07-31T07:21:31","modified_gmt":"2022-07-31T11:21:31","slug":"equipe-dinitiative-de-justice-sociale-mobile","status":"publish","type":"page","link":"https:\/\/www.mississaugalegalclinic.ca\/fr\/qui-nous-sommes\/equipe-dinitiative-de-justice-sociale-mobile\/","title":{"rendered":"\u00c9quipe d\u2019initiative de justice sociale mobile"},"content":{"rendered":"\n<p><img loading=\"lazy\" decoding=\"async\" class=\"alignnone size-full wp-image-1145\" src=\"\/wp-content\/uploads\/2019\/10\/mobile-legal-social-justice-initiative.jpg\" alt=\"Mobile Legal &amp; Social justice Initiative\" width=\"1200\" height=\"176\" srcset=\"https:\/\/www.mississaugalegalclinic.ca\/wp-content\/uploads\/2019\/10\/mobile-legal-social-justice-initiative.jpg 1200w, https:\/\/www.mississaugalegalclinic.ca\/wp-content\/uploads\/2019\/10\/mobile-legal-social-justice-initiative-300x44.jpg 300w, https:\/\/www.mississaugalegalclinic.ca\/wp-content\/uploads\/2019\/10\/mobile-legal-social-justice-initiative-768x113.jpg 768w, https:\/\/www.mississaugalegalclinic.ca\/wp-content\/uploads\/2019\/10\/mobile-legal-social-justice-initiative-1024x150.jpg 1024w, https:\/\/www.mississaugalegalclinic.ca\/wp-content\/uploads\/2019\/10\/mobile-legal-social-justice-initiative-100x15.jpg 100w, https:\/\/www.mississaugalegalclinic.ca\/wp-content\/uploads\/2019\/10\/mobile-legal-social-justice-initiative-194x28.jpg 194w, https:\/\/www.mississaugalegalclinic.ca\/wp-content\/uploads\/2019\/10\/mobile-legal-social-justice-initiative-190x28.jpg 190w, https:\/\/www.mississaugalegalclinic.ca\/wp-content\/uploads\/2019\/10\/mobile-legal-social-justice-initiative-1159x170.jpg 1159w, https:\/\/www.mississaugalegalclinic.ca\/wp-content\/uploads\/2019\/10\/mobile-legal-social-justice-initiative-1132x166.jpg 1132w, https:\/\/www.mississaugalegalclinic.ca\/wp-content\/uploads\/2019\/10\/mobile-legal-social-justice-initiative-670x98.jpg 670w, https:\/\/www.mississaugalegalclinic.ca\/wp-content\/uploads\/2019\/10\/mobile-legal-social-justice-initiative-30x4.jpg 30w, https:\/\/www.mississaugalegalclinic.ca\/wp-content\/uploads\/2019\/10\/mobile-legal-social-justice-initiative-24x4.jpg 24w, https:\/\/www.mississaugalegalclinic.ca\/wp-content\/uploads\/2019\/10\/mobile-legal-social-justice-initiative-36x5.jpg 36w, https:\/\/www.mississaugalegalclinic.ca\/wp-content\/uploads\/2019\/10\/mobile-legal-social-justice-initiative-48x7.jpg 48w\" sizes=\"auto, (max-width: 1200px) 100vw, 1200px\" \/><\/p>\n<p>Nous administrons un programme permanent appel\u00e9 Mobile Legal and Social Justice Initiative (\u00abMLSJI\u00bb), dont le but est d&rsquo;am\u00e9liorer les services de droit de l\u2019emploi dans les cliniques juridiques communautaires de tout le sud-ouest de l&rsquo;Ontario. MLSJI emploie trois avocats sp\u00e9cialis\u00e9s en droit du travail pour fournir ces services. En 2016, nous avons re\u00e7u du financement pour MLSJI, qui \u00e0 l&rsquo;\u00e9poque \u00e9tait un projet pilote de trois ans.<\/p>\n<p>Un examen ind\u00e9pendant du projet pilote cette ann\u00e9e a r\u00e9v\u00e9l\u00e9 que les trois avocats avaient r\u00e9cup\u00e9r\u00e9 plus d&rsquo;un demi-million de dollars de salaires impay\u00e9s depuis son lancement, soit une moyenne de 10 145 $ par client pour des violations des normes d&#8217;emploi, des cong\u00e9diements injustifi\u00e9s et des questions de droits de la personne. Le rapport a r\u00e9v\u00e9l\u00e9 que la capacit\u00e9 des 15 cliniques juridiques qui offrent des services de droit du travail est pass\u00e9e de trois cliniques juridiques \u00e0 toutes les cliniques qui desservent le sud-ouest de l&rsquo;Ontario.<\/p>\n<p>Ce succ\u00e8s a \u00e9galement \u00e9t\u00e9 pr\u00e9sent\u00e9 dans le Toronto Star en juin 2019. L&rsquo;article est disponible en ligne sur:\u00a0<a href=\"https:\/\/www.thestar.com\/news\/gta\/2019\/06\/16\/pilot-project-aimed-at-protecting-workers-fears-impact-of-ford-government-cuts.html\" target=\"_blank\" rel=\"noopener\">https:\/\/www.thestar.com\/news\/gta\/2019\/06\/16\/pilot-project-aimed-at-protecting-workers-fears-impact-of-ford-government-cuts.html<\/a>.<\/p>\n<h2>Ce que vise l&rsquo;initiative:<\/h2>\n<ul>\n<li>Aide les clients \u00e0 r\u00e9soudre les probl\u00e8mes li\u00e9s au cong\u00e9diement injustifi\u00e9, aux normes d&#8217;emploi, \u00e0 certains probl\u00e8mes avec l\u2019assurances-emploi, au recouvrement des salaires impay\u00e9s et des dommages-int\u00e9r\u00eats, aux repr\u00e9sailles d\u00e9coulant de la <em>Loi sur la sant\u00e9 et la s\u00e9curit\u00e9 au travail<\/em> et \u00e0 la <em>Loi sur les normes d&#8217;emploi<\/em> et aux droits de la personne;<\/li>\n<li>Fournit des conseils sommaires et offre une repr\u00e9sentation plus compl\u00e8te dans les cas o\u00f9 il y a du m\u00e9rite et o\u00f9 le client satisfait aux exigences d&rsquo;admissibilit\u00e9 financi\u00e8re \u00e9tablies par AJO<\/li>\n<li>Travaille avec les cliniques pour am\u00e9liorer leur capacit\u00e9 \u00e0 fournir des conseils sommaires sur le droit de l\u2019emploi<\/li>\n<li>\u0152uvre pour faire progresser les droits des travailleurs migrants dans le sud de l&rsquo;Ontario<\/li>\n<li>Offre des s\u00e9minaires publics d&rsquo;\u00e9ducation juridique dans le sud de l&rsquo;Ontario.<\/li>\n<\/ul>\n<h2>Qui nous desservons:<\/h2>\n<p>MLSJI fournit des services en droit de d&#8217;emploi aux cliniques juridiques suivantes:<\/p>\n<ul>\n<li>Chatham-Kent Legal Clinic<\/li>\n<li>Community Legal Assistance Sarnia<\/li>\n<li>Elgin-Oxford Legal Clinic<\/li>\n<li>Grey-Bruce Community Legal Clinic<\/li>\n<li>Legal Clinic of Guelph and Wellington County<\/li>\n<li>Waterloo Region Community Legal Services<\/li>\n<li>Windsor-Essex Bilingual Legal Clinic<\/li>\n<li>Hamilton Community Legal Services<\/li>\n<li>Niagara Community Legal Services<\/li>\n<li>Huron Perth Community Legal Services<\/li>\n<li>Brant, Haldimand Norfolk Community Legal Services<\/li>\n<\/ul>\n<p>Veuillez communiquer avec l&rsquo;une des cliniques juridiques \u00e9num\u00e9r\u00e9es ci-dessus pour obtenir plus d&rsquo;informations sur le programme ou pour acc\u00e9der \u00e0 nos services.<\/p>\n","protected":false},"excerpt":{"rendered":"<p>Nous administrons un programme permanent appel\u00e9 Mobile Legal and Social Justice Initiative (\u00abMLSJI\u00bb), dont le but est d&rsquo;am\u00e9liorer les services de droit de l\u2019emploi dans les cliniques juridiques communautaires de tout le sud-ouest de l&rsquo;Ontario. MLSJI emploie trois avocats sp\u00e9cialis\u00e9s en droit du travail pour fournir ces services. En 2016, nous avons re\u00e7u du financement pour MLSJI,<\/p>\n","protected":false},"author":2,"featured_media":0,"parent":1397,"menu_order":0,"comment_status":"closed","ping_status":"closed","template":"","meta":{"footnotes":""},"class_list":["post-1409","page","type-page","status-publish","hentry"],"yoast_head":"<!-- This site is optimized with the Yoast SEO plugin v27.0 - https:\/\/yoast.com\/product\/yoast-seo-wordpress\/ -->\n<title>\u00c9quipe d\u2019initiative de justice sociale mobile - Mississauga Community Legal Services<\/title>\n<meta name=\"robots\" content=\"index, follow, max-snippet:-1, max-image-preview:large, max-video-preview:-1\" \/>\n<link rel=\"canonical\" href=\"https:\/\/www.mississaugalegalclinic.ca\/fr\/qui-nous-sommes\/equipe-dinitiative-de-justice-sociale-mobile\/\" \/>\n<meta property=\"og:locale\" content=\"fr_FR\" \/>\n<meta property=\"og:type\" content=\"article\" \/>\n<meta property=\"og:title\" content=\"\u00c9quipe d\u2019initiative de justice sociale mobile - Mississauga Community Legal Services\" \/>\n<meta property=\"og:description\" content=\"Nous administrons un programme permanent appel\u00e9 Mobile Legal and Social Justice Initiative (\u00abMLSJI\u00bb), dont le but est d&rsquo;am\u00e9liorer les services de droit de l\u2019emploi dans les cliniques juridiques communautaires de tout le sud-ouest de l&rsquo;Ontario. MLSJI emploie trois avocats sp\u00e9cialis\u00e9s en droit du travail pour fournir ces services. En 2016, nous avons re\u00e7u du financement pour MLSJI,\" \/>\n<meta property=\"og:url\" content=\"https:\/\/www.mississaugalegalclinic.ca\/fr\/qui-nous-sommes\/equipe-dinitiative-de-justice-sociale-mobile\/\" \/>\n<meta property=\"og:site_name\" content=\"Mississauga Community Legal Services\" \/>\n<meta property=\"article:modified_time\" content=\"2022-07-31T11:21:31+00:00\" \/>\n<meta name=\"twitter:card\" content=\"summary_large_image\" \/>\n<meta name=\"twitter:label1\" content=\"Dur\u00e9e de lecture estim\u00e9e\" \/>\n\t<meta name=\"twitter:data1\" content=\"2 minutes\" \/>\n<script type=\"application\/ld+json\" class=\"yoast-schema-graph\">{\"@context\":\"https:\/\/schema.org\",\"@graph\":[{\"@type\":\"WebPage\",\"@id\":\"https:\/\/www.mississaugalegalclinic.ca\/fr\/qui-nous-sommes\/equipe-dinitiative-de-justice-sociale-mobile\/\",\"url\":\"https:\/\/www.mississaugalegalclinic.ca\/fr\/qui-nous-sommes\/equipe-dinitiative-de-justice-sociale-mobile\/\",\"name\":\"\u00c9quipe d\u2019initiative de justice sociale mobile - Mississauga Community Legal Services\",\"isPartOf\":{\"@id\":\"https:\/\/www.mississaugalegalclinic.ca\/#website\"},\"datePublished\":\"2022-07-31T11:21:28+00:00\",\"dateModified\":\"2022-07-31T11:21:31+00:00\",\"breadcrumb\":{\"@id\":\"https:\/\/www.mississaugalegalclinic.ca\/fr\/qui-nous-sommes\/equipe-dinitiative-de-justice-sociale-mobile\/#breadcrumb\"},\"inLanguage\":\"fr-FR\",\"potentialAction\":[{\"@type\":\"ReadAction\",\"target\":[\"https:\/\/www.mississaugalegalclinic.ca\/fr\/qui-nous-sommes\/equipe-dinitiative-de-justice-sociale-mobile\/\"]}]},{\"@type\":\"BreadcrumbList\",\"@id\":\"https:\/\/www.mississaugalegalclinic.ca\/fr\/qui-nous-sommes\/equipe-dinitiative-de-justice-sociale-mobile\/#breadcrumb\",\"itemListElement\":[{\"@type\":\"ListItem\",\"position\":1,\"name\":\"Home\",\"item\":\"https:\/\/www.mississaugalegalclinic.ca\/fr\/\"},{\"@type\":\"ListItem\",\"position\":2,\"name\":\"Qui nous sommes\",\"item\":\"https:\/\/www.mississaugalegalclinic.ca\/fr\/qui-nous-sommes\/\"},{\"@type\":\"ListItem\",\"position\":3,\"name\":\"\u00c9quipe d\u2019initiative de justice sociale mobile\"}]},{\"@type\":\"WebSite\",\"@id\":\"https:\/\/www.mississaugalegalclinic.ca\/#website\",\"url\":\"https:\/\/www.mississaugalegalclinic.ca\/\",\"name\":\"Mississauga Community Legal Services\",\"description\":\"Free legal services for low income residents of Mississauga\",\"potentialAction\":[{\"@type\":\"SearchAction\",\"target\":{\"@type\":\"EntryPoint\",\"urlTemplate\":\"https:\/\/www.mississaugalegalclinic.ca\/?s={search_term_string}\"},\"query-input\":{\"@type\":\"PropertyValueSpecification\",\"valueRequired\":true,\"valueName\":\"search_term_string\"}}],\"inLanguage\":\"fr-FR\"}]}<\/script>\n<!-- \/ Yoast SEO plugin. -->","yoast_head_json":{"title":"\u00c9quipe d\u2019initiative de justice sociale mobile - Mississauga Community Legal Services","robots":{"index":"index","follow":"follow","max-snippet":"max-snippet:-1","max-image-preview":"max-image-preview:large","max-video-preview":"max-video-preview:-1"},"canonical":"https:\/\/www.mississaugalegalclinic.ca\/fr\/qui-nous-sommes\/equipe-dinitiative-de-justice-sociale-mobile\/","og_locale":"fr_FR","og_type":"article","og_title":"\u00c9quipe d\u2019initiative de justice sociale mobile - Mississauga Community Legal Services","og_description":"Nous administrons un programme permanent appel\u00e9 Mobile Legal and Social Justice Initiative (\u00abMLSJI\u00bb), dont le but est d&rsquo;am\u00e9liorer les services de droit de l\u2019emploi dans les cliniques juridiques communautaires de tout le sud-ouest de l&rsquo;Ontario. MLSJI emploie trois avocats sp\u00e9cialis\u00e9s en droit du travail pour fournir ces services. En 2016, nous avons re\u00e7u du financement pour MLSJI,","og_url":"https:\/\/www.mississaugalegalclinic.ca\/fr\/qui-nous-sommes\/equipe-dinitiative-de-justice-sociale-mobile\/","og_site_name":"Mississauga Community Legal Services","article_modified_time":"2022-07-31T11:21:31+00:00","twitter_card":"summary_large_image","twitter_misc":{"Dur\u00e9e de lecture estim\u00e9e":"2 minutes"},"schema":{"@context":"https:\/\/schema.org","@graph":[{"@type":"WebPage","@id":"https:\/\/www.mississaugalegalclinic.ca\/fr\/qui-nous-sommes\/equipe-dinitiative-de-justice-sociale-mobile\/","url":"https:\/\/www.mississaugalegalclinic.ca\/fr\/qui-nous-sommes\/equipe-dinitiative-de-justice-sociale-mobile\/","name":"\u00c9quipe d\u2019initiative de justice sociale mobile - Mississauga Community Legal Services","isPartOf":{"@id":"https:\/\/www.mississaugalegalclinic.ca\/#website"},"datePublished":"2022-07-31T11:21:28+00:00","dateModified":"2022-07-31T11:21:31+00:00","breadcrumb":{"@id":"https:\/\/www.mississaugalegalclinic.ca\/fr\/qui-nous-sommes\/equipe-dinitiative-de-justice-sociale-mobile\/#breadcrumb"},"inLanguage":"fr-FR","potentialAction":[{"@type":"ReadAction","target":["https:\/\/www.mississaugalegalclinic.ca\/fr\/qui-nous-sommes\/equipe-dinitiative-de-justice-sociale-mobile\/"]}]},{"@type":"BreadcrumbList","@id":"https:\/\/www.mississaugalegalclinic.ca\/fr\/qui-nous-sommes\/equipe-dinitiative-de-justice-sociale-mobile\/#breadcrumb","itemListElement":[{"@type":"ListItem","position":1,"name":"Home","item":"https:\/\/www.mississaugalegalclinic.ca\/fr\/"},{"@type":"ListItem","position":2,"name":"Qui nous sommes","item":"https:\/\/www.mississaugalegalclinic.ca\/fr\/qui-nous-sommes\/"},{"@type":"ListItem","position":3,"name":"\u00c9quipe d\u2019initiative de justice sociale mobile"}]},{"@type":"WebSite","@id":"https:\/\/www.mississaugalegalclinic.ca\/#website","url":"https:\/\/www.mississaugalegalclinic.ca\/","name":"Mississauga Community Legal Services","description":"Free legal services for low income residents of Mississauga","potentialAction":[{"@type":"SearchAction","target":{"@type":"EntryPoint","urlTemplate":"https:\/\/www.mississaugalegalclinic.ca\/?s={search_term_string}"},"query-input":{"@type":"PropertyValueSpecification","valueRequired":true,"valueName":"search_term_string"}}],"inLanguage":"fr-FR"}]}},"_links":{"self":[{"href":"https:\/\/www.mississaugalegalclinic.ca\/fr\/wp-json\/wp\/v2\/pages\/1409","targetHints":{"allow":["GET"]}}],"collection":[{"href":"https:\/\/www.mississaugalegalclinic.ca\/fr\/wp-json\/wp\/v2\/pages"}],"about":[{"href":"https:\/\/www.mississaugalegalclinic.ca\/fr\/wp-json\/wp\/v2\/types\/page"}],"author":[{"embeddable":true,"href":"https:\/\/www.mississaugalegalclinic.ca\/fr\/wp-json\/wp\/v2\/users\/2"}],"replies":[{"embeddable":true,"href":"https:\/\/www.mississaugalegalclinic.ca\/fr\/wp-json\/wp\/v2\/comments?post=1409"}],"version-history":[{"count":1,"href":"https:\/\/www.mississaugalegalclinic.ca\/fr\/wp-json\/wp\/v2\/pages\/1409\/revisions"}],"predecessor-version":[{"id":1410,"href":"https:\/\/www.mississaugalegalclinic.ca\/fr\/wp-json\/wp\/v2\/pages\/1409\/revisions\/1410"}],"up":[{"embeddable":true,"href":"https:\/\/www.mississaugalegalclinic.ca\/fr\/wp-json\/wp\/v2\/pages\/1397"}],"wp:attachment":[{"href":"https:\/\/www.mississaugalegalclinic.ca\/fr\/wp-json\/wp\/v2\/media?parent=1409"}],"curies":[{"name":"wp","href":"https:\/\/api.w.org\/{rel}","templated":true}]}}