{"id":1406,"date":"2022-07-31T07:14:24","date_gmt":"2022-07-31T11:14:24","guid":{"rendered":"https:\/\/mcls.turnbull.co\/?page_id=1406"},"modified":"2022-07-31T07:14:29","modified_gmt":"2022-07-31T11:14:29","slug":"ahwenehaode-programme-de-justice-autochtone","status":"publish","type":"page","link":"https:\/\/www.mississaugalegalclinic.ca\/fr\/qui-nous-sommes\/ahwenehaode-programme-de-justice-autochtone\/","title":{"rendered":"Ahwenehaode \u2013 Programme de justice autochtone"},"content":{"rendered":"\n<p><img loading=\"lazy\" decoding=\"async\" class=\"size-full wp-image-1126 alignright\" src=\"\/wp-content\/uploads\/2019\/10\/ahwenehaode-colour-300x199.jpg\" alt=\"Ahwenehaode Indigenous Justice Program\" width=\"300\" height=\"199\" srcset=\"https:\/\/www.mississaugalegalclinic.ca\/wp-content\/uploads\/2019\/10\/ahwenehaode-colour-300x199.jpg 300w, https:\/\/www.mississaugalegalclinic.ca\/wp-content\/uploads\/2019\/10\/ahwenehaode-colour-300x199-100x66.jpg 100w, https:\/\/www.mississaugalegalclinic.ca\/wp-content\/uploads\/2019\/10\/ahwenehaode-colour-300x199-90x60.jpg 90w, https:\/\/www.mississaugalegalclinic.ca\/wp-content\/uploads\/2019\/10\/ahwenehaode-colour-300x199-190x126.jpg 190w, https:\/\/www.mississaugalegalclinic.ca\/wp-content\/uploads\/2019\/10\/ahwenehaode-colour-300x199-256x170.jpg 256w, https:\/\/www.mississaugalegalclinic.ca\/wp-content\/uploads\/2019\/10\/ahwenehaode-colour-300x199-250x166.jpg 250w, https:\/\/www.mississaugalegalclinic.ca\/wp-content\/uploads\/2019\/10\/ahwenehaode-colour-300x199-30x20.jpg 30w, https:\/\/www.mississaugalegalclinic.ca\/wp-content\/uploads\/2019\/10\/ahwenehaode-colour-300x199-24x16.jpg 24w, https:\/\/www.mississaugalegalclinic.ca\/wp-content\/uploads\/2019\/10\/ahwenehaode-colour-300x199-36x24.jpg 36w, https:\/\/www.mississaugalegalclinic.ca\/wp-content\/uploads\/2019\/10\/ahwenehaode-colour-300x199-48x32.jpg 48w\" sizes=\"auto, (max-width: 300px) 100vw, 300px\" \/><\/p>\n<p><a href=\"http:\/\/wrcls.ca\/ahwenehaode-indigenous-justice\/\" target=\"_blank\" rel=\"noopener\">Ahwenehaode &#8211; Le programme de justice autochtone<\/a> a \u00e9t\u00e9 fond\u00e9 en d\u00e9cembre 2016. Ahwenehaode est une nouvelle initiative cr\u00e9\u00e9e pour:<\/p>\n<ul>\n<li>Am\u00e9liorer l&rsquo;acc\u00e8s \u00e0 la justice pour les Premi\u00e8res Nations, les M\u00e9tis et les Inuits en collaborant avec les agences et r\u00e9seaux sociaux autochtones pour \u00e9tablir des relations et la confiance<\/li>\n<li>Fournir des services juridiques cliniques adapt\u00e9s et respectueux de la culture et des moyens accessibles de soutien, d&rsquo;intervention et d&rsquo;assistance.<\/li>\n<li>Favoriser et am\u00e9liorer la coordination et l&rsquo;int\u00e9gration avec d&rsquo;autres services d&rsquo;aide juridique et dans tous les \u00e9l\u00e9ments du secteur de la justice<\/li>\n<\/ul>\n<p>Nous desservons:<\/p>\n<ul>\n<li>la r\u00e9gion de Waterloo par l\u2019entremise des services juridiques communautaires de la r\u00e9gion de Waterloo,<\/li>\n<li>Guelph et le comt\u00e9 de Wellington par l\u2019entremise de la Clinique juridique de Guelph et du comt\u00e9 de Wellington, et<\/li>\n<li>la ville de Mississauga par l&rsquo;entremise des services juridiques communautaires de Mississauga.<\/li>\n<\/ul>\n<p><strong>\u00c0 propos du nom<\/strong><\/p>\n<p>Ahwenehaode (ahh-when-en-hout-dant) est un terme de Cayuga qui signifie \u00abUtiliser des mots de soutien aimables\u00bb. Le nom a \u00e9t\u00e9 donn\u00e9 par un membre de la nation Cayuga en consultation avec les anciens et le Cercle consultatif de l&rsquo;IJP.<\/p>\n<p><strong>\u00c0 propos du logo<\/strong><\/p>\n<p>L&rsquo;aigle repr\u00e9sente le programme de justice autochtone, offrant un soutien aux personnes qui composent une partie des ailes et des plumes. L&rsquo;aigle fait face \u00e0 l&rsquo;avenir tandis que les gens sur les ailes forment un chemin, se tenant la main l&rsquo;un l&rsquo;autre, debout et fermes comme des plumes.<\/p>\n<p><strong>Contact<\/strong><\/p>\n<p>Pour plus d&rsquo;informations sur le programme ou pour acc\u00e9der \u00e0 ces services, communiquez avec la personne suivante:<\/p>\n<p>Lu Roberts par t\u00e9l\u00e9phone au 519-743-0254 ou par courriel \u00e0 <a href=\"mailto:robertsl@lao.on.ca\">robertsl@lao.on.ca<\/a><\/p>\n<p>Facebook: <a href=\"https:\/\/www.facebook.com\/Ahwenehaode\/\" target=\"_blank\" rel=\"noopener\">https:\/\/www.facebook.com\/Ahwenehaode\/<\/a><\/p>\n<p>Twitter:\u00a0<a href=\"https:\/\/twitter.com\/ahwenehaode\" target=\"_blank\" rel=\"noopener\">https:\/\/twitter.com\/ahwenehaode<\/a><\/p>\n<p>\u00a0<\/p>\n","protected":false},"excerpt":{"rendered":"<p><a href=\"http:\/\/wrcls.ca\/ahwenehaode-indigenous-justice\/\" target=\"_blank\" rel=\"noopener\">Ahwenehaode &#8211; Le programme de justice autochtone<\/a> a \u00e9t\u00e9 fond\u00e9 en d\u00e9cembre 2016. Ahwenehaode est une nouvelle initiative cr\u00e9\u00e9e pour:<\/p>\n<p>Am\u00e9liorer l&rsquo;acc\u00e8s \u00e0 la justice pour les Premi\u00e8res Nations, les M\u00e9tis et les Inuits en collaborant avec les agences et r\u00e9seaux sociaux autochtones pour \u00e9tablir des relations et la confiance<br \/>\nFournir des services juridiques cliniques adapt\u00e9s et respectueux de la culture et des moyens accessibles de soutien,<\/p>\n","protected":false},"author":2,"featured_media":0,"parent":1397,"menu_order":0,"comment_status":"closed","ping_status":"closed","template":"","meta":{"footnotes":""},"class_list":["post-1406","page","type-page","status-publish","hentry"],"yoast_head":"<!-- This site is optimized with the Yoast SEO plugin v27.0 - https:\/\/yoast.com\/product\/yoast-seo-wordpress\/ -->\n<title>Ahwenehaode \u2013 Programme de justice autochtone - Mississauga Community Legal Services<\/title>\n<meta name=\"robots\" content=\"index, follow, max-snippet:-1, max-image-preview:large, max-video-preview:-1\" \/>\n<link rel=\"canonical\" href=\"https:\/\/www.mississaugalegalclinic.ca\/fr\/qui-nous-sommes\/ahwenehaode-programme-de-justice-autochtone\/\" \/>\n<meta property=\"og:locale\" content=\"fr_FR\" \/>\n<meta property=\"og:type\" content=\"article\" \/>\n<meta property=\"og:title\" content=\"Ahwenehaode \u2013 Programme de justice autochtone - Mississauga Community Legal Services\" \/>\n<meta property=\"og:description\" content=\"Ahwenehaode &#8211; Le programme de justice autochtone a \u00e9t\u00e9 fond\u00e9 en d\u00e9cembre 2016. Ahwenehaode est une nouvelle initiative cr\u00e9\u00e9e pour: Am\u00e9liorer l&rsquo;acc\u00e8s \u00e0 la justice pour les Premi\u00e8res Nations, les M\u00e9tis et les Inuits en collaborant avec les agences et r\u00e9seaux sociaux autochtones pour \u00e9tablir des relations et la confiance Fournir des services juridiques cliniques adapt\u00e9s et respectueux de la culture et des moyens accessibles de soutien,\" \/>\n<meta property=\"og:url\" content=\"https:\/\/www.mississaugalegalclinic.ca\/fr\/qui-nous-sommes\/ahwenehaode-programme-de-justice-autochtone\/\" \/>\n<meta property=\"og:site_name\" content=\"Mississauga Community Legal Services\" \/>\n<meta property=\"article:modified_time\" content=\"2022-07-31T11:14:29+00:00\" \/>\n<meta name=\"twitter:card\" content=\"summary_large_image\" \/>\n<meta name=\"twitter:label1\" content=\"Dur\u00e9e de lecture estim\u00e9e\" \/>\n\t<meta name=\"twitter:data1\" content=\"2 minutes\" \/>\n<script type=\"application\/ld+json\" class=\"yoast-schema-graph\">{\"@context\":\"https:\/\/schema.org\",\"@graph\":[{\"@type\":\"WebPage\",\"@id\":\"https:\/\/www.mississaugalegalclinic.ca\/fr\/qui-nous-sommes\/ahwenehaode-programme-de-justice-autochtone\/\",\"url\":\"https:\/\/www.mississaugalegalclinic.ca\/fr\/qui-nous-sommes\/ahwenehaode-programme-de-justice-autochtone\/\",\"name\":\"Ahwenehaode \u2013 Programme de justice autochtone - Mississauga Community Legal Services\",\"isPartOf\":{\"@id\":\"https:\/\/www.mississaugalegalclinic.ca\/#website\"},\"datePublished\":\"2022-07-31T11:14:24+00:00\",\"dateModified\":\"2022-07-31T11:14:29+00:00\",\"breadcrumb\":{\"@id\":\"https:\/\/www.mississaugalegalclinic.ca\/fr\/qui-nous-sommes\/ahwenehaode-programme-de-justice-autochtone\/#breadcrumb\"},\"inLanguage\":\"fr-FR\",\"potentialAction\":[{\"@type\":\"ReadAction\",\"target\":[\"https:\/\/www.mississaugalegalclinic.ca\/fr\/qui-nous-sommes\/ahwenehaode-programme-de-justice-autochtone\/\"]}]},{\"@type\":\"BreadcrumbList\",\"@id\":\"https:\/\/www.mississaugalegalclinic.ca\/fr\/qui-nous-sommes\/ahwenehaode-programme-de-justice-autochtone\/#breadcrumb\",\"itemListElement\":[{\"@type\":\"ListItem\",\"position\":1,\"name\":\"Home\",\"item\":\"https:\/\/www.mississaugalegalclinic.ca\/fr\/\"},{\"@type\":\"ListItem\",\"position\":2,\"name\":\"Qui nous sommes\",\"item\":\"https:\/\/www.mississaugalegalclinic.ca\/fr\/qui-nous-sommes\/\"},{\"@type\":\"ListItem\",\"position\":3,\"name\":\"Ahwenehaode \u2013 Programme de justice autochtone\"}]},{\"@type\":\"WebSite\",\"@id\":\"https:\/\/www.mississaugalegalclinic.ca\/#website\",\"url\":\"https:\/\/www.mississaugalegalclinic.ca\/\",\"name\":\"Mississauga Community Legal Services\",\"description\":\"Free legal services for low income residents of Mississauga\",\"potentialAction\":[{\"@type\":\"SearchAction\",\"target\":{\"@type\":\"EntryPoint\",\"urlTemplate\":\"https:\/\/www.mississaugalegalclinic.ca\/?s={search_term_string}\"},\"query-input\":{\"@type\":\"PropertyValueSpecification\",\"valueRequired\":true,\"valueName\":\"search_term_string\"}}],\"inLanguage\":\"fr-FR\"}]}<\/script>\n<!-- \/ Yoast SEO plugin. -->","yoast_head_json":{"title":"Ahwenehaode \u2013 Programme de justice autochtone - Mississauga Community Legal Services","robots":{"index":"index","follow":"follow","max-snippet":"max-snippet:-1","max-image-preview":"max-image-preview:large","max-video-preview":"max-video-preview:-1"},"canonical":"https:\/\/www.mississaugalegalclinic.ca\/fr\/qui-nous-sommes\/ahwenehaode-programme-de-justice-autochtone\/","og_locale":"fr_FR","og_type":"article","og_title":"Ahwenehaode \u2013 Programme de justice autochtone - Mississauga Community Legal Services","og_description":"Ahwenehaode &#8211; Le programme de justice autochtone a \u00e9t\u00e9 fond\u00e9 en d\u00e9cembre 2016. Ahwenehaode est une nouvelle initiative cr\u00e9\u00e9e pour: Am\u00e9liorer l&rsquo;acc\u00e8s \u00e0 la justice pour les Premi\u00e8res Nations, les M\u00e9tis et les Inuits en collaborant avec les agences et r\u00e9seaux sociaux autochtones pour \u00e9tablir des relations et la confiance Fournir des services juridiques cliniques adapt\u00e9s et respectueux de la culture et des moyens accessibles de soutien,","og_url":"https:\/\/www.mississaugalegalclinic.ca\/fr\/qui-nous-sommes\/ahwenehaode-programme-de-justice-autochtone\/","og_site_name":"Mississauga Community Legal Services","article_modified_time":"2022-07-31T11:14:29+00:00","twitter_card":"summary_large_image","twitter_misc":{"Dur\u00e9e de lecture estim\u00e9e":"2 minutes"},"schema":{"@context":"https:\/\/schema.org","@graph":[{"@type":"WebPage","@id":"https:\/\/www.mississaugalegalclinic.ca\/fr\/qui-nous-sommes\/ahwenehaode-programme-de-justice-autochtone\/","url":"https:\/\/www.mississaugalegalclinic.ca\/fr\/qui-nous-sommes\/ahwenehaode-programme-de-justice-autochtone\/","name":"Ahwenehaode \u2013 Programme de justice autochtone - Mississauga Community Legal Services","isPartOf":{"@id":"https:\/\/www.mississaugalegalclinic.ca\/#website"},"datePublished":"2022-07-31T11:14:24+00:00","dateModified":"2022-07-31T11:14:29+00:00","breadcrumb":{"@id":"https:\/\/www.mississaugalegalclinic.ca\/fr\/qui-nous-sommes\/ahwenehaode-programme-de-justice-autochtone\/#breadcrumb"},"inLanguage":"fr-FR","potentialAction":[{"@type":"ReadAction","target":["https:\/\/www.mississaugalegalclinic.ca\/fr\/qui-nous-sommes\/ahwenehaode-programme-de-justice-autochtone\/"]}]},{"@type":"BreadcrumbList","@id":"https:\/\/www.mississaugalegalclinic.ca\/fr\/qui-nous-sommes\/ahwenehaode-programme-de-justice-autochtone\/#breadcrumb","itemListElement":[{"@type":"ListItem","position":1,"name":"Home","item":"https:\/\/www.mississaugalegalclinic.ca\/fr\/"},{"@type":"ListItem","position":2,"name":"Qui nous sommes","item":"https:\/\/www.mississaugalegalclinic.ca\/fr\/qui-nous-sommes\/"},{"@type":"ListItem","position":3,"name":"Ahwenehaode \u2013 Programme de justice autochtone"}]},{"@type":"WebSite","@id":"https:\/\/www.mississaugalegalclinic.ca\/#website","url":"https:\/\/www.mississaugalegalclinic.ca\/","name":"Mississauga Community Legal Services","description":"Free legal services for low income residents of Mississauga","potentialAction":[{"@type":"SearchAction","target":{"@type":"EntryPoint","urlTemplate":"https:\/\/www.mississaugalegalclinic.ca\/?s={search_term_string}"},"query-input":{"@type":"PropertyValueSpecification","valueRequired":true,"valueName":"search_term_string"}}],"inLanguage":"fr-FR"}]}},"_links":{"self":[{"href":"https:\/\/www.mississaugalegalclinic.ca\/fr\/wp-json\/wp\/v2\/pages\/1406","targetHints":{"allow":["GET"]}}],"collection":[{"href":"https:\/\/www.mississaugalegalclinic.ca\/fr\/wp-json\/wp\/v2\/pages"}],"about":[{"href":"https:\/\/www.mississaugalegalclinic.ca\/fr\/wp-json\/wp\/v2\/types\/page"}],"author":[{"embeddable":true,"href":"https:\/\/www.mississaugalegalclinic.ca\/fr\/wp-json\/wp\/v2\/users\/2"}],"replies":[{"embeddable":true,"href":"https:\/\/www.mississaugalegalclinic.ca\/fr\/wp-json\/wp\/v2\/comments?post=1406"}],"version-history":[{"count":1,"href":"https:\/\/www.mississaugalegalclinic.ca\/fr\/wp-json\/wp\/v2\/pages\/1406\/revisions"}],"predecessor-version":[{"id":1408,"href":"https:\/\/www.mississaugalegalclinic.ca\/fr\/wp-json\/wp\/v2\/pages\/1406\/revisions\/1408"}],"up":[{"embeddable":true,"href":"https:\/\/www.mississaugalegalclinic.ca\/fr\/wp-json\/wp\/v2\/pages\/1397"}],"wp:attachment":[{"href":"https:\/\/www.mississaugalegalclinic.ca\/fr\/wp-json\/wp\/v2\/media?parent=1406"}],"curies":[{"name":"wp","href":"https:\/\/api.w.org\/{rel}","templated":true}]}}