{"id":1404,"date":"2022-07-31T07:10:08","date_gmt":"2022-07-31T11:10:08","guid":{"rendered":"https:\/\/mcls.turnbull.co\/?page_id=1404"},"modified":"2024-01-25T15:42:41","modified_gmt":"2024-01-25T20:42:41","slug":"notre-personnel","status":"publish","type":"page","link":"https:\/\/www.mississaugalegalclinic.ca\/fr\/qui-nous-sommes\/notre-personnel\/","title":{"rendered":"Notre personnel"},"content":{"rendered":"\n<p><img loading=\"lazy\" decoding=\"async\" class=\"alignnone size-full wp-image-1663\" src=\"https:\/\/www.mississaugalegalclinic.ca\/wp-content\/uploads\/2024\/01\/waitoneday-163-1024x683-2.jpg\" alt=\"\" width=\"1024\" height=\"683\" srcset=\"https:\/\/www.mississaugalegalclinic.ca\/wp-content\/uploads\/2024\/01\/waitoneday-163-1024x683-2.jpg 1024w, https:\/\/www.mississaugalegalclinic.ca\/wp-content\/uploads\/2024\/01\/waitoneday-163-1024x683-2-300x200.jpg 300w, https:\/\/www.mississaugalegalclinic.ca\/wp-content\/uploads\/2024\/01\/waitoneday-163-1024x683-2-768x512.jpg 768w, https:\/\/www.mississaugalegalclinic.ca\/wp-content\/uploads\/2024\/01\/waitoneday-163-1024x683-2-100x67.jpg 100w, https:\/\/www.mississaugalegalclinic.ca\/wp-content\/uploads\/2024\/01\/waitoneday-163-1024x683-2-90x60.jpg 90w, https:\/\/www.mississaugalegalclinic.ca\/wp-content\/uploads\/2024\/01\/waitoneday-163-1024x683-2-190x127.jpg 190w, https:\/\/www.mississaugalegalclinic.ca\/wp-content\/uploads\/2024\/01\/waitoneday-163-1024x683-2-255x170.jpg 255w, https:\/\/www.mississaugalegalclinic.ca\/wp-content\/uploads\/2024\/01\/waitoneday-163-1024x683-2-249x166.jpg 249w, https:\/\/www.mississaugalegalclinic.ca\/wp-content\/uploads\/2024\/01\/waitoneday-163-1024x683-2-670x447.jpg 670w, https:\/\/www.mississaugalegalclinic.ca\/wp-content\/uploads\/2024\/01\/waitoneday-163-1024x683-2-30x20.jpg 30w, https:\/\/www.mississaugalegalclinic.ca\/wp-content\/uploads\/2024\/01\/waitoneday-163-1024x683-2-24x16.jpg 24w, https:\/\/www.mississaugalegalclinic.ca\/wp-content\/uploads\/2024\/01\/waitoneday-163-1024x683-2-36x24.jpg 36w, https:\/\/www.mississaugalegalclinic.ca\/wp-content\/uploads\/2024\/01\/waitoneday-163-1024x683-2-48x32.jpg 48w\" sizes=\"auto, (max-width: 1024px) 100vw, 1024px\" \/><\/p>\n<p>Notre personnel est compos\u00e9 d&rsquo;avocats, de parajuristes agr\u00e9\u00e9s, de travailleurs juridiques communautaires, de personnel de soutien et de b\u00e9n\u00e9voles.<\/p>\n<p>Certains membres de notre personnel sont multilingues et peuvent fournir des services dans des langues autres que l&rsquo;anglais. Nous utilisons \u00e9galement des services d&rsquo;interpr\u00e9tation pour nous permettre de servir les clients dans la langue avec laquelle ils sont le plus \u00e0 l&rsquo;aise.<\/p>\n","protected":false},"excerpt":{"rendered":"<p>Notre personnel est compos\u00e9 d&rsquo;avocats, de parajuristes agr\u00e9\u00e9s, de travailleurs juridiques communautaires, de personnel de soutien et de b\u00e9n\u00e9voles.<br \/>\nCertains membres de notre personnel sont multilingues et peuvent fournir des services dans des langues autres que l&rsquo;anglais. Nous utilisons \u00e9galement des services d&rsquo;interpr\u00e9tation pour nous permettre de servir les clients dans la langue avec laquelle ils sont le plus \u00e0 l&rsquo;aise.<\/p>\n","protected":false},"author":2,"featured_media":0,"parent":1397,"menu_order":0,"comment_status":"closed","ping_status":"closed","template":"","meta":{"footnotes":""},"class_list":["post-1404","page","type-page","status-publish","hentry"],"yoast_head":"<!-- This site is optimized with the Yoast SEO plugin v27.0 - https:\/\/yoast.com\/product\/yoast-seo-wordpress\/ -->\n<title>Notre personnel - Mississauga Community Legal Services<\/title>\n<meta name=\"robots\" content=\"index, follow, max-snippet:-1, max-image-preview:large, max-video-preview:-1\" \/>\n<link rel=\"canonical\" href=\"https:\/\/www.mississaugalegalclinic.ca\/fr\/qui-nous-sommes\/notre-personnel\/\" \/>\n<meta property=\"og:locale\" content=\"fr_FR\" \/>\n<meta property=\"og:type\" content=\"article\" \/>\n<meta property=\"og:title\" content=\"Notre personnel - Mississauga Community Legal Services\" \/>\n<meta property=\"og:description\" content=\"Notre personnel est compos\u00e9 d&rsquo;avocats, de parajuristes agr\u00e9\u00e9s, de travailleurs juridiques communautaires, de personnel de soutien et de b\u00e9n\u00e9voles. Certains membres de notre personnel sont multilingues et peuvent fournir des services dans des langues autres que l&rsquo;anglais. Nous utilisons \u00e9galement des services d&rsquo;interpr\u00e9tation pour nous permettre de servir les clients dans la langue avec laquelle ils sont le plus \u00e0 l&rsquo;aise.\" \/>\n<meta property=\"og:url\" content=\"https:\/\/www.mississaugalegalclinic.ca\/fr\/qui-nous-sommes\/notre-personnel\/\" \/>\n<meta property=\"og:site_name\" content=\"Mississauga Community Legal Services\" \/>\n<meta property=\"article:modified_time\" content=\"2024-01-25T20:42:41+00:00\" \/>\n<meta property=\"og:image\" content=\"https:\/\/www.mississaugalegalclinic.ca\/wp-content\/uploads\/2024\/01\/waitoneday-163-1024x683-2.jpg\" \/>\n<meta name=\"twitter:card\" content=\"summary_large_image\" \/>\n<meta name=\"twitter:label1\" content=\"Dur\u00e9e de lecture estim\u00e9e\" \/>\n\t<meta name=\"twitter:data1\" content=\"1 minute\" \/>\n<script type=\"application\/ld+json\" class=\"yoast-schema-graph\">{\"@context\":\"https:\/\/schema.org\",\"@graph\":[{\"@type\":\"WebPage\",\"@id\":\"https:\/\/www.mississaugalegalclinic.ca\/fr\/qui-nous-sommes\/notre-personnel\/\",\"url\":\"https:\/\/www.mississaugalegalclinic.ca\/fr\/qui-nous-sommes\/notre-personnel\/\",\"name\":\"Notre personnel - Mississauga Community Legal Services\",\"isPartOf\":{\"@id\":\"https:\/\/www.mississaugalegalclinic.ca\/#website\"},\"primaryImageOfPage\":{\"@id\":\"https:\/\/www.mississaugalegalclinic.ca\/fr\/qui-nous-sommes\/notre-personnel\/#primaryimage\"},\"image\":{\"@id\":\"https:\/\/www.mississaugalegalclinic.ca\/fr\/qui-nous-sommes\/notre-personnel\/#primaryimage\"},\"thumbnailUrl\":\"https:\/\/www.mississaugalegalclinic.ca\/wp-content\/uploads\/2024\/01\/waitoneday-163-1024x683-2.jpg\",\"datePublished\":\"2022-07-31T11:10:08+00:00\",\"dateModified\":\"2024-01-25T20:42:41+00:00\",\"breadcrumb\":{\"@id\":\"https:\/\/www.mississaugalegalclinic.ca\/fr\/qui-nous-sommes\/notre-personnel\/#breadcrumb\"},\"inLanguage\":\"fr-FR\",\"potentialAction\":[{\"@type\":\"ReadAction\",\"target\":[\"https:\/\/www.mississaugalegalclinic.ca\/fr\/qui-nous-sommes\/notre-personnel\/\"]}]},{\"@type\":\"ImageObject\",\"inLanguage\":\"fr-FR\",\"@id\":\"https:\/\/www.mississaugalegalclinic.ca\/fr\/qui-nous-sommes\/notre-personnel\/#primaryimage\",\"url\":\"https:\/\/www.mississaugalegalclinic.ca\/wp-content\/uploads\/2024\/01\/waitoneday-163-1024x683-2.jpg\",\"contentUrl\":\"https:\/\/www.mississaugalegalclinic.ca\/wp-content\/uploads\/2024\/01\/waitoneday-163-1024x683-2.jpg\"},{\"@type\":\"BreadcrumbList\",\"@id\":\"https:\/\/www.mississaugalegalclinic.ca\/fr\/qui-nous-sommes\/notre-personnel\/#breadcrumb\",\"itemListElement\":[{\"@type\":\"ListItem\",\"position\":1,\"name\":\"Home\",\"item\":\"https:\/\/www.mississaugalegalclinic.ca\/fr\/\"},{\"@type\":\"ListItem\",\"position\":2,\"name\":\"Qui nous sommes\",\"item\":\"https:\/\/www.mississaugalegalclinic.ca\/fr\/qui-nous-sommes\/\"},{\"@type\":\"ListItem\",\"position\":3,\"name\":\"Notre personnel\"}]},{\"@type\":\"WebSite\",\"@id\":\"https:\/\/www.mississaugalegalclinic.ca\/#website\",\"url\":\"https:\/\/www.mississaugalegalclinic.ca\/\",\"name\":\"Mississauga Community Legal Services\",\"description\":\"Free legal services for low income residents of Mississauga\",\"potentialAction\":[{\"@type\":\"SearchAction\",\"target\":{\"@type\":\"EntryPoint\",\"urlTemplate\":\"https:\/\/www.mississaugalegalclinic.ca\/?s={search_term_string}\"},\"query-input\":{\"@type\":\"PropertyValueSpecification\",\"valueRequired\":true,\"valueName\":\"search_term_string\"}}],\"inLanguage\":\"fr-FR\"}]}<\/script>\n<!-- \/ Yoast SEO plugin. -->","yoast_head_json":{"title":"Notre personnel - Mississauga Community Legal Services","robots":{"index":"index","follow":"follow","max-snippet":"max-snippet:-1","max-image-preview":"max-image-preview:large","max-video-preview":"max-video-preview:-1"},"canonical":"https:\/\/www.mississaugalegalclinic.ca\/fr\/qui-nous-sommes\/notre-personnel\/","og_locale":"fr_FR","og_type":"article","og_title":"Notre personnel - Mississauga Community Legal Services","og_description":"Notre personnel est compos\u00e9 d&rsquo;avocats, de parajuristes agr\u00e9\u00e9s, de travailleurs juridiques communautaires, de personnel de soutien et de b\u00e9n\u00e9voles. Certains membres de notre personnel sont multilingues et peuvent fournir des services dans des langues autres que l&rsquo;anglais. Nous utilisons \u00e9galement des services d&rsquo;interpr\u00e9tation pour nous permettre de servir les clients dans la langue avec laquelle ils sont le plus \u00e0 l&rsquo;aise.","og_url":"https:\/\/www.mississaugalegalclinic.ca\/fr\/qui-nous-sommes\/notre-personnel\/","og_site_name":"Mississauga Community Legal Services","article_modified_time":"2024-01-25T20:42:41+00:00","og_image":[{"url":"https:\/\/www.mississaugalegalclinic.ca\/wp-content\/uploads\/2024\/01\/waitoneday-163-1024x683-2.jpg","type":"","width":"","height":""}],"twitter_card":"summary_large_image","twitter_misc":{"Dur\u00e9e de lecture estim\u00e9e":"1 minute"},"schema":{"@context":"https:\/\/schema.org","@graph":[{"@type":"WebPage","@id":"https:\/\/www.mississaugalegalclinic.ca\/fr\/qui-nous-sommes\/notre-personnel\/","url":"https:\/\/www.mississaugalegalclinic.ca\/fr\/qui-nous-sommes\/notre-personnel\/","name":"Notre personnel - Mississauga Community Legal Services","isPartOf":{"@id":"https:\/\/www.mississaugalegalclinic.ca\/#website"},"primaryImageOfPage":{"@id":"https:\/\/www.mississaugalegalclinic.ca\/fr\/qui-nous-sommes\/notre-personnel\/#primaryimage"},"image":{"@id":"https:\/\/www.mississaugalegalclinic.ca\/fr\/qui-nous-sommes\/notre-personnel\/#primaryimage"},"thumbnailUrl":"https:\/\/www.mississaugalegalclinic.ca\/wp-content\/uploads\/2024\/01\/waitoneday-163-1024x683-2.jpg","datePublished":"2022-07-31T11:10:08+00:00","dateModified":"2024-01-25T20:42:41+00:00","breadcrumb":{"@id":"https:\/\/www.mississaugalegalclinic.ca\/fr\/qui-nous-sommes\/notre-personnel\/#breadcrumb"},"inLanguage":"fr-FR","potentialAction":[{"@type":"ReadAction","target":["https:\/\/www.mississaugalegalclinic.ca\/fr\/qui-nous-sommes\/notre-personnel\/"]}]},{"@type":"ImageObject","inLanguage":"fr-FR","@id":"https:\/\/www.mississaugalegalclinic.ca\/fr\/qui-nous-sommes\/notre-personnel\/#primaryimage","url":"https:\/\/www.mississaugalegalclinic.ca\/wp-content\/uploads\/2024\/01\/waitoneday-163-1024x683-2.jpg","contentUrl":"https:\/\/www.mississaugalegalclinic.ca\/wp-content\/uploads\/2024\/01\/waitoneday-163-1024x683-2.jpg"},{"@type":"BreadcrumbList","@id":"https:\/\/www.mississaugalegalclinic.ca\/fr\/qui-nous-sommes\/notre-personnel\/#breadcrumb","itemListElement":[{"@type":"ListItem","position":1,"name":"Home","item":"https:\/\/www.mississaugalegalclinic.ca\/fr\/"},{"@type":"ListItem","position":2,"name":"Qui nous sommes","item":"https:\/\/www.mississaugalegalclinic.ca\/fr\/qui-nous-sommes\/"},{"@type":"ListItem","position":3,"name":"Notre personnel"}]},{"@type":"WebSite","@id":"https:\/\/www.mississaugalegalclinic.ca\/#website","url":"https:\/\/www.mississaugalegalclinic.ca\/","name":"Mississauga Community Legal Services","description":"Free legal services for low income residents of Mississauga","potentialAction":[{"@type":"SearchAction","target":{"@type":"EntryPoint","urlTemplate":"https:\/\/www.mississaugalegalclinic.ca\/?s={search_term_string}"},"query-input":{"@type":"PropertyValueSpecification","valueRequired":true,"valueName":"search_term_string"}}],"inLanguage":"fr-FR"}]}},"_links":{"self":[{"href":"https:\/\/www.mississaugalegalclinic.ca\/fr\/wp-json\/wp\/v2\/pages\/1404","targetHints":{"allow":["GET"]}}],"collection":[{"href":"https:\/\/www.mississaugalegalclinic.ca\/fr\/wp-json\/wp\/v2\/pages"}],"about":[{"href":"https:\/\/www.mississaugalegalclinic.ca\/fr\/wp-json\/wp\/v2\/types\/page"}],"author":[{"embeddable":true,"href":"https:\/\/www.mississaugalegalclinic.ca\/fr\/wp-json\/wp\/v2\/users\/2"}],"replies":[{"embeddable":true,"href":"https:\/\/www.mississaugalegalclinic.ca\/fr\/wp-json\/wp\/v2\/comments?post=1404"}],"version-history":[{"count":2,"href":"https:\/\/www.mississaugalegalclinic.ca\/fr\/wp-json\/wp\/v2\/pages\/1404\/revisions"}],"predecessor-version":[{"id":1664,"href":"https:\/\/www.mississaugalegalclinic.ca\/fr\/wp-json\/wp\/v2\/pages\/1404\/revisions\/1664"}],"up":[{"embeddable":true,"href":"https:\/\/www.mississaugalegalclinic.ca\/fr\/wp-json\/wp\/v2\/pages\/1397"}],"wp:attachment":[{"href":"https:\/\/www.mississaugalegalclinic.ca\/fr\/wp-json\/wp\/v2\/media?parent=1404"}],"curies":[{"name":"wp","href":"https:\/\/api.w.org\/{rel}","templated":true}]}}