{"id":1399,"date":"2022-07-31T07:05:48","date_gmt":"2022-07-31T11:05:48","guid":{"rendered":"https:\/\/mcls.turnbull.co\/?page_id=1399"},"modified":"2022-07-31T07:05:51","modified_gmt":"2022-07-31T11:05:51","slug":"a-propos-de-notre-clinique-juridique","status":"publish","type":"page","link":"https:\/\/www.mississaugalegalclinic.ca\/fr\/qui-nous-sommes\/a-propos-de-notre-clinique-juridique\/","title":{"rendered":"\u00c0 propos de notre clinique juridique"},"content":{"rendered":"\n<p><img loading=\"lazy\" decoding=\"async\" class=\"alignnone size-full wp-image-1084\" src=\"\/wp-content\/uploads\/2019\/08\/justice-and-equality.jpg\" alt=\"\" width=\"1275\" height=\"590\" srcset=\"https:\/\/www.mississaugalegalclinic.ca\/wp-content\/uploads\/2019\/08\/justice-and-equality.jpg 1275w, https:\/\/www.mississaugalegalclinic.ca\/wp-content\/uploads\/2019\/08\/justice-and-equality-300x139.jpg 300w, https:\/\/www.mississaugalegalclinic.ca\/wp-content\/uploads\/2019\/08\/justice-and-equality-768x355.jpg 768w, https:\/\/www.mississaugalegalclinic.ca\/wp-content\/uploads\/2019\/08\/justice-and-equality-1024x474.jpg 1024w, https:\/\/www.mississaugalegalclinic.ca\/wp-content\/uploads\/2019\/08\/justice-and-equality-100x46.jpg 100w, https:\/\/www.mississaugalegalclinic.ca\/wp-content\/uploads\/2019\/08\/justice-and-equality-130x60.jpg 130w, https:\/\/www.mississaugalegalclinic.ca\/wp-content\/uploads\/2019\/08\/justice-and-equality-190x88.jpg 190w, https:\/\/www.mississaugalegalclinic.ca\/wp-content\/uploads\/2019\/08\/justice-and-equality-367x170.jpg 367w, https:\/\/www.mississaugalegalclinic.ca\/wp-content\/uploads\/2019\/08\/justice-and-equality-359x166.jpg 359w, https:\/\/www.mississaugalegalclinic.ca\/wp-content\/uploads\/2019\/08\/justice-and-equality-670x310.jpg 670w, https:\/\/www.mississaugalegalclinic.ca\/wp-content\/uploads\/2019\/08\/justice-and-equality-30x14.jpg 30w, https:\/\/www.mississaugalegalclinic.ca\/wp-content\/uploads\/2019\/08\/justice-and-equality-24x11.jpg 24w, https:\/\/www.mississaugalegalclinic.ca\/wp-content\/uploads\/2019\/08\/justice-and-equality-36x17.jpg 36w, https:\/\/www.mississaugalegalclinic.ca\/wp-content\/uploads\/2019\/08\/justice-and-equality-48x22.jpg 48w\" sizes=\"auto, (max-width: 1275px) 100vw, 1275px\" \/><\/p>\n<p>Nous sommes une clinique juridique communautaire \u00e0 Mississauga, en Ontario. Nous sommes financ\u00e9s par Aide juridique Ontario et dirig\u00e9s par un conseil d&rsquo;administration compos\u00e9 de b\u00e9n\u00e9voles de la communaut\u00e9 de Mississauga.<\/p>\n<p>Nous offrons des services juridiques gratuits aux r\u00e9sidents \u00e0 faible revenu de Mississauga. Nos services comprennent des conseils juridiques, des services brefs, tels que des lettres et une aide aux n\u00e9gociations, et une repr\u00e9sentation devant les tribunaux et les tribunaux administratifs. Nous ne fournissons pas de services dans tous les domaines du droit, car nous nous concentrons sur les domaines du droit qui ont un impact sur les personnes \u00e0 faible revenu et vuln\u00e9rables.<\/p>\n<p>Nous \u00e9duquons les groupes communautaires tels que les organisations de locataires, les agences d&rsquo;\u00e9tablissement, les refuges et les \u00e9coles sur les lois qui touchent les personnes \u00e0 faible revenu et vuln\u00e9rables.<\/p>\n<p>Nous plaidons pour des r\u00e9formes politiques et l\u00e9gislatives qui am\u00e9lioreront la vie de nos r\u00e9sidents les plus vuln\u00e9rables, permettront aux communaut\u00e9s de prosp\u00e9rer et de promouvoir une soci\u00e9t\u00e9 juste et \u00e9galitaire.<\/p>\n","protected":false},"excerpt":{"rendered":"<p>Nous sommes une clinique juridique communautaire \u00e0 Mississauga, en Ontario. Nous sommes financ\u00e9s par Aide juridique Ontario et dirig\u00e9s par un conseil d&rsquo;administration compos\u00e9 de b\u00e9n\u00e9voles de la communaut\u00e9 de Mississauga.<br \/>\nNous offrons des services juridiques gratuits aux r\u00e9sidents \u00e0 faible revenu de Mississauga. Nos services comprennent des conseils juridiques, des services brefs,<\/p>\n","protected":false},"author":2,"featured_media":0,"parent":1397,"menu_order":-9,"comment_status":"closed","ping_status":"closed","template":"","meta":{"footnotes":""},"class_list":["post-1399","page","type-page","status-publish","hentry"],"yoast_head":"<!-- This site is optimized with the Yoast SEO plugin v27.0 - https:\/\/yoast.com\/product\/yoast-seo-wordpress\/ -->\n<title>\u00c0 propos de notre clinique juridique - Mississauga Community Legal Services<\/title>\n<meta name=\"robots\" content=\"index, follow, max-snippet:-1, max-image-preview:large, max-video-preview:-1\" \/>\n<link rel=\"canonical\" href=\"https:\/\/www.mississaugalegalclinic.ca\/fr\/qui-nous-sommes\/a-propos-de-notre-clinique-juridique\/\" \/>\n<meta property=\"og:locale\" content=\"fr_FR\" \/>\n<meta property=\"og:type\" content=\"article\" \/>\n<meta property=\"og:title\" content=\"\u00c0 propos de notre clinique juridique - Mississauga Community Legal Services\" \/>\n<meta property=\"og:description\" content=\"Nous sommes une clinique juridique communautaire \u00e0 Mississauga, en Ontario. Nous sommes financ\u00e9s par Aide juridique Ontario et dirig\u00e9s par un conseil d&rsquo;administration compos\u00e9 de b\u00e9n\u00e9voles de la communaut\u00e9 de Mississauga. Nous offrons des services juridiques gratuits aux r\u00e9sidents \u00e0 faible revenu de Mississauga. Nos services comprennent des conseils juridiques, des services brefs,\" \/>\n<meta property=\"og:url\" content=\"https:\/\/www.mississaugalegalclinic.ca\/fr\/qui-nous-sommes\/a-propos-de-notre-clinique-juridique\/\" \/>\n<meta property=\"og:site_name\" content=\"Mississauga Community Legal Services\" \/>\n<meta property=\"article:modified_time\" content=\"2022-07-31T11:05:51+00:00\" \/>\n<meta name=\"twitter:card\" content=\"summary_large_image\" \/>\n<meta name=\"twitter:label1\" content=\"Dur\u00e9e de lecture estim\u00e9e\" \/>\n\t<meta name=\"twitter:data1\" content=\"1 minute\" \/>\n<script type=\"application\/ld+json\" class=\"yoast-schema-graph\">{\"@context\":\"https:\/\/schema.org\",\"@graph\":[{\"@type\":\"WebPage\",\"@id\":\"https:\/\/www.mississaugalegalclinic.ca\/fr\/qui-nous-sommes\/a-propos-de-notre-clinique-juridique\/\",\"url\":\"https:\/\/www.mississaugalegalclinic.ca\/fr\/qui-nous-sommes\/a-propos-de-notre-clinique-juridique\/\",\"name\":\"\u00c0 propos de notre clinique juridique - Mississauga Community Legal Services\",\"isPartOf\":{\"@id\":\"https:\/\/www.mississaugalegalclinic.ca\/#website\"},\"datePublished\":\"2022-07-31T11:05:48+00:00\",\"dateModified\":\"2022-07-31T11:05:51+00:00\",\"breadcrumb\":{\"@id\":\"https:\/\/www.mississaugalegalclinic.ca\/fr\/qui-nous-sommes\/a-propos-de-notre-clinique-juridique\/#breadcrumb\"},\"inLanguage\":\"fr-FR\",\"potentialAction\":[{\"@type\":\"ReadAction\",\"target\":[\"https:\/\/www.mississaugalegalclinic.ca\/fr\/qui-nous-sommes\/a-propos-de-notre-clinique-juridique\/\"]}]},{\"@type\":\"BreadcrumbList\",\"@id\":\"https:\/\/www.mississaugalegalclinic.ca\/fr\/qui-nous-sommes\/a-propos-de-notre-clinique-juridique\/#breadcrumb\",\"itemListElement\":[{\"@type\":\"ListItem\",\"position\":1,\"name\":\"Home\",\"item\":\"https:\/\/www.mississaugalegalclinic.ca\/fr\/\"},{\"@type\":\"ListItem\",\"position\":2,\"name\":\"Qui nous sommes\",\"item\":\"https:\/\/www.mississaugalegalclinic.ca\/fr\/qui-nous-sommes\/\"},{\"@type\":\"ListItem\",\"position\":3,\"name\":\"\u00c0 propos de notre clinique juridique\"}]},{\"@type\":\"WebSite\",\"@id\":\"https:\/\/www.mississaugalegalclinic.ca\/#website\",\"url\":\"https:\/\/www.mississaugalegalclinic.ca\/\",\"name\":\"Mississauga Community Legal Services\",\"description\":\"Free legal services for low income residents of Mississauga\",\"potentialAction\":[{\"@type\":\"SearchAction\",\"target\":{\"@type\":\"EntryPoint\",\"urlTemplate\":\"https:\/\/www.mississaugalegalclinic.ca\/?s={search_term_string}\"},\"query-input\":{\"@type\":\"PropertyValueSpecification\",\"valueRequired\":true,\"valueName\":\"search_term_string\"}}],\"inLanguage\":\"fr-FR\"}]}<\/script>\n<!-- \/ Yoast SEO plugin. -->","yoast_head_json":{"title":"\u00c0 propos de notre clinique juridique - Mississauga Community Legal Services","robots":{"index":"index","follow":"follow","max-snippet":"max-snippet:-1","max-image-preview":"max-image-preview:large","max-video-preview":"max-video-preview:-1"},"canonical":"https:\/\/www.mississaugalegalclinic.ca\/fr\/qui-nous-sommes\/a-propos-de-notre-clinique-juridique\/","og_locale":"fr_FR","og_type":"article","og_title":"\u00c0 propos de notre clinique juridique - Mississauga Community Legal Services","og_description":"Nous sommes une clinique juridique communautaire \u00e0 Mississauga, en Ontario. Nous sommes financ\u00e9s par Aide juridique Ontario et dirig\u00e9s par un conseil d&rsquo;administration compos\u00e9 de b\u00e9n\u00e9voles de la communaut\u00e9 de Mississauga. Nous offrons des services juridiques gratuits aux r\u00e9sidents \u00e0 faible revenu de Mississauga. Nos services comprennent des conseils juridiques, des services brefs,","og_url":"https:\/\/www.mississaugalegalclinic.ca\/fr\/qui-nous-sommes\/a-propos-de-notre-clinique-juridique\/","og_site_name":"Mississauga Community Legal Services","article_modified_time":"2022-07-31T11:05:51+00:00","twitter_card":"summary_large_image","twitter_misc":{"Dur\u00e9e de lecture estim\u00e9e":"1 minute"},"schema":{"@context":"https:\/\/schema.org","@graph":[{"@type":"WebPage","@id":"https:\/\/www.mississaugalegalclinic.ca\/fr\/qui-nous-sommes\/a-propos-de-notre-clinique-juridique\/","url":"https:\/\/www.mississaugalegalclinic.ca\/fr\/qui-nous-sommes\/a-propos-de-notre-clinique-juridique\/","name":"\u00c0 propos de notre clinique juridique - Mississauga Community Legal Services","isPartOf":{"@id":"https:\/\/www.mississaugalegalclinic.ca\/#website"},"datePublished":"2022-07-31T11:05:48+00:00","dateModified":"2022-07-31T11:05:51+00:00","breadcrumb":{"@id":"https:\/\/www.mississaugalegalclinic.ca\/fr\/qui-nous-sommes\/a-propos-de-notre-clinique-juridique\/#breadcrumb"},"inLanguage":"fr-FR","potentialAction":[{"@type":"ReadAction","target":["https:\/\/www.mississaugalegalclinic.ca\/fr\/qui-nous-sommes\/a-propos-de-notre-clinique-juridique\/"]}]},{"@type":"BreadcrumbList","@id":"https:\/\/www.mississaugalegalclinic.ca\/fr\/qui-nous-sommes\/a-propos-de-notre-clinique-juridique\/#breadcrumb","itemListElement":[{"@type":"ListItem","position":1,"name":"Home","item":"https:\/\/www.mississaugalegalclinic.ca\/fr\/"},{"@type":"ListItem","position":2,"name":"Qui nous sommes","item":"https:\/\/www.mississaugalegalclinic.ca\/fr\/qui-nous-sommes\/"},{"@type":"ListItem","position":3,"name":"\u00c0 propos de notre clinique juridique"}]},{"@type":"WebSite","@id":"https:\/\/www.mississaugalegalclinic.ca\/#website","url":"https:\/\/www.mississaugalegalclinic.ca\/","name":"Mississauga Community Legal Services","description":"Free legal services for low income residents of Mississauga","potentialAction":[{"@type":"SearchAction","target":{"@type":"EntryPoint","urlTemplate":"https:\/\/www.mississaugalegalclinic.ca\/?s={search_term_string}"},"query-input":{"@type":"PropertyValueSpecification","valueRequired":true,"valueName":"search_term_string"}}],"inLanguage":"fr-FR"}]}},"_links":{"self":[{"href":"https:\/\/www.mississaugalegalclinic.ca\/fr\/wp-json\/wp\/v2\/pages\/1399","targetHints":{"allow":["GET"]}}],"collection":[{"href":"https:\/\/www.mississaugalegalclinic.ca\/fr\/wp-json\/wp\/v2\/pages"}],"about":[{"href":"https:\/\/www.mississaugalegalclinic.ca\/fr\/wp-json\/wp\/v2\/types\/page"}],"author":[{"embeddable":true,"href":"https:\/\/www.mississaugalegalclinic.ca\/fr\/wp-json\/wp\/v2\/users\/2"}],"replies":[{"embeddable":true,"href":"https:\/\/www.mississaugalegalclinic.ca\/fr\/wp-json\/wp\/v2\/comments?post=1399"}],"version-history":[{"count":1,"href":"https:\/\/www.mississaugalegalclinic.ca\/fr\/wp-json\/wp\/v2\/pages\/1399\/revisions"}],"predecessor-version":[{"id":1400,"href":"https:\/\/www.mississaugalegalclinic.ca\/fr\/wp-json\/wp\/v2\/pages\/1399\/revisions\/1400"}],"up":[{"embeddable":true,"href":"https:\/\/www.mississaugalegalclinic.ca\/fr\/wp-json\/wp\/v2\/pages\/1397"}],"wp:attachment":[{"href":"https:\/\/www.mississaugalegalclinic.ca\/fr\/wp-json\/wp\/v2\/media?parent=1399"}],"curies":[{"name":"wp","href":"https:\/\/api.w.org\/{rel}","templated":true}]}}